{"id":2466,"date":"2022-04-10T23:28:20","date_gmt":"2022-04-10T21:28:20","guid":{"rendered":"https:\/\/www.stephaneolivier.eu\/?page_id=2466"},"modified":"2022-04-11T12:54:18","modified_gmt":"2022-04-11T10:54:18","slug":"aout-2022-biennale-internationale-de-la-perle","status":"publish","type":"page","link":"https:\/\/www.stephaneolivier.eu\/en\/aout-2022-biennale-internationale-de-la-perle\/","title":{"rendered":"Stourbridge International Glass Bead Biennale (UK)"},"content":{"rendered":"<p class=\" translation-block\">The biennale will take place from 26-29 August 2022 as part of the <a href=\"https:\/\/www.rmlt.org.uk\/Pages\/Default.aspx?CategoryTitle=about-the-biennale&amp;SubsiteTitle=international-festival-of -glass\" target=\"_blank\" rel=\"noreferrer noopener\">International Glass Festival<\/a> in Stourbridge (UK)<\/p>\n\n\n\n<h3>Preselection<\/h3>\n\n\n\n<p><em>Happy to have been selected by the jury composed of Barbara Beadman, Vic Bamforth and Pauline Holt. 3 glass beads made for the occasion will be presented.<\/em><\/p>\n\n\n\n<p>You will find below the list of international glassmakers who will exhibit their glass beads.<\/p>\n\n\n\n<div class=\"wp-block-image is-style-default\"><figure class=\"aligncenter size-large\"><img decoding=\"async\" loading=\"lazy\" width=\"1024\" height=\"414\" src=\"https:\/\/www.stephaneolivier.eu\/wp-content\/uploads\/2022\/04\/Capture-decran-2022-04-10-a-19.19.45-1024x414.png\" alt=\"International Bead Biennale Artist 2022\" class=\"wp-image-2467\" srcset=\"https:\/\/www.stephaneolivier.eu\/wp-content\/uploads\/2022\/04\/Capture-decran-2022-04-10-a-19.19.45-1024x414.png 1024w, https:\/\/www.stephaneolivier.eu\/wp-content\/uploads\/2022\/04\/Capture-decran-2022-04-10-a-19.19.45-300x121.png 300w, https:\/\/www.stephaneolivier.eu\/wp-content\/uploads\/2022\/04\/Capture-decran-2022-04-10-a-19.19.45-768x310.png 768w, https:\/\/www.stephaneolivier.eu\/wp-content\/uploads\/2022\/04\/Capture-decran-2022-04-10-a-19.19.45-1536x621.png 1536w, https:\/\/www.stephaneolivier.eu\/wp-content\/uploads\/2022\/04\/Capture-decran-2022-04-10-a-19.19.45-500x202.png 500w, https:\/\/www.stephaneolivier.eu\/wp-content\/uploads\/2022\/04\/Capture-decran-2022-04-10-a-19.19.45-800x323.png 800w, https:\/\/www.stephaneolivier.eu\/wp-content\/uploads\/2022\/04\/Capture-decran-2022-04-10-a-19.19.45-1280x517.png 1280w, https:\/\/www.stephaneolivier.eu\/wp-content\/uploads\/2022\/04\/Capture-decran-2022-04-10-a-19.19.45-416x168.png 416w, https:\/\/www.stephaneolivier.eu\/wp-content\/uploads\/2022\/04\/Capture-decran-2022-04-10-a-19.19.45.png 1910w\" sizes=\"(max-width: 1024px) 100vw, 1024px\" \/><\/figure><\/div>\n\n\n\n<p class=\" translation-block\"><em>These beads diameter 50mm and width 60mm inspired by corals were made by combining several techniques of glass art such as lampwork, making glass murrines, molding and cold working. <\/em><\/p>\n\n\n\n<p>This work on coral, both animal and mineral, simultaneously represents the fragility and the strength of life. Each bead can be seen as a cell, virus, seed, worm, coral or mineral structure. Recalling the origin of life. It illustrates the competition between organisms. Can both be seen as a \"Potential\" of life, or the \"Degradation\" to dust, death.  <\/p>\n\n\n<div class=\"wp-block-visual-portfolio\">\n<div class=\"vp-portfolio vp-uid-e09e2bb6 vp-id-Hwc9l\"\n    data-vp-layout=\"masonry\" data-vp-content-source=\"images\" data-vp-items-style=\"default\" data-vp-items-click-action=\"url\" data-vp-items-gap=\"15\" data-vp-items-gap-vertical=\"\" data-vp-pagination=\"load-more\" data-vp-next-page-url=\"\" data-vp-masonry-columns=\"3\" >\n    <div class=\"vp-portfolio__preloader-wrap\">\n        <div class=\"vp-portfolio__preloader\">\n            <img decoding=\"async\" loading=\"eager\" src=\"https:\/\/www.stephaneolivier.eu\/wp-content\/plugins\/visual-portfolio\/assets\/images\/logo-dark.svg\" alt=\"Visual Portfolio, Posts &amp; Image Gallery for WordPress\" width=\"20\" height=\"20\" data-skip-lazy>\n        <\/div>\n    <\/div>\n        <div class=\"vp-portfolio__items-wrap\">\n            \n<div class=\"vp-portfolio__items vp-portfolio__items-style-default vp-portfolio__items-show-overlay-hover\">\n\n        <div        class=\"vp-portfolio__item-wrap vp-portfolio__item-uid-99f503e3\" data-vp-filter=\"\"         >\n                                    <figure class=\"vp-portfolio__item\">\n                \n<div class=\"vp-portfolio__item-img-wrap\">\n    <div class=\"vp-portfolio__item-img\">\n            <a\n        href=\"https:\/\/www.stephaneolivier.eu\/wp-content\/uploads\/2022\/04\/2x3_064A5417_Coral-SUGAR_Stephane_OLIVIER.jpg\"\n        target=\"_blank\" rel=\"noopener noreferrer\"     >\n    \n        <img decoding=\"async\" width=\"1024\" height=\"768\" src=\"https:\/\/www.stephaneolivier.eu\/wp-content\/uploads\/2022\/04\/2x3_064A5417_Coral-SUGAR_Stephane_OLIVIER.jpg\" class=\"wp-image-2469\" alt=\"\" loading=\"lazy\" srcset=\"https:\/\/www.stephaneolivier.eu\/wp-content\/uploads\/2022\/04\/2x3_064A5417_Coral-SUGAR_Stephane_OLIVIER.jpg 1024w, https:\/\/www.stephaneolivier.eu\/wp-content\/uploads\/2022\/04\/2x3_064A5417_Coral-SUGAR_Stephane_OLIVIER-300x225.jpg 300w, https:\/\/www.stephaneolivier.eu\/wp-content\/uploads\/2022\/04\/2x3_064A5417_Coral-SUGAR_Stephane_OLIVIER-768x576.jpg 768w, https:\/\/www.stephaneolivier.eu\/wp-content\/uploads\/2022\/04\/2x3_064A5417_Coral-SUGAR_Stephane_OLIVIER-500x375.jpg 500w, https:\/\/www.stephaneolivier.eu\/wp-content\/uploads\/2022\/04\/2x3_064A5417_Coral-SUGAR_Stephane_OLIVIER-800x600.jpg 800w, https:\/\/www.stephaneolivier.eu\/wp-content\/uploads\/2022\/04\/2x3_064A5417_Coral-SUGAR_Stephane_OLIVIER-416x312.jpg 416w\" sizes=\"(max-width: 1024px) 100vw, 1024px\" \/>\n        <div class=\"vp-portfolio__item-overlay\">\n                    <\/div>\n\n        <\/a>    <\/div>\n<\/div>\n\n<figcaption class=\"vp-portfolio__item-caption vp-portfolio__item-caption-text-align-center\">\n            <div class=\"vp-portfolio__item-meta\">\n            \n<h2 class=\"vp-portfolio__item-meta-title\">\n        <a\n        href=\"https:\/\/www.stephaneolivier.eu\/wp-content\/uploads\/2022\/04\/2x3_064A5417_Coral-SUGAR_Stephane_OLIVIER.jpg\"\n        target=\"_blank\" rel=\"noopener noreferrer\"     >\n    Coral  SUGAR<\/a><\/h2>\n        <\/div>\n    <\/figcaption>\n            <\/figure>\n                    <\/div>\n        \n        <div        class=\"vp-portfolio__item-wrap vp-portfolio__item-uid-b3559320\" data-vp-filter=\"\"         >\n                                    <figure class=\"vp-portfolio__item\">\n                \n<div class=\"vp-portfolio__item-img-wrap\">\n    <div class=\"vp-portfolio__item-img\">\n            <a\n        href=\"https:\/\/www.stephaneolivier.eu\/wp-content\/uploads\/2022\/04\/2x3_064A5455_Coral-STICKS_Stephane_OLIVIER.jpg\"\n        target=\"_blank\" rel=\"noopener noreferrer\"     >\n    \n        <img decoding=\"async\" width=\"1024\" height=\"768\" src=\"https:\/\/www.stephaneolivier.eu\/wp-content\/uploads\/2022\/04\/2x3_064A5455_Coral-STICKS_Stephane_OLIVIER.jpg\" class=\"wp-image-2471\" alt=\"\" loading=\"lazy\" srcset=\"https:\/\/www.stephaneolivier.eu\/wp-content\/uploads\/2022\/04\/2x3_064A5455_Coral-STICKS_Stephane_OLIVIER.jpg 1024w, https:\/\/www.stephaneolivier.eu\/wp-content\/uploads\/2022\/04\/2x3_064A5455_Coral-STICKS_Stephane_OLIVIER-300x225.jpg 300w, https:\/\/www.stephaneolivier.eu\/wp-content\/uploads\/2022\/04\/2x3_064A5455_Coral-STICKS_Stephane_OLIVIER-768x576.jpg 768w, https:\/\/www.stephaneolivier.eu\/wp-content\/uploads\/2022\/04\/2x3_064A5455_Coral-STICKS_Stephane_OLIVIER-500x375.jpg 500w, https:\/\/www.stephaneolivier.eu\/wp-content\/uploads\/2022\/04\/2x3_064A5455_Coral-STICKS_Stephane_OLIVIER-800x600.jpg 800w, https:\/\/www.stephaneolivier.eu\/wp-content\/uploads\/2022\/04\/2x3_064A5455_Coral-STICKS_Stephane_OLIVIER-416x312.jpg 416w\" sizes=\"(max-width: 1024px) 100vw, 1024px\" \/>\n        <div class=\"vp-portfolio__item-overlay\">\n                    <\/div>\n\n        <\/a>    <\/div>\n<\/div>\n\n<figcaption class=\"vp-portfolio__item-caption vp-portfolio__item-caption-text-align-center\">\n            <div class=\"vp-portfolio__item-meta\">\n            \n<h2 class=\"vp-portfolio__item-meta-title\">\n        <a\n        href=\"https:\/\/www.stephaneolivier.eu\/wp-content\/uploads\/2022\/04\/2x3_064A5455_Coral-STICKS_Stephane_OLIVIER.jpg\"\n        target=\"_blank\" rel=\"noopener noreferrer\"     >\n    Coral STICKS<\/a><\/h2>\n        <\/div>\n    <\/figcaption>\n            <\/figure>\n                    <\/div>\n        \n        <div        class=\"vp-portfolio__item-wrap vp-portfolio__item-uid-83f2d966\" data-vp-filter=\"\"         >\n                                    <figure class=\"vp-portfolio__item\">\n                \n<div class=\"vp-portfolio__item-img-wrap\">\n    <div class=\"vp-portfolio__item-img\">\n            <a\n        href=\"https:\/\/www.stephaneolivier.eu\/wp-content\/uploads\/2022\/04\/2x3_064A5443_Coral-SNAILS_Stephane_OLIVIER.jpg\"\n        target=\"_blank\" rel=\"noopener noreferrer\"     >\n    \n        <img decoding=\"async\" width=\"1024\" height=\"768\" src=\"https:\/\/www.stephaneolivier.eu\/wp-content\/uploads\/2022\/04\/2x3_064A5443_Coral-SNAILS_Stephane_OLIVIER.jpg\" class=\"wp-image-2470\" alt=\"\" loading=\"lazy\" srcset=\"https:\/\/www.stephaneolivier.eu\/wp-content\/uploads\/2022\/04\/2x3_064A5443_Coral-SNAILS_Stephane_OLIVIER.jpg 1024w, https:\/\/www.stephaneolivier.eu\/wp-content\/uploads\/2022\/04\/2x3_064A5443_Coral-SNAILS_Stephane_OLIVIER-300x225.jpg 300w, https:\/\/www.stephaneolivier.eu\/wp-content\/uploads\/2022\/04\/2x3_064A5443_Coral-SNAILS_Stephane_OLIVIER-768x576.jpg 768w, https:\/\/www.stephaneolivier.eu\/wp-content\/uploads\/2022\/04\/2x3_064A5443_Coral-SNAILS_Stephane_OLIVIER-500x375.jpg 500w, https:\/\/www.stephaneolivier.eu\/wp-content\/uploads\/2022\/04\/2x3_064A5443_Coral-SNAILS_Stephane_OLIVIER-800x600.jpg 800w, https:\/\/www.stephaneolivier.eu\/wp-content\/uploads\/2022\/04\/2x3_064A5443_Coral-SNAILS_Stephane_OLIVIER-416x312.jpg 416w\" sizes=\"(max-width: 1024px) 100vw, 1024px\" \/>\n        <div class=\"vp-portfolio__item-overlay\">\n                    <\/div>\n\n        <\/a>    <\/div>\n<\/div>\n\n<figcaption class=\"vp-portfolio__item-caption vp-portfolio__item-caption-text-align-center\">\n            <div class=\"vp-portfolio__item-meta\">\n            \n<h2 class=\"vp-portfolio__item-meta-title\">\n        <a\n        href=\"https:\/\/www.stephaneolivier.eu\/wp-content\/uploads\/2022\/04\/2x3_064A5443_Coral-SNAILS_Stephane_OLIVIER.jpg\"\n        target=\"_blank\" rel=\"noopener noreferrer\"     >\n    Coral SNAILS<\/a><\/h2>\n        <\/div>\n    <\/figcaption>\n            <\/figure>\n                    <\/div>\n        \n<\/div>\n        <\/div>\n        \n<\/div>\n<\/div>\n\n\n<hr class=\"wp-block-separator has-text-color has-background has-black-background-color has-black-color is-style-wide\"\/>\n\n\n\n<p><\/p>","protected":false},"excerpt":{"rendered":"<p>La biennale se d\u00e9roulera du 26 au 29 ao\u00fbt 2022 dans le cadre du Festival International du Verre de Stourbridge (UK) Pr\u00e9s\u00e9lection Heureux d&rsquo;avoir \u00e9t\u00e9 s\u00e9lectionn\u00e9 par le jury compos\u00e9 de Barbara Beadman, Vic Bamforth et Pauline Holt pour pouvoir pr\u00e9senter 3 perles de verre r\u00e9alis\u00e9e pour l&rsquo;occasion. Vous trouverez ci-dessous la liste des verrier [&hellip;]<\/p>","protected":false},"author":1,"featured_media":0,"parent":0,"menu_order":0,"comment_status":"closed","ping_status":"closed","template":"","meta":{"_mi_skip_tracking":false,"_monsterinsights_sitenote_active":false,"_monsterinsights_sitenote_note":"","_monsterinsights_sitenote_category":0,"_vp_format_video_url":"","_vp_image_focal_point":[]},"yoast_head":"<!-- This site is optimized with the Yoast SEO plugin v20.12 - https:\/\/yoast.com\/wordpress\/plugins\/seo\/ -->\n<title>Biennale Internationale de la perle de verre de Stourbridge (UK) -<\/title>\n<meta name=\"robots\" content=\"index, follow, max-snippet:-1, max-image-preview:large, max-video-preview:-1\" \/>\n<link rel=\"canonical\" href=\"https:\/\/www.stephaneolivier.eu\/en\/aout-2022-biennale-internationale-de-la-perle\/\" \/>\n<meta property=\"og:locale\" content=\"en_US\" \/>\n<meta property=\"og:type\" content=\"article\" \/>\n<meta property=\"og:title\" content=\"Biennale Internationale de la perle de verre de Stourbridge (UK) -\" \/>\n<meta property=\"og:description\" content=\"La biennale se d\u00e9roulera du 26 au 29 ao\u00fbt 2022 dans le cadre du Festival International du Verre de Stourbridge (UK) Pr\u00e9s\u00e9lection Heureux d&rsquo;avoir \u00e9t\u00e9 s\u00e9lectionn\u00e9 par le jury compos\u00e9 de Barbara Beadman, Vic Bamforth et Pauline Holt pour pouvoir pr\u00e9senter 3 perles de verre r\u00e9alis\u00e9e pour l&rsquo;occasion. Vous trouverez ci-dessous la liste des verrier [&hellip;]\" \/>\n<meta property=\"og:url\" content=\"https:\/\/www.stephaneolivier.eu\/en\/aout-2022-biennale-internationale-de-la-perle\/\" \/>\n<meta property=\"og:site_name\" content=\"St\u00e9phane OLIVIER\" \/>\n<meta property=\"article:modified_time\" content=\"2022-04-11T10:54:18+00:00\" \/>\n<meta property=\"og:image\" content=\"https:\/\/www.stephaneolivier.eu\/wp-content\/uploads\/2022\/04\/Capture-decran-2022-04-10-a-19.19.45-1024x414.png\" \/>\n<meta name=\"twitter:card\" content=\"summary_large_image\" \/>\n<meta name=\"twitter:label1\" content=\"Est. reading time\" \/>\n\t<meta name=\"twitter:data1\" content=\"2 minutes\" \/>\n<script type=\"application\/ld+json\" class=\"yoast-schema-graph\">{\"@context\":\"https:\/\/schema.org\",\"@graph\":[{\"@type\":\"WebPage\",\"@id\":\"https:\/\/www.stephaneolivier.eu\/aout-2022-biennale-internationale-de-la-perle\/\",\"url\":\"https:\/\/www.stephaneolivier.eu\/aout-2022-biennale-internationale-de-la-perle\/\",\"name\":\"Biennale Internationale de la perle de verre de Stourbridge (UK) -\",\"isPartOf\":{\"@id\":\"https:\/\/www.stephaneolivier.eu\/#website\"},\"datePublished\":\"2022-04-10T21:28:20+00:00\",\"dateModified\":\"2022-04-11T10:54:18+00:00\",\"breadcrumb\":{\"@id\":\"https:\/\/www.stephaneolivier.eu\/aout-2022-biennale-internationale-de-la-perle\/#breadcrumb\"},\"inLanguage\":\"en-US\",\"potentialAction\":[{\"@type\":\"ReadAction\",\"target\":[\"https:\/\/www.stephaneolivier.eu\/aout-2022-biennale-internationale-de-la-perle\/\"]}]},{\"@type\":\"BreadcrumbList\",\"@id\":\"https:\/\/www.stephaneolivier.eu\/aout-2022-biennale-internationale-de-la-perle\/#breadcrumb\",\"itemListElement\":[{\"@type\":\"ListItem\",\"position\":1,\"name\":\"Accueil\",\"item\":\"https:\/\/www.stephaneolivier.eu\/\"},{\"@type\":\"ListItem\",\"position\":2,\"name\":\"Biennale Internationale de la perle de verre de Stourbridge (UK)\"}]},{\"@type\":\"WebSite\",\"@id\":\"https:\/\/www.stephaneolivier.eu\/#website\",\"url\":\"https:\/\/www.stephaneolivier.eu\/\",\"name\":\"St\u00e9phane OLIVIER Glass Jewelry\",\"description\":\"Artisanat d&#039;art - Bijoux en verre et argent\",\"publisher\":{\"@id\":\"https:\/\/www.stephaneolivier.eu\/#organization\"},\"potentialAction\":[{\"@type\":\"SearchAction\",\"target\":{\"@type\":\"EntryPoint\",\"urlTemplate\":\"https:\/\/www.stephaneolivier.eu\/?s={search_term_string}\"},\"query-input\":\"required name=search_term_string\"}],\"inLanguage\":\"en-US\"},{\"@type\":\"Organization\",\"@id\":\"https:\/\/www.stephaneolivier.eu\/#organization\",\"name\":\"St\u00e9phane OLIVIER\",\"url\":\"https:\/\/www.stephaneolivier.eu\/\",\"logo\":{\"@type\":\"ImageObject\",\"inLanguage\":\"en-US\",\"@id\":\"https:\/\/www.stephaneolivier.eu\/#\/schema\/logo\/image\/\",\"url\":\"https:\/\/www.stephaneolivier.eu\/wp-content\/uploads\/2020\/03\/1x1_IMG_2591_Stendhal-1_Stephane_OLIVIER.jpg\",\"contentUrl\":\"https:\/\/www.stephaneolivier.eu\/wp-content\/uploads\/2020\/03\/1x1_IMG_2591_Stendhal-1_Stephane_OLIVIER.jpg\",\"width\":1024,\"height\":1024,\"caption\":\"St\u00e9phane OLIVIER\"},\"image\":{\"@id\":\"https:\/\/www.stephaneolivier.eu\/#\/schema\/logo\/image\/\"},\"sameAs\":[\"https:\/\/www.instagram.com\/stephane_olivier_beads\/\",\"https:\/\/www.pinterest.fr\/stphaneo\/\"]}]}<\/script>\n<!-- \/ Yoast SEO plugin. -->","yoast_head_json":{"title":"Biennale Internationale de la perle de verre de Stourbridge (UK) -","robots":{"index":"index","follow":"follow","max-snippet":"max-snippet:-1","max-image-preview":"max-image-preview:large","max-video-preview":"max-video-preview:-1"},"canonical":"https:\/\/www.stephaneolivier.eu\/en\/aout-2022-biennale-internationale-de-la-perle\/","og_locale":"en_US","og_type":"article","og_title":"Biennale Internationale de la perle de verre de Stourbridge (UK) -","og_description":"La biennale se d\u00e9roulera du 26 au 29 ao\u00fbt 2022 dans le cadre du Festival International du Verre de Stourbridge (UK) Pr\u00e9s\u00e9lection Heureux d&rsquo;avoir \u00e9t\u00e9 s\u00e9lectionn\u00e9 par le jury compos\u00e9 de Barbara Beadman, Vic Bamforth et Pauline Holt pour pouvoir pr\u00e9senter 3 perles de verre r\u00e9alis\u00e9e pour l&rsquo;occasion. Vous trouverez ci-dessous la liste des verrier [&hellip;]","og_url":"https:\/\/www.stephaneolivier.eu\/en\/aout-2022-biennale-internationale-de-la-perle\/","og_site_name":"St\u00e9phane OLIVIER","article_modified_time":"2022-04-11T10:54:18+00:00","og_image":[{"url":"https:\/\/www.stephaneolivier.eu\/wp-content\/uploads\/2022\/04\/Capture-decran-2022-04-10-a-19.19.45-1024x414.png"}],"twitter_card":"summary_large_image","twitter_misc":{"Est. reading time":"2 minutes"},"schema":{"@context":"https:\/\/schema.org","@graph":[{"@type":"WebPage","@id":"https:\/\/www.stephaneolivier.eu\/aout-2022-biennale-internationale-de-la-perle\/","url":"https:\/\/www.stephaneolivier.eu\/aout-2022-biennale-internationale-de-la-perle\/","name":"Biennale Internationale de la perle de verre de Stourbridge (UK) -","isPartOf":{"@id":"https:\/\/www.stephaneolivier.eu\/#website"},"datePublished":"2022-04-10T21:28:20+00:00","dateModified":"2022-04-11T10:54:18+00:00","breadcrumb":{"@id":"https:\/\/www.stephaneolivier.eu\/aout-2022-biennale-internationale-de-la-perle\/#breadcrumb"},"inLanguage":"en-US","potentialAction":[{"@type":"ReadAction","target":["https:\/\/www.stephaneolivier.eu\/aout-2022-biennale-internationale-de-la-perle\/"]}]},{"@type":"BreadcrumbList","@id":"https:\/\/www.stephaneolivier.eu\/aout-2022-biennale-internationale-de-la-perle\/#breadcrumb","itemListElement":[{"@type":"ListItem","position":1,"name":"Accueil","item":"https:\/\/www.stephaneolivier.eu\/"},{"@type":"ListItem","position":2,"name":"Biennale Internationale de la perle de verre de Stourbridge (UK)"}]},{"@type":"WebSite","@id":"https:\/\/www.stephaneolivier.eu\/#website","url":"https:\/\/www.stephaneolivier.eu\/","name":"St\u00e9phane OLIVIER Glass Jewelry","description":"Artisanat d&#039;art - Bijoux en verre et argent","publisher":{"@id":"https:\/\/www.stephaneolivier.eu\/#organization"},"potentialAction":[{"@type":"SearchAction","target":{"@type":"EntryPoint","urlTemplate":"https:\/\/www.stephaneolivier.eu\/?s={search_term_string}"},"query-input":"required name=search_term_string"}],"inLanguage":"en-US"},{"@type":"Organization","@id":"https:\/\/www.stephaneolivier.eu\/#organization","name":"St\u00e9phane OLIVIER","url":"https:\/\/www.stephaneolivier.eu\/","logo":{"@type":"ImageObject","inLanguage":"en-US","@id":"https:\/\/www.stephaneolivier.eu\/#\/schema\/logo\/image\/","url":"https:\/\/www.stephaneolivier.eu\/wp-content\/uploads\/2020\/03\/1x1_IMG_2591_Stendhal-1_Stephane_OLIVIER.jpg","contentUrl":"https:\/\/www.stephaneolivier.eu\/wp-content\/uploads\/2020\/03\/1x1_IMG_2591_Stendhal-1_Stephane_OLIVIER.jpg","width":1024,"height":1024,"caption":"St\u00e9phane OLIVIER"},"image":{"@id":"https:\/\/www.stephaneolivier.eu\/#\/schema\/logo\/image\/"},"sameAs":["https:\/\/www.instagram.com\/stephane_olivier_beads\/","https:\/\/www.pinterest.fr\/stphaneo\/"]}]}},"_links":{"self":[{"href":"https:\/\/www.stephaneolivier.eu\/en\/wp-json\/wp\/v2\/pages\/2466"}],"collection":[{"href":"https:\/\/www.stephaneolivier.eu\/en\/wp-json\/wp\/v2\/pages"}],"about":[{"href":"https:\/\/www.stephaneolivier.eu\/en\/wp-json\/wp\/v2\/types\/page"}],"author":[{"embeddable":true,"href":"https:\/\/www.stephaneolivier.eu\/en\/wp-json\/wp\/v2\/users\/1"}],"replies":[{"embeddable":true,"href":"https:\/\/www.stephaneolivier.eu\/en\/wp-json\/wp\/v2\/comments?post=2466"}],"version-history":[{"count":6,"href":"https:\/\/www.stephaneolivier.eu\/en\/wp-json\/wp\/v2\/pages\/2466\/revisions"}],"predecessor-version":[{"id":2491,"href":"https:\/\/www.stephaneolivier.eu\/en\/wp-json\/wp\/v2\/pages\/2466\/revisions\/2491"}],"wp:attachment":[{"href":"https:\/\/www.stephaneolivier.eu\/en\/wp-json\/wp\/v2\/media?parent=2466"}],"curies":[{"name":"wp","href":"https:\/\/api.w.org\/{rel}","templated":true}]}}