{"id":2538,"date":"2022-04-12T15:07:47","date_gmt":"2022-04-12T13:07:47","guid":{"rendered":"https:\/\/www.stephaneolivier.eu\/?page_id=2538"},"modified":"2022-04-12T15:11:50","modified_gmt":"2022-04-12T13:11:50","slug":"blob","status":"publish","type":"page","link":"https:\/\/www.stephaneolivier.eu\/en\/blob\/","title":{"rendered":"Blob"},"content":{"rendered":"<h2>Murano glass jewelry <\/h2>\n\n\n\n<h2 class=\"has-medium-font-size\">Perles souffl\u00e9es color\u00e8es transparentes de forme elliptique<\/h2>\n\n\n\n<h4><a href=\"https:\/\/www.stephaneolivier.eu\/en\/product-tag\/blob\/\">See availability and prices<\/a><\/h4>\n\n\n<div class=\"wp-block-visual-portfolio\">\n<div class=\"vp-portfolio vp-uid-73f8a913 vp-id-Zoxinl\"\n    data-vp-layout=\"masonry\" data-vp-content-source=\"images\" data-vp-items-style=\"fade\" data-vp-items-click-action=\"popup_gallery\" data-vp-items-gap=\"15\" data-vp-items-gap-vertical=\"\" data-vp-pagination=\"load-more\" data-vp-next-page-url=\"\" data-vp-masonry-columns=\"3\" >\n    <div class=\"vp-portfolio__preloader-wrap\">\n        <div class=\"vp-portfolio__preloader\">\n            <img decoding=\"async\" loading=\"eager\" src=\"https:\/\/www.stephaneolivier.eu\/wp-content\/plugins\/visual-portfolio\/assets\/images\/logo-dark.svg\" alt=\"Visual Portfolio, Posts &amp; Image Gallery for WordPress\" width=\"20\" height=\"20\" data-skip-lazy>\n        <\/div>\n    <\/div>\n        <div class=\"vp-portfolio__items-wrap\">\n            \n<div class=\"vp-portfolio__items vp-portfolio__items-style-fade vp-portfolio__items-show-overlay-hover\">\n\n        <div        class=\"vp-portfolio__item-wrap vp-portfolio__item-uid-d3ddb3f2\" data-vp-filter=\"\"         >\n            <template class=\"vp-portfolio__item-popup\" style=\"display: none\" data-vp-popup-img=\"https:\/\/www.stephaneolivier.eu\/wp-content\/uploads\/2022\/04\/1x1_IMG_9672_Blob-1_Stephane_OLIVIER.jpg\" data-vp-popup-img-srcset=\"https:\/\/www.stephaneolivier.eu\/wp-content\/uploads\/2022\/04\/1x1_IMG_9672_Blob-1_Stephane_OLIVIER.jpg 1024w, https:\/\/www.stephaneolivier.eu\/wp-content\/uploads\/2022\/04\/1x1_IMG_9672_Blob-1_Stephane_OLIVIER-300x300.jpg 300w, https:\/\/www.stephaneolivier.eu\/wp-content\/uploads\/2022\/04\/1x1_IMG_9672_Blob-1_Stephane_OLIVIER-150x150.jpg 150w, https:\/\/www.stephaneolivier.eu\/wp-content\/uploads\/2022\/04\/1x1_IMG_9672_Blob-1_Stephane_OLIVIER-768x768.jpg 768w, https:\/\/www.stephaneolivier.eu\/wp-content\/uploads\/2022\/04\/1x1_IMG_9672_Blob-1_Stephane_OLIVIER-500x500.jpg 500w, https:\/\/www.stephaneolivier.eu\/wp-content\/uploads\/2022\/04\/1x1_IMG_9672_Blob-1_Stephane_OLIVIER-800x800.jpg 800w, https:\/\/www.stephaneolivier.eu\/wp-content\/uploads\/2022\/04\/1x1_IMG_9672_Blob-1_Stephane_OLIVIER-324x324.jpg 324w, https:\/\/www.stephaneolivier.eu\/wp-content\/uploads\/2022\/04\/1x1_IMG_9672_Blob-1_Stephane_OLIVIER-416x416.jpg 416w, https:\/\/www.stephaneolivier.eu\/wp-content\/uploads\/2022\/04\/1x1_IMG_9672_Blob-1_Stephane_OLIVIER-100x100.jpg 100w\" data-vp-popup-img-size=\"1024x1024\" data-vp-popup-md-img=\"https:\/\/www.stephaneolivier.eu\/wp-content\/uploads\/2022\/04\/1x1_IMG_9672_Blob-1_Stephane_OLIVIER-800x800.jpg\" data-vp-popup-md-img-size=\"800x800\" data-vp-popup-sm-img=\"https:\/\/www.stephaneolivier.eu\/wp-content\/uploads\/2022\/04\/1x1_IMG_9672_Blob-1_Stephane_OLIVIER-500x500.jpg\" data-vp-popup-sm-img-size=\"500x500\">\n            <h3 class=\"vp-portfolio__item-popup-title\">Blob-1<\/h3>\n        <\/template>\n                        <figure class=\"vp-portfolio__item\">\n                \n<div class=\"vp-portfolio__item-img-wrap\">\n    <div class=\"vp-portfolio__item-img\">\n            <a\n        href=\"https:\/\/www.stephaneolivier.eu\/wp-content\/uploads\/2022\/04\/1x1_IMG_9672_Blob-1_Stephane_OLIVIER.jpg\"\n            >\n    \n        <img decoding=\"async\" width=\"1024\" height=\"1024\" src=\"https:\/\/www.stephaneolivier.eu\/wp-content\/uploads\/2022\/04\/1x1_IMG_9672_Blob-1_Stephane_OLIVIER.jpg\" class=\"wp-image-2540\" alt=\"\" loading=\"lazy\" srcset=\"https:\/\/www.stephaneolivier.eu\/wp-content\/uploads\/2022\/04\/1x1_IMG_9672_Blob-1_Stephane_OLIVIER.jpg 1024w, https:\/\/www.stephaneolivier.eu\/wp-content\/uploads\/2022\/04\/1x1_IMG_9672_Blob-1_Stephane_OLIVIER-300x300.jpg 300w, https:\/\/www.stephaneolivier.eu\/wp-content\/uploads\/2022\/04\/1x1_IMG_9672_Blob-1_Stephane_OLIVIER-150x150.jpg 150w, https:\/\/www.stephaneolivier.eu\/wp-content\/uploads\/2022\/04\/1x1_IMG_9672_Blob-1_Stephane_OLIVIER-768x768.jpg 768w, https:\/\/www.stephaneolivier.eu\/wp-content\/uploads\/2022\/04\/1x1_IMG_9672_Blob-1_Stephane_OLIVIER-500x500.jpg 500w, https:\/\/www.stephaneolivier.eu\/wp-content\/uploads\/2022\/04\/1x1_IMG_9672_Blob-1_Stephane_OLIVIER-800x800.jpg 800w, https:\/\/www.stephaneolivier.eu\/wp-content\/uploads\/2022\/04\/1x1_IMG_9672_Blob-1_Stephane_OLIVIER-324x324.jpg 324w, https:\/\/www.stephaneolivier.eu\/wp-content\/uploads\/2022\/04\/1x1_IMG_9672_Blob-1_Stephane_OLIVIER-416x416.jpg 416w, https:\/\/www.stephaneolivier.eu\/wp-content\/uploads\/2022\/04\/1x1_IMG_9672_Blob-1_Stephane_OLIVIER-100x100.jpg 100w\" sizes=\"(max-width: 1024px) 100vw, 1024px\" \/>\n        <\/a>    <\/div>\n<\/div>\n\n<figcaption class=\"vp-portfolio__item-overlay vp-portfolio__item-overlay-text-align-center\">\n    <div class=\"vp-portfolio__item-meta-wrap vp-portfolio__custom-scrollbar\">\n            <a\n        href=\"https:\/\/www.stephaneolivier.eu\/wp-content\/uploads\/2022\/04\/1x1_IMG_9672_Blob-1_Stephane_OLIVIER.jpg\"\n        tabindex=\"-1\" class=\"vp-portfolio__item-meta\"     >\n    \n        \n<h2 class=\"vp-portfolio__item-meta-title\">\n    Blob-1<\/h2>\n\n        <\/a>    <\/div>\n<\/figcaption>\n            <\/figure>\n                    <\/div>\n        \n        <div        class=\"vp-portfolio__item-wrap vp-portfolio__item-uid-d820b421\" data-vp-filter=\"\"         >\n            <template class=\"vp-portfolio__item-popup\" style=\"display: none\" data-vp-popup-img=\"https:\/\/www.stephaneolivier.eu\/wp-content\/uploads\/2022\/04\/1x1_IMG_0785_Blob-1_Stephane_OLIVIER.jpg\" data-vp-popup-img-srcset=\"https:\/\/www.stephaneolivier.eu\/wp-content\/uploads\/2022\/04\/1x1_IMG_0785_Blob-1_Stephane_OLIVIER.jpg 1024w, https:\/\/www.stephaneolivier.eu\/wp-content\/uploads\/2022\/04\/1x1_IMG_0785_Blob-1_Stephane_OLIVIER-300x300.jpg 300w, https:\/\/www.stephaneolivier.eu\/wp-content\/uploads\/2022\/04\/1x1_IMG_0785_Blob-1_Stephane_OLIVIER-150x150.jpg 150w, https:\/\/www.stephaneolivier.eu\/wp-content\/uploads\/2022\/04\/1x1_IMG_0785_Blob-1_Stephane_OLIVIER-768x768.jpg 768w, https:\/\/www.stephaneolivier.eu\/wp-content\/uploads\/2022\/04\/1x1_IMG_0785_Blob-1_Stephane_OLIVIER-500x500.jpg 500w, https:\/\/www.stephaneolivier.eu\/wp-content\/uploads\/2022\/04\/1x1_IMG_0785_Blob-1_Stephane_OLIVIER-800x800.jpg 800w, https:\/\/www.stephaneolivier.eu\/wp-content\/uploads\/2022\/04\/1x1_IMG_0785_Blob-1_Stephane_OLIVIER-324x324.jpg 324w, https:\/\/www.stephaneolivier.eu\/wp-content\/uploads\/2022\/04\/1x1_IMG_0785_Blob-1_Stephane_OLIVIER-416x416.jpg 416w, https:\/\/www.stephaneolivier.eu\/wp-content\/uploads\/2022\/04\/1x1_IMG_0785_Blob-1_Stephane_OLIVIER-100x100.jpg 100w\" data-vp-popup-img-size=\"1024x1024\" data-vp-popup-md-img=\"https:\/\/www.stephaneolivier.eu\/wp-content\/uploads\/2022\/04\/1x1_IMG_0785_Blob-1_Stephane_OLIVIER-800x800.jpg\" data-vp-popup-md-img-size=\"800x800\" data-vp-popup-sm-img=\"https:\/\/www.stephaneolivier.eu\/wp-content\/uploads\/2022\/04\/1x1_IMG_0785_Blob-1_Stephane_OLIVIER-500x500.jpg\" data-vp-popup-sm-img-size=\"500x500\">\n            <h3 class=\"vp-portfolio__item-popup-title\">Blob-1<\/h3>\n        <\/template>\n                        <figure class=\"vp-portfolio__item\">\n                \n<div class=\"vp-portfolio__item-img-wrap\">\n    <div class=\"vp-portfolio__item-img\">\n            <a\n        href=\"https:\/\/www.stephaneolivier.eu\/wp-content\/uploads\/2022\/04\/1x1_IMG_0785_Blob-1_Stephane_OLIVIER.jpg\"\n            >\n    \n        <img decoding=\"async\" width=\"1024\" height=\"1024\" src=\"https:\/\/www.stephaneolivier.eu\/wp-content\/uploads\/2022\/04\/1x1_IMG_0785_Blob-1_Stephane_OLIVIER.jpg\" class=\"wp-image-2539\" alt=\"\" loading=\"lazy\" srcset=\"https:\/\/www.stephaneolivier.eu\/wp-content\/uploads\/2022\/04\/1x1_IMG_0785_Blob-1_Stephane_OLIVIER.jpg 1024w, https:\/\/www.stephaneolivier.eu\/wp-content\/uploads\/2022\/04\/1x1_IMG_0785_Blob-1_Stephane_OLIVIER-300x300.jpg 300w, https:\/\/www.stephaneolivier.eu\/wp-content\/uploads\/2022\/04\/1x1_IMG_0785_Blob-1_Stephane_OLIVIER-150x150.jpg 150w, https:\/\/www.stephaneolivier.eu\/wp-content\/uploads\/2022\/04\/1x1_IMG_0785_Blob-1_Stephane_OLIVIER-768x768.jpg 768w, https:\/\/www.stephaneolivier.eu\/wp-content\/uploads\/2022\/04\/1x1_IMG_0785_Blob-1_Stephane_OLIVIER-500x500.jpg 500w, https:\/\/www.stephaneolivier.eu\/wp-content\/uploads\/2022\/04\/1x1_IMG_0785_Blob-1_Stephane_OLIVIER-800x800.jpg 800w, https:\/\/www.stephaneolivier.eu\/wp-content\/uploads\/2022\/04\/1x1_IMG_0785_Blob-1_Stephane_OLIVIER-324x324.jpg 324w, https:\/\/www.stephaneolivier.eu\/wp-content\/uploads\/2022\/04\/1x1_IMG_0785_Blob-1_Stephane_OLIVIER-416x416.jpg 416w, https:\/\/www.stephaneolivier.eu\/wp-content\/uploads\/2022\/04\/1x1_IMG_0785_Blob-1_Stephane_OLIVIER-100x100.jpg 100w\" sizes=\"(max-width: 1024px) 100vw, 1024px\" \/>\n        <\/a>    <\/div>\n<\/div>\n\n<figcaption class=\"vp-portfolio__item-overlay vp-portfolio__item-overlay-text-align-center\">\n    <div class=\"vp-portfolio__item-meta-wrap vp-portfolio__custom-scrollbar\">\n            <a\n        href=\"https:\/\/www.stephaneolivier.eu\/wp-content\/uploads\/2022\/04\/1x1_IMG_0785_Blob-1_Stephane_OLIVIER.jpg\"\n        tabindex=\"-1\" class=\"vp-portfolio__item-meta\"     >\n    \n        \n<h2 class=\"vp-portfolio__item-meta-title\">\n    Blob-1<\/h2>\n\n        <\/a>    <\/div>\n<\/figcaption>\n            <\/figure>\n                    <\/div>\n        \n<\/div>\n        <\/div>\n        \n<\/div>\n<\/div>\n\n\n<div style=\"height:30px\" aria-hidden=\"true\" class=\"wp-block-spacer\"><\/div>\n\n\n\n<figure class=\"wp-block-image size-full\"><img decoding=\"async\" loading=\"lazy\" width=\"1024\" height=\"1024\" src=\"https:\/\/www.stephaneolivier.eu\/wp-content\/uploads\/2022\/04\/1x1_IMG_0785_Blob-1_Stephane_OLIVIER.jpg\" alt=\"\" class=\"wp-image-2539\" srcset=\"https:\/\/www.stephaneolivier.eu\/wp-content\/uploads\/2022\/04\/1x1_IMG_0785_Blob-1_Stephane_OLIVIER.jpg 1024w, https:\/\/www.stephaneolivier.eu\/wp-content\/uploads\/2022\/04\/1x1_IMG_0785_Blob-1_Stephane_OLIVIER-300x300.jpg 300w, https:\/\/www.stephaneolivier.eu\/wp-content\/uploads\/2022\/04\/1x1_IMG_0785_Blob-1_Stephane_OLIVIER-150x150.jpg 150w, https:\/\/www.stephaneolivier.eu\/wp-content\/uploads\/2022\/04\/1x1_IMG_0785_Blob-1_Stephane_OLIVIER-768x768.jpg 768w, https:\/\/www.stephaneolivier.eu\/wp-content\/uploads\/2022\/04\/1x1_IMG_0785_Blob-1_Stephane_OLIVIER-500x500.jpg 500w, https:\/\/www.stephaneolivier.eu\/wp-content\/uploads\/2022\/04\/1x1_IMG_0785_Blob-1_Stephane_OLIVIER-800x800.jpg 800w, https:\/\/www.stephaneolivier.eu\/wp-content\/uploads\/2022\/04\/1x1_IMG_0785_Blob-1_Stephane_OLIVIER-324x324.jpg 324w, https:\/\/www.stephaneolivier.eu\/wp-content\/uploads\/2022\/04\/1x1_IMG_0785_Blob-1_Stephane_OLIVIER-416x416.jpg 416w, https:\/\/www.stephaneolivier.eu\/wp-content\/uploads\/2022\/04\/1x1_IMG_0785_Blob-1_Stephane_OLIVIER-100x100.jpg 100w\" sizes=\"(max-width: 1024px) 100vw, 1024px\" \/><\/figure>\n\n\n\n<div style=\"height:30px\" aria-hidden=\"true\" class=\"wp-block-spacer\"><\/div>\n\n\n\n<div style=\"height:30px\" aria-hidden=\"true\" class=\"wp-block-spacer\"><\/div>\n\n\n\n<hr class=\"wp-block-separator has-text-color has-background has-cyan-bluish-gray-background-color has-cyan-bluish-gray-color is-style-wide\"\/>\n\n\n\n<p class=\"has-text-align-center\">Unique pieces, made from glass rods fused with a blowtorch <br>All of our beads have been annealed to ensure the removal of internal stresses.<\/p>\n\n\n\n<hr class=\"wp-block-separator has-text-color has-background has-cyan-bluish-gray-background-color has-cyan-bluish-gray-color is-style-wide\"\/>","protected":false},"excerpt":{"rendered":"<p>Bijoux en verre de Murano Perles souffl\u00e9es color\u00e8es transparentes de forme elliptique Voir disponibilit\u00e9s et prix Pi\u00e8ces uniques, r\u00e9alis\u00e9es \u00e0 partir de baguettes de verre fusionn\u00e9es au chalumeau. Toutes nos pi\u00e8ces ont \u00e9t\u00e9 recuites pour assurer la suppression des tensions internes.<\/p>","protected":false},"author":1,"featured_media":0,"parent":0,"menu_order":0,"comment_status":"closed","ping_status":"closed","template":"","meta":{"_mi_skip_tracking":false,"_monsterinsights_sitenote_active":false,"_monsterinsights_sitenote_note":"","_monsterinsights_sitenote_category":0,"_vp_format_video_url":"","_vp_image_focal_point":[]},"yoast_head":"<!-- This site is optimized with the Yoast SEO plugin v20.12 - https:\/\/yoast.com\/wordpress\/plugins\/seo\/ -->\n<title>Blob - St\u00e9phane OLIVIER<\/title>\n<meta name=\"robots\" content=\"index, follow, max-snippet:-1, max-image-preview:large, max-video-preview:-1\" \/>\n<link rel=\"canonical\" href=\"https:\/\/www.stephaneolivier.eu\/en\/blob\/\" \/>\n<meta property=\"og:locale\" content=\"en_US\" \/>\n<meta property=\"og:type\" content=\"article\" \/>\n<meta property=\"og:title\" content=\"Blob - St\u00e9phane OLIVIER\" \/>\n<meta property=\"og:description\" content=\"Bijoux en verre de Murano Perles souffl\u00e9es color\u00e8es transparentes de forme elliptique Voir disponibilit\u00e9s et prix Pi\u00e8ces uniques, r\u00e9alis\u00e9es \u00e0 partir de baguettes de verre fusionn\u00e9es au chalumeau. Toutes nos pi\u00e8ces ont \u00e9t\u00e9 recuites pour assurer la suppression des tensions internes.\" \/>\n<meta property=\"og:url\" content=\"https:\/\/www.stephaneolivier.eu\/en\/blob\/\" \/>\n<meta property=\"og:site_name\" content=\"St\u00e9phane OLIVIER\" \/>\n<meta property=\"article:modified_time\" content=\"2022-04-12T13:11:50+00:00\" \/>\n<meta property=\"og:image\" content=\"https:\/\/www.stephaneolivier.eu\/wp-content\/uploads\/2022\/04\/1x1_IMG_0785_Blob-1_Stephane_OLIVIER.jpg\" \/>\n<meta name=\"twitter:card\" content=\"summary_large_image\" \/>\n<meta name=\"twitter:label1\" content=\"Est. reading time\" \/>\n\t<meta name=\"twitter:data1\" content=\"1 minute\" \/>\n<script type=\"application\/ld+json\" class=\"yoast-schema-graph\">{\"@context\":\"https:\/\/schema.org\",\"@graph\":[{\"@type\":\"WebPage\",\"@id\":\"https:\/\/www.stephaneolivier.eu\/blob\/\",\"url\":\"https:\/\/www.stephaneolivier.eu\/blob\/\",\"name\":\"Blob - St\u00e9phane OLIVIER\",\"isPartOf\":{\"@id\":\"https:\/\/www.stephaneolivier.eu\/#website\"},\"datePublished\":\"2022-04-12T13:07:47+00:00\",\"dateModified\":\"2022-04-12T13:11:50+00:00\",\"breadcrumb\":{\"@id\":\"https:\/\/www.stephaneolivier.eu\/blob\/#breadcrumb\"},\"inLanguage\":\"en-US\",\"potentialAction\":[{\"@type\":\"ReadAction\",\"target\":[\"https:\/\/www.stephaneolivier.eu\/blob\/\"]}]},{\"@type\":\"BreadcrumbList\",\"@id\":\"https:\/\/www.stephaneolivier.eu\/blob\/#breadcrumb\",\"itemListElement\":[{\"@type\":\"ListItem\",\"position\":1,\"name\":\"Accueil\",\"item\":\"https:\/\/www.stephaneolivier.eu\/\"},{\"@type\":\"ListItem\",\"position\":2,\"name\":\"Blob\"}]},{\"@type\":\"WebSite\",\"@id\":\"https:\/\/www.stephaneolivier.eu\/#website\",\"url\":\"https:\/\/www.stephaneolivier.eu\/\",\"name\":\"St\u00e9phane OLIVIER Glass Jewelry\",\"description\":\"Artisanat d&#039;art - Bijoux en verre et argent\",\"publisher\":{\"@id\":\"https:\/\/www.stephaneolivier.eu\/#organization\"},\"potentialAction\":[{\"@type\":\"SearchAction\",\"target\":{\"@type\":\"EntryPoint\",\"urlTemplate\":\"https:\/\/www.stephaneolivier.eu\/?s={search_term_string}\"},\"query-input\":\"required name=search_term_string\"}],\"inLanguage\":\"en-US\"},{\"@type\":\"Organization\",\"@id\":\"https:\/\/www.stephaneolivier.eu\/#organization\",\"name\":\"St\u00e9phane OLIVIER\",\"url\":\"https:\/\/www.stephaneolivier.eu\/\",\"logo\":{\"@type\":\"ImageObject\",\"inLanguage\":\"en-US\",\"@id\":\"https:\/\/www.stephaneolivier.eu\/#\/schema\/logo\/image\/\",\"url\":\"https:\/\/www.stephaneolivier.eu\/wp-content\/uploads\/2020\/03\/1x1_IMG_2591_Stendhal-1_Stephane_OLIVIER.jpg\",\"contentUrl\":\"https:\/\/www.stephaneolivier.eu\/wp-content\/uploads\/2020\/03\/1x1_IMG_2591_Stendhal-1_Stephane_OLIVIER.jpg\",\"width\":1024,\"height\":1024,\"caption\":\"St\u00e9phane OLIVIER\"},\"image\":{\"@id\":\"https:\/\/www.stephaneolivier.eu\/#\/schema\/logo\/image\/\"},\"sameAs\":[\"https:\/\/www.instagram.com\/stephane_olivier_beads\/\",\"https:\/\/www.pinterest.fr\/stphaneo\/\"]}]}<\/script>\n<!-- \/ Yoast SEO plugin. -->","yoast_head_json":{"title":"Blob - St\u00e9phane OLIVIER","robots":{"index":"index","follow":"follow","max-snippet":"max-snippet:-1","max-image-preview":"max-image-preview:large","max-video-preview":"max-video-preview:-1"},"canonical":"https:\/\/www.stephaneolivier.eu\/en\/blob\/","og_locale":"en_US","og_type":"article","og_title":"Blob - St\u00e9phane OLIVIER","og_description":"Bijoux en verre de Murano Perles souffl\u00e9es color\u00e8es transparentes de forme elliptique Voir disponibilit\u00e9s et prix Pi\u00e8ces uniques, r\u00e9alis\u00e9es \u00e0 partir de baguettes de verre fusionn\u00e9es au chalumeau. Toutes nos pi\u00e8ces ont \u00e9t\u00e9 recuites pour assurer la suppression des tensions internes.","og_url":"https:\/\/www.stephaneolivier.eu\/en\/blob\/","og_site_name":"St\u00e9phane OLIVIER","article_modified_time":"2022-04-12T13:11:50+00:00","og_image":[{"url":"https:\/\/www.stephaneolivier.eu\/wp-content\/uploads\/2022\/04\/1x1_IMG_0785_Blob-1_Stephane_OLIVIER.jpg"}],"twitter_card":"summary_large_image","twitter_misc":{"Est. reading time":"1 minute"},"schema":{"@context":"https:\/\/schema.org","@graph":[{"@type":"WebPage","@id":"https:\/\/www.stephaneolivier.eu\/blob\/","url":"https:\/\/www.stephaneolivier.eu\/blob\/","name":"Blob - St\u00e9phane OLIVIER","isPartOf":{"@id":"https:\/\/www.stephaneolivier.eu\/#website"},"datePublished":"2022-04-12T13:07:47+00:00","dateModified":"2022-04-12T13:11:50+00:00","breadcrumb":{"@id":"https:\/\/www.stephaneolivier.eu\/blob\/#breadcrumb"},"inLanguage":"en-US","potentialAction":[{"@type":"ReadAction","target":["https:\/\/www.stephaneolivier.eu\/blob\/"]}]},{"@type":"BreadcrumbList","@id":"https:\/\/www.stephaneolivier.eu\/blob\/#breadcrumb","itemListElement":[{"@type":"ListItem","position":1,"name":"Accueil","item":"https:\/\/www.stephaneolivier.eu\/"},{"@type":"ListItem","position":2,"name":"Blob"}]},{"@type":"WebSite","@id":"https:\/\/www.stephaneolivier.eu\/#website","url":"https:\/\/www.stephaneolivier.eu\/","name":"St\u00e9phane OLIVIER Glass Jewelry","description":"Artisanat d&#039;art - Bijoux en verre et argent","publisher":{"@id":"https:\/\/www.stephaneolivier.eu\/#organization"},"potentialAction":[{"@type":"SearchAction","target":{"@type":"EntryPoint","urlTemplate":"https:\/\/www.stephaneolivier.eu\/?s={search_term_string}"},"query-input":"required name=search_term_string"}],"inLanguage":"en-US"},{"@type":"Organization","@id":"https:\/\/www.stephaneolivier.eu\/#organization","name":"St\u00e9phane OLIVIER","url":"https:\/\/www.stephaneolivier.eu\/","logo":{"@type":"ImageObject","inLanguage":"en-US","@id":"https:\/\/www.stephaneolivier.eu\/#\/schema\/logo\/image\/","url":"https:\/\/www.stephaneolivier.eu\/wp-content\/uploads\/2020\/03\/1x1_IMG_2591_Stendhal-1_Stephane_OLIVIER.jpg","contentUrl":"https:\/\/www.stephaneolivier.eu\/wp-content\/uploads\/2020\/03\/1x1_IMG_2591_Stendhal-1_Stephane_OLIVIER.jpg","width":1024,"height":1024,"caption":"St\u00e9phane OLIVIER"},"image":{"@id":"https:\/\/www.stephaneolivier.eu\/#\/schema\/logo\/image\/"},"sameAs":["https:\/\/www.instagram.com\/stephane_olivier_beads\/","https:\/\/www.pinterest.fr\/stphaneo\/"]}]}},"_links":{"self":[{"href":"https:\/\/www.stephaneolivier.eu\/en\/wp-json\/wp\/v2\/pages\/2538"}],"collection":[{"href":"https:\/\/www.stephaneolivier.eu\/en\/wp-json\/wp\/v2\/pages"}],"about":[{"href":"https:\/\/www.stephaneolivier.eu\/en\/wp-json\/wp\/v2\/types\/page"}],"author":[{"embeddable":true,"href":"https:\/\/www.stephaneolivier.eu\/en\/wp-json\/wp\/v2\/users\/1"}],"replies":[{"embeddable":true,"href":"https:\/\/www.stephaneolivier.eu\/en\/wp-json\/wp\/v2\/comments?post=2538"}],"version-history":[{"count":3,"href":"https:\/\/www.stephaneolivier.eu\/en\/wp-json\/wp\/v2\/pages\/2538\/revisions"}],"predecessor-version":[{"id":2545,"href":"https:\/\/www.stephaneolivier.eu\/en\/wp-json\/wp\/v2\/pages\/2538\/revisions\/2545"}],"wp:attachment":[{"href":"https:\/\/www.stephaneolivier.eu\/en\/wp-json\/wp\/v2\/media?parent=2538"}],"curies":[{"name":"wp","href":"https:\/\/api.w.org\/{rel}","templated":true}]}}