{"id":2611,"date":"2022-04-12T18:26:25","date_gmt":"2022-04-12T16:26:25","guid":{"rendered":"https:\/\/www.stephaneolivier.eu\/?page_id=2611"},"modified":"2024-11-06T14:38:57","modified_gmt":"2024-11-06T13:38:57","slug":"sworm","status":"publish","type":"page","link":"https:\/\/www.stephaneolivier.eu\/en\/sworm\/","title":{"rendered":"Sworm"},"content":{"rendered":"<h2>Twisted glass murrine mounted in earrings<\/h2>\n\n\n\n<h2 class=\"has-medium-font-size\">925 silver findings.<\/h2>\n\n\n<div class=\"wp-block-visual-portfolio\">\n<div class=\"vp-portfolio vp-uid-2149d370 vp-id-Z2wEnT7\"\n    data-vp-layout=\"masonry\" data-vp-content-source=\"images\" data-vp-items-style=\"fly\" data-vp-items-click-action=\"popup_gallery\" data-vp-items-gap=\"15\" data-vp-items-gap-vertical=\"\" data-vp-pagination=\"load-more\" data-vp-next-page-url=\"\" data-vp-masonry-columns=\"3\" >\n    <div class=\"vp-portfolio__preloader-wrap\">\n        <div class=\"vp-portfolio__preloader\">\n            <img decoding=\"async\" loading=\"eager\" src=\"https:\/\/www.stephaneolivier.eu\/wp-content\/plugins\/visual-portfolio\/assets\/images\/logo-dark.svg\" alt=\"Visual Portfolio, Posts &amp; Image Gallery for WordPress\" width=\"20\" height=\"20\" data-skip-lazy>\n        <\/div>\n    <\/div>\n        <div class=\"vp-portfolio__items-wrap\">\n            \n<div class=\"vp-portfolio__items vp-portfolio__items-style-fly vp-portfolio__items-show-overlay-hover\">\n\n        <div        class=\"vp-portfolio__item-wrap vp-portfolio__item-uid-acecf9ee\" data-vp-filter=\"\"         >\n            <template class=\"vp-portfolio__item-popup\" style=\"display: none\" data-vp-popup-img=\"https:\/\/www.stephaneolivier.eu\/wp-content\/uploads\/2022\/04\/1x1_IMG_2620_Sworm-1_Stephane_OLIVIER.jpg\" data-vp-popup-img-srcset=\"https:\/\/www.stephaneolivier.eu\/wp-content\/uploads\/2022\/04\/1x1_IMG_2620_Sworm-1_Stephane_OLIVIER.jpg 1024w, https:\/\/www.stephaneolivier.eu\/wp-content\/uploads\/2022\/04\/1x1_IMG_2620_Sworm-1_Stephane_OLIVIER-300x150.jpg 300w, https:\/\/www.stephaneolivier.eu\/wp-content\/uploads\/2022\/04\/1x1_IMG_2620_Sworm-1_Stephane_OLIVIER-768x384.jpg 768w, https:\/\/www.stephaneolivier.eu\/wp-content\/uploads\/2022\/04\/1x1_IMG_2620_Sworm-1_Stephane_OLIVIER-500x250.jpg 500w, https:\/\/www.stephaneolivier.eu\/wp-content\/uploads\/2022\/04\/1x1_IMG_2620_Sworm-1_Stephane_OLIVIER-800x400.jpg 800w, https:\/\/www.stephaneolivier.eu\/wp-content\/uploads\/2022\/04\/1x1_IMG_2620_Sworm-1_Stephane_OLIVIER-416x208.jpg 416w\" data-vp-popup-img-size=\"1024x512\" data-vp-popup-md-img=\"https:\/\/www.stephaneolivier.eu\/wp-content\/uploads\/2022\/04\/1x1_IMG_2620_Sworm-1_Stephane_OLIVIER-800x400.jpg\" data-vp-popup-md-img-size=\"800x400\" data-vp-popup-sm-img=\"https:\/\/www.stephaneolivier.eu\/wp-content\/uploads\/2022\/04\/1x1_IMG_2620_Sworm-1_Stephane_OLIVIER-500x250.jpg\" data-vp-popup-sm-img-size=\"500x250\">\n            <h3 class=\"vp-portfolio__item-popup-title\">Sworm-1<\/h3>\n        <\/template>\n                        <figure class=\"vp-portfolio__item\">\n                \n<div class=\"vp-portfolio__item-img-wrap\">\n    <div class=\"vp-portfolio__item-img\">\n            <a\n        href=\"https:\/\/www.stephaneolivier.eu\/wp-content\/uploads\/2022\/04\/1x1_IMG_2620_Sworm-1_Stephane_OLIVIER.jpg\"\n            >\n    \n        <img decoding=\"async\" width=\"1024\" height=\"512\" src=\"https:\/\/www.stephaneolivier.eu\/wp-content\/uploads\/2022\/04\/1x1_IMG_2620_Sworm-1_Stephane_OLIVIER.jpg\" class=\"wp-image-2610\" alt=\"\" loading=\"lazy\" srcset=\"https:\/\/www.stephaneolivier.eu\/wp-content\/uploads\/2022\/04\/1x1_IMG_2620_Sworm-1_Stephane_OLIVIER.jpg 1024w, https:\/\/www.stephaneolivier.eu\/wp-content\/uploads\/2022\/04\/1x1_IMG_2620_Sworm-1_Stephane_OLIVIER-300x150.jpg 300w, https:\/\/www.stephaneolivier.eu\/wp-content\/uploads\/2022\/04\/1x1_IMG_2620_Sworm-1_Stephane_OLIVIER-768x384.jpg 768w, https:\/\/www.stephaneolivier.eu\/wp-content\/uploads\/2022\/04\/1x1_IMG_2620_Sworm-1_Stephane_OLIVIER-500x250.jpg 500w, https:\/\/www.stephaneolivier.eu\/wp-content\/uploads\/2022\/04\/1x1_IMG_2620_Sworm-1_Stephane_OLIVIER-800x400.jpg 800w, https:\/\/www.stephaneolivier.eu\/wp-content\/uploads\/2022\/04\/1x1_IMG_2620_Sworm-1_Stephane_OLIVIER-416x208.jpg 416w\" sizes=\"(max-width: 1024px) 100vw, 1024px\" \/>\n        <\/a>    <\/div>\n<\/div>\n\n<figcaption class=\"vp-portfolio__item-overlay vp-portfolio__item-overlay-text-align-center\">\n    <div class=\"vp-portfolio__item-meta-wrap vp-portfolio__custom-scrollbar\">\n            <a\n        href=\"https:\/\/www.stephaneolivier.eu\/wp-content\/uploads\/2022\/04\/1x1_IMG_2620_Sworm-1_Stephane_OLIVIER.jpg\"\n        tabindex=\"-1\" class=\"vp-portfolio__item-meta\"     >\n    \n        \n<h2 class=\"vp-portfolio__item-meta-title\">\n    Sworm-1<\/h2>\n\n        <\/a>    <\/div>\n<\/figcaption>\n            <\/figure>\n                    <\/div>\n        \n        <div        class=\"vp-portfolio__item-wrap vp-portfolio__item-uid-f14b59bb\" data-vp-filter=\"\"         >\n            <template class=\"vp-portfolio__item-popup\" style=\"display: none\" data-vp-popup-img=\"https:\/\/www.stephaneolivier.eu\/wp-content\/uploads\/2022\/04\/1x1_IMG_2620_Sworm-1_Stephane_OLIVIER-2.jpg\" data-vp-popup-img-srcset=\"https:\/\/www.stephaneolivier.eu\/wp-content\/uploads\/2022\/04\/1x1_IMG_2620_Sworm-1_Stephane_OLIVIER-2.jpg 1024w, https:\/\/www.stephaneolivier.eu\/wp-content\/uploads\/2022\/04\/1x1_IMG_2620_Sworm-1_Stephane_OLIVIER-2-300x300.jpg 300w, https:\/\/www.stephaneolivier.eu\/wp-content\/uploads\/2022\/04\/1x1_IMG_2620_Sworm-1_Stephane_OLIVIER-2-150x150.jpg 150w, https:\/\/www.stephaneolivier.eu\/wp-content\/uploads\/2022\/04\/1x1_IMG_2620_Sworm-1_Stephane_OLIVIER-2-768x768.jpg 768w, https:\/\/www.stephaneolivier.eu\/wp-content\/uploads\/2022\/04\/1x1_IMG_2620_Sworm-1_Stephane_OLIVIER-2-500x500.jpg 500w, https:\/\/www.stephaneolivier.eu\/wp-content\/uploads\/2022\/04\/1x1_IMG_2620_Sworm-1_Stephane_OLIVIER-2-800x800.jpg 800w, https:\/\/www.stephaneolivier.eu\/wp-content\/uploads\/2022\/04\/1x1_IMG_2620_Sworm-1_Stephane_OLIVIER-2-324x324.jpg 324w, https:\/\/www.stephaneolivier.eu\/wp-content\/uploads\/2022\/04\/1x1_IMG_2620_Sworm-1_Stephane_OLIVIER-2-416x416.jpg 416w, https:\/\/www.stephaneolivier.eu\/wp-content\/uploads\/2022\/04\/1x1_IMG_2620_Sworm-1_Stephane_OLIVIER-2-100x100.jpg 100w\" data-vp-popup-img-size=\"1024x1024\" data-vp-popup-md-img=\"https:\/\/www.stephaneolivier.eu\/wp-content\/uploads\/2022\/04\/1x1_IMG_2620_Sworm-1_Stephane_OLIVIER-2-800x800.jpg\" data-vp-popup-md-img-size=\"800x800\" data-vp-popup-sm-img=\"https:\/\/www.stephaneolivier.eu\/wp-content\/uploads\/2022\/04\/1x1_IMG_2620_Sworm-1_Stephane_OLIVIER-2-500x500.jpg\" data-vp-popup-sm-img-size=\"500x500\">\n            <h3 class=\"vp-portfolio__item-popup-title\">Sworm-1<\/h3>\n        <\/template>\n                        <figure class=\"vp-portfolio__item\">\n                \n<div class=\"vp-portfolio__item-img-wrap\">\n    <div class=\"vp-portfolio__item-img\">\n            <a\n        href=\"https:\/\/www.stephaneolivier.eu\/wp-content\/uploads\/2022\/04\/1x1_IMG_2620_Sworm-1_Stephane_OLIVIER-2.jpg\"\n            >\n    \n        <img decoding=\"async\" width=\"1024\" height=\"1024\" src=\"https:\/\/www.stephaneolivier.eu\/wp-content\/uploads\/2022\/04\/1x1_IMG_2620_Sworm-1_Stephane_OLIVIER-2.jpg\" class=\"wp-image-2609\" alt=\"\" loading=\"lazy\" srcset=\"https:\/\/www.stephaneolivier.eu\/wp-content\/uploads\/2022\/04\/1x1_IMG_2620_Sworm-1_Stephane_OLIVIER-2.jpg 1024w, https:\/\/www.stephaneolivier.eu\/wp-content\/uploads\/2022\/04\/1x1_IMG_2620_Sworm-1_Stephane_OLIVIER-2-300x300.jpg 300w, https:\/\/www.stephaneolivier.eu\/wp-content\/uploads\/2022\/04\/1x1_IMG_2620_Sworm-1_Stephane_OLIVIER-2-150x150.jpg 150w, https:\/\/www.stephaneolivier.eu\/wp-content\/uploads\/2022\/04\/1x1_IMG_2620_Sworm-1_Stephane_OLIVIER-2-768x768.jpg 768w, https:\/\/www.stephaneolivier.eu\/wp-content\/uploads\/2022\/04\/1x1_IMG_2620_Sworm-1_Stephane_OLIVIER-2-500x500.jpg 500w, https:\/\/www.stephaneolivier.eu\/wp-content\/uploads\/2022\/04\/1x1_IMG_2620_Sworm-1_Stephane_OLIVIER-2-800x800.jpg 800w, https:\/\/www.stephaneolivier.eu\/wp-content\/uploads\/2022\/04\/1x1_IMG_2620_Sworm-1_Stephane_OLIVIER-2-324x324.jpg 324w, https:\/\/www.stephaneolivier.eu\/wp-content\/uploads\/2022\/04\/1x1_IMG_2620_Sworm-1_Stephane_OLIVIER-2-416x416.jpg 416w, https:\/\/www.stephaneolivier.eu\/wp-content\/uploads\/2022\/04\/1x1_IMG_2620_Sworm-1_Stephane_OLIVIER-2-100x100.jpg 100w\" sizes=\"(max-width: 1024px) 100vw, 1024px\" \/>\n        <\/a>    <\/div>\n<\/div>\n\n<figcaption class=\"vp-portfolio__item-overlay vp-portfolio__item-overlay-text-align-center\">\n    <div class=\"vp-portfolio__item-meta-wrap vp-portfolio__custom-scrollbar\">\n            <a\n        href=\"https:\/\/www.stephaneolivier.eu\/wp-content\/uploads\/2022\/04\/1x1_IMG_2620_Sworm-1_Stephane_OLIVIER-2.jpg\"\n        tabindex=\"-1\" class=\"vp-portfolio__item-meta\"     >\n    \n        \n<h2 class=\"vp-portfolio__item-meta-title\">\n    Sworm-1<\/h2>\n\n        <\/a>    <\/div>\n<\/figcaption>\n            <\/figure>\n                    <\/div>\n        \n        <div        class=\"vp-portfolio__item-wrap vp-portfolio__item-uid-c1ec13fd\" data-vp-filter=\"\"         >\n            <template class=\"vp-portfolio__item-popup\" style=\"display: none\" data-vp-popup-img=\"https:\/\/www.stephaneolivier.eu\/wp-content\/uploads\/2022\/04\/1x1_IMG_2617_Sworm-1_Stephane_OLIVIER.jpg\" data-vp-popup-img-srcset=\"https:\/\/www.stephaneolivier.eu\/wp-content\/uploads\/2022\/04\/1x1_IMG_2617_Sworm-1_Stephane_OLIVIER.jpg 1024w, https:\/\/www.stephaneolivier.eu\/wp-content\/uploads\/2022\/04\/1x1_IMG_2617_Sworm-1_Stephane_OLIVIER-300x300.jpg 300w, https:\/\/www.stephaneolivier.eu\/wp-content\/uploads\/2022\/04\/1x1_IMG_2617_Sworm-1_Stephane_OLIVIER-150x150.jpg 150w, https:\/\/www.stephaneolivier.eu\/wp-content\/uploads\/2022\/04\/1x1_IMG_2617_Sworm-1_Stephane_OLIVIER-768x768.jpg 768w, https:\/\/www.stephaneolivier.eu\/wp-content\/uploads\/2022\/04\/1x1_IMG_2617_Sworm-1_Stephane_OLIVIER-500x500.jpg 500w, https:\/\/www.stephaneolivier.eu\/wp-content\/uploads\/2022\/04\/1x1_IMG_2617_Sworm-1_Stephane_OLIVIER-800x800.jpg 800w, https:\/\/www.stephaneolivier.eu\/wp-content\/uploads\/2022\/04\/1x1_IMG_2617_Sworm-1_Stephane_OLIVIER-324x324.jpg 324w, https:\/\/www.stephaneolivier.eu\/wp-content\/uploads\/2022\/04\/1x1_IMG_2617_Sworm-1_Stephane_OLIVIER-416x416.jpg 416w, https:\/\/www.stephaneolivier.eu\/wp-content\/uploads\/2022\/04\/1x1_IMG_2617_Sworm-1_Stephane_OLIVIER-100x100.jpg 100w\" data-vp-popup-img-size=\"1024x1024\" data-vp-popup-md-img=\"https:\/\/www.stephaneolivier.eu\/wp-content\/uploads\/2022\/04\/1x1_IMG_2617_Sworm-1_Stephane_OLIVIER-800x800.jpg\" data-vp-popup-md-img-size=\"800x800\" data-vp-popup-sm-img=\"https:\/\/www.stephaneolivier.eu\/wp-content\/uploads\/2022\/04\/1x1_IMG_2617_Sworm-1_Stephane_OLIVIER-500x500.jpg\" data-vp-popup-sm-img-size=\"500x500\">\n            <h3 class=\"vp-portfolio__item-popup-title\">Sworm-1<\/h3>\n        <\/template>\n                        <figure class=\"vp-portfolio__item\">\n                \n<div class=\"vp-portfolio__item-img-wrap\">\n    <div class=\"vp-portfolio__item-img\">\n            <a\n        href=\"https:\/\/www.stephaneolivier.eu\/wp-content\/uploads\/2022\/04\/1x1_IMG_2617_Sworm-1_Stephane_OLIVIER.jpg\"\n            >\n    \n        <img decoding=\"async\" width=\"1024\" height=\"1024\" src=\"https:\/\/www.stephaneolivier.eu\/wp-content\/uploads\/2022\/04\/1x1_IMG_2617_Sworm-1_Stephane_OLIVIER.jpg\" class=\"wp-image-2608\" alt=\"\" loading=\"lazy\" srcset=\"https:\/\/www.stephaneolivier.eu\/wp-content\/uploads\/2022\/04\/1x1_IMG_2617_Sworm-1_Stephane_OLIVIER.jpg 1024w, https:\/\/www.stephaneolivier.eu\/wp-content\/uploads\/2022\/04\/1x1_IMG_2617_Sworm-1_Stephane_OLIVIER-300x300.jpg 300w, https:\/\/www.stephaneolivier.eu\/wp-content\/uploads\/2022\/04\/1x1_IMG_2617_Sworm-1_Stephane_OLIVIER-150x150.jpg 150w, https:\/\/www.stephaneolivier.eu\/wp-content\/uploads\/2022\/04\/1x1_IMG_2617_Sworm-1_Stephane_OLIVIER-768x768.jpg 768w, https:\/\/www.stephaneolivier.eu\/wp-content\/uploads\/2022\/04\/1x1_IMG_2617_Sworm-1_Stephane_OLIVIER-500x500.jpg 500w, https:\/\/www.stephaneolivier.eu\/wp-content\/uploads\/2022\/04\/1x1_IMG_2617_Sworm-1_Stephane_OLIVIER-800x800.jpg 800w, https:\/\/www.stephaneolivier.eu\/wp-content\/uploads\/2022\/04\/1x1_IMG_2617_Sworm-1_Stephane_OLIVIER-324x324.jpg 324w, https:\/\/www.stephaneolivier.eu\/wp-content\/uploads\/2022\/04\/1x1_IMG_2617_Sworm-1_Stephane_OLIVIER-416x416.jpg 416w, https:\/\/www.stephaneolivier.eu\/wp-content\/uploads\/2022\/04\/1x1_IMG_2617_Sworm-1_Stephane_OLIVIER-100x100.jpg 100w\" sizes=\"(max-width: 1024px) 100vw, 1024px\" \/>\n        <\/a>    <\/div>\n<\/div>\n\n<figcaption class=\"vp-portfolio__item-overlay vp-portfolio__item-overlay-text-align-center\">\n    <div class=\"vp-portfolio__item-meta-wrap vp-portfolio__custom-scrollbar\">\n            <a\n        href=\"https:\/\/www.stephaneolivier.eu\/wp-content\/uploads\/2022\/04\/1x1_IMG_2617_Sworm-1_Stephane_OLIVIER.jpg\"\n        tabindex=\"-1\" class=\"vp-portfolio__item-meta\"     >\n    \n        \n<h2 class=\"vp-portfolio__item-meta-title\">\n    Sworm-1<\/h2>\n\n        <\/a>    <\/div>\n<\/figcaption>\n            <\/figure>\n                    <\/div>\n        \n<\/div>\n        <\/div>\n        \n<\/div>\n<\/div>\n\n\n<div style=\"height:15px\" aria-hidden=\"true\" class=\"wp-block-spacer\"><\/div>\n\n\n<div class=\"wp-block-image\">\n<figure class=\"aligncenter size-full\"><img decoding=\"async\" loading=\"lazy\" width=\"1024\" height=\"512\" src=\"https:\/\/www.stephaneolivier.eu\/wp-content\/uploads\/2022\/04\/1x1_IMG_2620_Sworm-1_Stephane_OLIVIER.jpg\" alt=\"\" class=\"wp-image-2610\" srcset=\"https:\/\/www.stephaneolivier.eu\/wp-content\/uploads\/2022\/04\/1x1_IMG_2620_Sworm-1_Stephane_OLIVIER.jpg 1024w, https:\/\/www.stephaneolivier.eu\/wp-content\/uploads\/2022\/04\/1x1_IMG_2620_Sworm-1_Stephane_OLIVIER-300x150.jpg 300w, https:\/\/www.stephaneolivier.eu\/wp-content\/uploads\/2022\/04\/1x1_IMG_2620_Sworm-1_Stephane_OLIVIER-768x384.jpg 768w, https:\/\/www.stephaneolivier.eu\/wp-content\/uploads\/2022\/04\/1x1_IMG_2620_Sworm-1_Stephane_OLIVIER-500x250.jpg 500w, https:\/\/www.stephaneolivier.eu\/wp-content\/uploads\/2022\/04\/1x1_IMG_2620_Sworm-1_Stephane_OLIVIER-800x400.jpg 800w, https:\/\/www.stephaneolivier.eu\/wp-content\/uploads\/2022\/04\/1x1_IMG_2620_Sworm-1_Stephane_OLIVIER-416x208.jpg 416w\" sizes=\"(max-width: 1024px) 100vw, 1024px\" \/><\/figure><\/div>\n\n\n<div style=\"height:15px\" aria-hidden=\"true\" class=\"wp-block-spacer\"><\/div>\n\n\n\n<hr class=\"wp-block-separator has-text-color has-cyan-bluish-gray-color has-css-opacity has-cyan-bluish-gray-background-color has-background is-style-wide\"\/>\n\n\n\n<p class=\"has-text-align-center\">Unique pieces, made from glass rods fused with a blowtorch<br>All of our beads have been annealed to ensure the removal of internal stresses.<\/p>\n\n\n\n<hr class=\"wp-block-separator has-text-color has-cyan-bluish-gray-color has-css-opacity has-cyan-bluish-gray-background-color has-background is-style-wide\"\/>","protected":false},"excerpt":{"rendered":"<p>Murrine de verre torsad\u00e9e mont\u00e9es en boucles d&rsquo;oreille Appr\u00eats en argent 925. Pi\u00e8ces uniques, r\u00e9alis\u00e9es \u00e0 partir de baguettes de verre fusionn\u00e9es au chalumeau.Toutes nos pi\u00e8ces ont \u00e9t\u00e9 recuites pour assurer la suppression des tensions internes.<\/p>","protected":false},"author":1,"featured_media":0,"parent":0,"menu_order":0,"comment_status":"closed","ping_status":"closed","template":"template-fullwidth.php","meta":{"_mi_skip_tracking":false,"_monsterinsights_sitenote_active":false,"_monsterinsights_sitenote_note":"","_monsterinsights_sitenote_category":0,"_vp_format_video_url":"","_vp_image_focal_point":[]},"yoast_head":"<!-- This site is optimized with the Yoast SEO plugin v20.12 - https:\/\/yoast.com\/wordpress\/plugins\/seo\/ -->\n<title>Sworm - St\u00e9phane OLIVIER<\/title>\n<meta name=\"robots\" content=\"index, follow, max-snippet:-1, max-image-preview:large, max-video-preview:-1\" \/>\n<link rel=\"canonical\" href=\"https:\/\/www.stephaneolivier.eu\/en\/sworm\/\" \/>\n<meta property=\"og:locale\" content=\"en_US\" \/>\n<meta property=\"og:type\" content=\"article\" \/>\n<meta property=\"og:title\" content=\"Sworm - St\u00e9phane OLIVIER\" \/>\n<meta property=\"og:description\" content=\"Murrine de verre torsad\u00e9e mont\u00e9es en boucles d&rsquo;oreille Appr\u00eats en argent 925. Pi\u00e8ces uniques, r\u00e9alis\u00e9es \u00e0 partir de baguettes de verre fusionn\u00e9es au chalumeau.Toutes nos pi\u00e8ces ont \u00e9t\u00e9 recuites pour assurer la suppression des tensions internes.\" \/>\n<meta property=\"og:url\" content=\"https:\/\/www.stephaneolivier.eu\/en\/sworm\/\" \/>\n<meta property=\"og:site_name\" content=\"St\u00e9phane OLIVIER\" \/>\n<meta property=\"article:modified_time\" content=\"2024-11-06T13:38:57+00:00\" \/>\n<meta property=\"og:image\" content=\"https:\/\/www.stephaneolivier.eu\/wp-content\/uploads\/2022\/04\/1x1_IMG_2620_Sworm-1_Stephane_OLIVIER.jpg\" \/>\n<meta name=\"twitter:card\" content=\"summary_large_image\" \/>\n<meta name=\"twitter:label1\" content=\"Est. reading time\" \/>\n\t<meta name=\"twitter:data1\" content=\"1 minute\" \/>\n<script type=\"application\/ld+json\" class=\"yoast-schema-graph\">{\"@context\":\"https:\/\/schema.org\",\"@graph\":[{\"@type\":\"WebPage\",\"@id\":\"https:\/\/www.stephaneolivier.eu\/sworm\/\",\"url\":\"https:\/\/www.stephaneolivier.eu\/sworm\/\",\"name\":\"Sworm - St\u00e9phane OLIVIER\",\"isPartOf\":{\"@id\":\"https:\/\/www.stephaneolivier.eu\/#website\"},\"datePublished\":\"2022-04-12T16:26:25+00:00\",\"dateModified\":\"2024-11-06T13:38:57+00:00\",\"breadcrumb\":{\"@id\":\"https:\/\/www.stephaneolivier.eu\/sworm\/#breadcrumb\"},\"inLanguage\":\"en-US\",\"potentialAction\":[{\"@type\":\"ReadAction\",\"target\":[\"https:\/\/www.stephaneolivier.eu\/sworm\/\"]}]},{\"@type\":\"BreadcrumbList\",\"@id\":\"https:\/\/www.stephaneolivier.eu\/sworm\/#breadcrumb\",\"itemListElement\":[{\"@type\":\"ListItem\",\"position\":1,\"name\":\"Accueil\",\"item\":\"https:\/\/www.stephaneolivier.eu\/\"},{\"@type\":\"ListItem\",\"position\":2,\"name\":\"Sworm\"}]},{\"@type\":\"WebSite\",\"@id\":\"https:\/\/www.stephaneolivier.eu\/#website\",\"url\":\"https:\/\/www.stephaneolivier.eu\/\",\"name\":\"St\u00e9phane OLIVIER Glass Jewelry\",\"description\":\"Artisanat d&#039;art - Bijoux en verre et argent\",\"publisher\":{\"@id\":\"https:\/\/www.stephaneolivier.eu\/#organization\"},\"potentialAction\":[{\"@type\":\"SearchAction\",\"target\":{\"@type\":\"EntryPoint\",\"urlTemplate\":\"https:\/\/www.stephaneolivier.eu\/?s={search_term_string}\"},\"query-input\":\"required name=search_term_string\"}],\"inLanguage\":\"en-US\"},{\"@type\":\"Organization\",\"@id\":\"https:\/\/www.stephaneolivier.eu\/#organization\",\"name\":\"St\u00e9phane OLIVIER\",\"url\":\"https:\/\/www.stephaneolivier.eu\/\",\"logo\":{\"@type\":\"ImageObject\",\"inLanguage\":\"en-US\",\"@id\":\"https:\/\/www.stephaneolivier.eu\/#\/schema\/logo\/image\/\",\"url\":\"https:\/\/www.stephaneolivier.eu\/wp-content\/uploads\/2020\/03\/1x1_IMG_2591_Stendhal-1_Stephane_OLIVIER.jpg\",\"contentUrl\":\"https:\/\/www.stephaneolivier.eu\/wp-content\/uploads\/2020\/03\/1x1_IMG_2591_Stendhal-1_Stephane_OLIVIER.jpg\",\"width\":1024,\"height\":1024,\"caption\":\"St\u00e9phane OLIVIER\"},\"image\":{\"@id\":\"https:\/\/www.stephaneolivier.eu\/#\/schema\/logo\/image\/\"},\"sameAs\":[\"https:\/\/www.instagram.com\/stephane_olivier_beads\/\",\"https:\/\/www.pinterest.fr\/stphaneo\/\"]}]}<\/script>\n<!-- \/ Yoast SEO plugin. -->","yoast_head_json":{"title":"Sworm - St\u00e9phane OLIVIER","robots":{"index":"index","follow":"follow","max-snippet":"max-snippet:-1","max-image-preview":"max-image-preview:large","max-video-preview":"max-video-preview:-1"},"canonical":"https:\/\/www.stephaneolivier.eu\/en\/sworm\/","og_locale":"en_US","og_type":"article","og_title":"Sworm - St\u00e9phane OLIVIER","og_description":"Murrine de verre torsad\u00e9e mont\u00e9es en boucles d&rsquo;oreille Appr\u00eats en argent 925. Pi\u00e8ces uniques, r\u00e9alis\u00e9es \u00e0 partir de baguettes de verre fusionn\u00e9es au chalumeau.Toutes nos pi\u00e8ces ont \u00e9t\u00e9 recuites pour assurer la suppression des tensions internes.","og_url":"https:\/\/www.stephaneolivier.eu\/en\/sworm\/","og_site_name":"St\u00e9phane OLIVIER","article_modified_time":"2024-11-06T13:38:57+00:00","og_image":[{"url":"https:\/\/www.stephaneolivier.eu\/wp-content\/uploads\/2022\/04\/1x1_IMG_2620_Sworm-1_Stephane_OLIVIER.jpg"}],"twitter_card":"summary_large_image","twitter_misc":{"Est. reading time":"1 minute"},"schema":{"@context":"https:\/\/schema.org","@graph":[{"@type":"WebPage","@id":"https:\/\/www.stephaneolivier.eu\/sworm\/","url":"https:\/\/www.stephaneolivier.eu\/sworm\/","name":"Sworm - St\u00e9phane OLIVIER","isPartOf":{"@id":"https:\/\/www.stephaneolivier.eu\/#website"},"datePublished":"2022-04-12T16:26:25+00:00","dateModified":"2024-11-06T13:38:57+00:00","breadcrumb":{"@id":"https:\/\/www.stephaneolivier.eu\/sworm\/#breadcrumb"},"inLanguage":"en-US","potentialAction":[{"@type":"ReadAction","target":["https:\/\/www.stephaneolivier.eu\/sworm\/"]}]},{"@type":"BreadcrumbList","@id":"https:\/\/www.stephaneolivier.eu\/sworm\/#breadcrumb","itemListElement":[{"@type":"ListItem","position":1,"name":"Accueil","item":"https:\/\/www.stephaneolivier.eu\/"},{"@type":"ListItem","position":2,"name":"Sworm"}]},{"@type":"WebSite","@id":"https:\/\/www.stephaneolivier.eu\/#website","url":"https:\/\/www.stephaneolivier.eu\/","name":"St\u00e9phane OLIVIER Glass Jewelry","description":"Artisanat d&#039;art - Bijoux en verre et argent","publisher":{"@id":"https:\/\/www.stephaneolivier.eu\/#organization"},"potentialAction":[{"@type":"SearchAction","target":{"@type":"EntryPoint","urlTemplate":"https:\/\/www.stephaneolivier.eu\/?s={search_term_string}"},"query-input":"required name=search_term_string"}],"inLanguage":"en-US"},{"@type":"Organization","@id":"https:\/\/www.stephaneolivier.eu\/#organization","name":"St\u00e9phane OLIVIER","url":"https:\/\/www.stephaneolivier.eu\/","logo":{"@type":"ImageObject","inLanguage":"en-US","@id":"https:\/\/www.stephaneolivier.eu\/#\/schema\/logo\/image\/","url":"https:\/\/www.stephaneolivier.eu\/wp-content\/uploads\/2020\/03\/1x1_IMG_2591_Stendhal-1_Stephane_OLIVIER.jpg","contentUrl":"https:\/\/www.stephaneolivier.eu\/wp-content\/uploads\/2020\/03\/1x1_IMG_2591_Stendhal-1_Stephane_OLIVIER.jpg","width":1024,"height":1024,"caption":"St\u00e9phane OLIVIER"},"image":{"@id":"https:\/\/www.stephaneolivier.eu\/#\/schema\/logo\/image\/"},"sameAs":["https:\/\/www.instagram.com\/stephane_olivier_beads\/","https:\/\/www.pinterest.fr\/stphaneo\/"]}]}},"_links":{"self":[{"href":"https:\/\/www.stephaneolivier.eu\/en\/wp-json\/wp\/v2\/pages\/2611"}],"collection":[{"href":"https:\/\/www.stephaneolivier.eu\/en\/wp-json\/wp\/v2\/pages"}],"about":[{"href":"https:\/\/www.stephaneolivier.eu\/en\/wp-json\/wp\/v2\/types\/page"}],"author":[{"embeddable":true,"href":"https:\/\/www.stephaneolivier.eu\/en\/wp-json\/wp\/v2\/users\/1"}],"replies":[{"embeddable":true,"href":"https:\/\/www.stephaneolivier.eu\/en\/wp-json\/wp\/v2\/comments?post=2611"}],"version-history":[{"count":3,"href":"https:\/\/www.stephaneolivier.eu\/en\/wp-json\/wp\/v2\/pages\/2611\/revisions"}],"predecessor-version":[{"id":3310,"href":"https:\/\/www.stephaneolivier.eu\/en\/wp-json\/wp\/v2\/pages\/2611\/revisions\/3310"}],"wp:attachment":[{"href":"https:\/\/www.stephaneolivier.eu\/en\/wp-json\/wp\/v2\/media?parent=2611"}],"curies":[{"name":"wp","href":"https:\/\/api.w.org\/{rel}","templated":true}]}}