{"id":57,"date":"2020-01-11T15:39:06","date_gmt":"2020-01-11T14:39:06","guid":{"rendered":"https:\/\/www.stephaneolivier.eu\/?page_id=57"},"modified":"2024-12-10T18:53:29","modified_gmt":"2024-12-10T17:53:29","slug":"page-daccueil","status":"publish","type":"page","link":"https:\/\/www.stephaneolivier.eu\/en\/","title":{"rendered":"Home"},"content":{"rendered":"<hr class=\"wp-block-separator has-text-color has-black-color has-css-opacity has-black-background-color has-background is-style-wide\"\/>\n\n\n\n<h2 class=\"has-text-align-center\">Artisan d&rsquo;art, designer, ing\u00e9nieur cr\u00e9ateur<\/h2>\n\n\n\n<h2 class=\"has-text-align-center\">Handmade glass jewelry designer<\/h2>\n\n\n\n<h3 class=\"has-text-align-center\">Based in Toulouse FRANCE<\/h3>\n\n\n\n<hr class=\"wp-block-separator has-text-color has-black-color has-css-opacity has-black-background-color has-background is-style-wide\"\/>\n\n\n\n<div class=\"wp-block-media-text alignwide is-stacked-on-mobile\" style=\"grid-template-columns:19% auto\"><figure class=\"wp-block-media-text__media\"><img decoding=\"async\" loading=\"lazy\" width=\"768\" height=\"1024\" src=\"https:\/\/www.stephaneolivier.eu\/wp-content\/uploads\/2021\/12\/4x1_064A9055__Stephane_OLIVIER.jpg\" alt=\"\" class=\"wp-image-2205 size-full\" srcset=\"https:\/\/www.stephaneolivier.eu\/wp-content\/uploads\/2021\/12\/4x1_064A9055__Stephane_OLIVIER.jpg 768w, https:\/\/www.stephaneolivier.eu\/wp-content\/uploads\/2021\/12\/4x1_064A9055__Stephane_OLIVIER-225x300.jpg 225w, https:\/\/www.stephaneolivier.eu\/wp-content\/uploads\/2021\/12\/4x1_064A9055__Stephane_OLIVIER-500x667.jpg 500w, https:\/\/www.stephaneolivier.eu\/wp-content\/uploads\/2021\/12\/4x1_064A9055__Stephane_OLIVIER-416x555.jpg 416w\" sizes=\"(max-width: 768px) 100vw, 768px\" \/><\/figure><div class=\"wp-block-media-text__content\">\n<p class=\"has-large-font-size\">Passionate about color, molten glass and jewelry, I am happy to share with you my universe and unique creations. <\/p>\n\n\n\n<p class=\" translation-block\">For any request do not hesitate to contact me <a href=\"https:\/\/www.stephaneolivier.eu\/en\/contact\/\" target=\"_self\">(CONTACT)<\/a><\/p>\n\n\n\n<p>you can also follow me on <a href=\"https:\/\/www.instagram.com\/stephane_olivier_beads\/\" target=\"_blank\" rel=\"noreferrer noopener\">(INSTAGRAM)<\/a><\/p>\n<\/div><\/div>\n\n\n\n<hr class=\"wp-block-separator has-text-color has-black-color has-css-opacity has-black-background-color has-background is-style-wide\"\/>\n\n\n\n<h2 class=\"has-text-align-center has-huge-font-size\"><a href=\"https:\/\/www.stephaneolivier.eu\/en\/actualite\/\">News<\/a><\/h2>\n\n\n\n<hr class=\"wp-block-separator has-text-color has-black-color has-css-opacity has-black-background-color has-background is-style-wide\"\/>\n\n\n\n<div class=\"wp-block-media-text is-stacked-on-mobile\" style=\"grid-template-columns:39% auto\"><figure class=\"wp-block-media-text__media\"><img decoding=\"async\" loading=\"lazy\" width=\"882\" height=\"882\" src=\"https:\/\/www.stephaneolivier.eu\/wp-content\/uploads\/2024\/12\/Les-2-prototypes-morfO.jpg\" alt=\"\" class=\"wp-image-3365 size-full\" srcset=\"https:\/\/www.stephaneolivier.eu\/wp-content\/uploads\/2024\/12\/Les-2-prototypes-morfO.jpg 882w, https:\/\/www.stephaneolivier.eu\/wp-content\/uploads\/2024\/12\/Les-2-prototypes-morfO-300x300.jpg 300w, https:\/\/www.stephaneolivier.eu\/wp-content\/uploads\/2024\/12\/Les-2-prototypes-morfO-150x150.jpg 150w, https:\/\/www.stephaneolivier.eu\/wp-content\/uploads\/2024\/12\/Les-2-prototypes-morfO-768x768.jpg 768w, https:\/\/www.stephaneolivier.eu\/wp-content\/uploads\/2024\/12\/Les-2-prototypes-morfO-12x12.jpg 12w, https:\/\/www.stephaneolivier.eu\/wp-content\/uploads\/2024\/12\/Les-2-prototypes-morfO-500x500.jpg 500w, https:\/\/www.stephaneolivier.eu\/wp-content\/uploads\/2024\/12\/Les-2-prototypes-morfO-800x800.jpg 800w, https:\/\/www.stephaneolivier.eu\/wp-content\/uploads\/2024\/12\/Les-2-prototypes-morfO-324x324.jpg 324w, https:\/\/www.stephaneolivier.eu\/wp-content\/uploads\/2024\/12\/Les-2-prototypes-morfO-416x416.jpg 416w, https:\/\/www.stephaneolivier.eu\/wp-content\/uploads\/2024\/12\/Les-2-prototypes-morfO-100x100.jpg 100w\" sizes=\"(max-width: 882px) 100vw, 882px\" \/><\/figure><div class=\"wp-block-media-text__content\">\n<h2 class=\"has-text-align-center\"><a href=\"https:\/\/www.stephaneolivier.eu\/en\/concours-desirables-futurs\/\"><strong>D\u00e9couvrir le bracelet morfO<\/strong><\/a> r\u00e9compens\u00e9 \u00e0 l&rsquo;occasion du  <strong>Concours <\/strong>Franc\u00e9clat \u00ab\u00a0<strong>DESIRABLES FUTURS<\/strong>\u00a0\u00bb <\/h2>\n\n\n\n<h2 class=\"has-text-align-center\">le 5 d\u00e9cembre 2024 au palais de Tokyo  PARIS <\/h2>\n<\/div><\/div>\n\n\n\n<div style=\"height:25px\" aria-hidden=\"true\" class=\"wp-block-spacer\"><\/div>\n\n\n\n<hr class=\"wp-block-separator has-text-color has-black-color has-css-opacity has-black-background-color has-background is-style-wide\"\/>\n\n\n\n<h2 class=\"has-text-align-center has-huge-font-size\"><a href=\"https:\/\/www.stephaneolivier.eu\/en\/collections\/\">Collections<\/a><\/h2>\n\n\n\n<hr class=\"wp-block-separator has-text-color has-black-color has-css-opacity has-black-background-color has-background is-style-wide\"\/>\n\n\n<div class=\"wp-block-image\">\n<figure class=\"aligncenter size-full\"><a href=\"https:\/\/www.stephaneolivier.eu\/en\/collections\/\"><img decoding=\"async\" loading=\"lazy\" width=\"1024\" height=\"256\" src=\"https:\/\/www.stephaneolivier.eu\/wp-content\/uploads\/2021\/12\/4x1_Collection__Stephane_OLIVIER-3.jpg\" alt=\"Collections bijoux en verre de Stephane_OLIVIER\" class=\"wp-image-2204\" srcset=\"https:\/\/www.stephaneolivier.eu\/wp-content\/uploads\/2021\/12\/4x1_Collection__Stephane_OLIVIER-3.jpg 1024w, https:\/\/www.stephaneolivier.eu\/wp-content\/uploads\/2021\/12\/4x1_Collection__Stephane_OLIVIER-3-300x75.jpg 300w, https:\/\/www.stephaneolivier.eu\/wp-content\/uploads\/2021\/12\/4x1_Collection__Stephane_OLIVIER-3-768x192.jpg 768w, https:\/\/www.stephaneolivier.eu\/wp-content\/uploads\/2021\/12\/4x1_Collection__Stephane_OLIVIER-3-500x125.jpg 500w, https:\/\/www.stephaneolivier.eu\/wp-content\/uploads\/2021\/12\/4x1_Collection__Stephane_OLIVIER-3-800x200.jpg 800w, https:\/\/www.stephaneolivier.eu\/wp-content\/uploads\/2021\/12\/4x1_Collection__Stephane_OLIVIER-3-416x104.jpg 416w\" sizes=\"(max-width: 1024px) 100vw, 1024px\" \/><\/a><\/figure><\/div>\n\n\n<p class=\"has-text-align-center\">Come and discover the different <a href=\"https:\/\/www.stephaneolivier.eu\/en\/collections\/\">collections<\/a> glass bead jewelry.<\/p>\n\n\n\n<div style=\"height:50px\" aria-hidden=\"true\" class=\"wp-block-spacer\"><\/div>\n\n\n\n<hr class=\"wp-block-separator has-text-color has-black-color has-css-opacity has-black-background-color has-background is-style-wide\"\/>\n\n\n\n<h2 class=\"has-text-align-center has-huge-font-size\"><a href=\"https:\/\/www.stephaneolivier.eu\/en\/technique-filage-de-verre\/\">Process<\/a><\/h2>\n\n\n\n<hr class=\"wp-block-separator has-text-color has-black-color has-css-opacity has-black-background-color has-background is-style-wide\"\/>\n\n\n<div class=\"wp-block-image\">\n<figure class=\"aligncenter size-full\"><a href=\"https:\/\/www.stephaneolivier.eu\/en\/technique-filage-de-verre\/\"><img decoding=\"async\" loading=\"lazy\" width=\"1024\" height=\"256\" src=\"https:\/\/www.stephaneolivier.eu\/wp-content\/uploads\/2021\/12\/4x1_064A4971_Baguettes_Stephane_OLIVIER.jpg\" alt=\"\" class=\"wp-image-2203\" srcset=\"https:\/\/www.stephaneolivier.eu\/wp-content\/uploads\/2021\/12\/4x1_064A4971_Baguettes_Stephane_OLIVIER.jpg 1024w, https:\/\/www.stephaneolivier.eu\/wp-content\/uploads\/2021\/12\/4x1_064A4971_Baguettes_Stephane_OLIVIER-300x75.jpg 300w, https:\/\/www.stephaneolivier.eu\/wp-content\/uploads\/2021\/12\/4x1_064A4971_Baguettes_Stephane_OLIVIER-768x192.jpg 768w, https:\/\/www.stephaneolivier.eu\/wp-content\/uploads\/2021\/12\/4x1_064A4971_Baguettes_Stephane_OLIVIER-500x125.jpg 500w, https:\/\/www.stephaneolivier.eu\/wp-content\/uploads\/2021\/12\/4x1_064A4971_Baguettes_Stephane_OLIVIER-800x200.jpg 800w, https:\/\/www.stephaneolivier.eu\/wp-content\/uploads\/2021\/12\/4x1_064A4971_Baguettes_Stephane_OLIVIER-416x104.jpg 416w\" sizes=\"(max-width: 1024px) 100vw, 1024px\" \/><\/a><\/figure><\/div>\n\n\n<p class=\"has-text-align-center\">Presentation of the different <a href=\"https:\/\/www.stephaneolivier.eu\/en\/technique-filage-de-verre\/\">Process steps<\/a> used to make my jewelry<\/p>\n\n\n\n<div style=\"height:50px\" aria-hidden=\"true\" class=\"wp-block-spacer\"><\/div>\n\n\n\n<hr class=\"wp-block-separator has-text-color has-black-color has-css-opacity has-black-background-color has-background is-style-wide\"\/>\n\n\n\n<h2>Membre de:<\/h2>\n\n\n\n<div class=\"wp-block-media-text\" style=\"grid-template-columns:37% auto\"><figure class=\"wp-block-media-text__media\"><a href=\"http:\/\/faat.fr\"><img decoding=\"async\" loading=\"lazy\" width=\"1000\" height=\"203\" src=\"https:\/\/www.stephaneolivier.eu\/wp-content\/uploads\/2023\/10\/LogoFaatBaselineCMJNgros-1.png\" alt=\"\" class=\"wp-image-3264 size-thumbnail\" srcset=\"https:\/\/www.stephaneolivier.eu\/wp-content\/uploads\/2023\/10\/LogoFaatBaselineCMJNgros-1.png 1000w, https:\/\/www.stephaneolivier.eu\/wp-content\/uploads\/2023\/10\/LogoFaatBaselineCMJNgros-1-300x61.png 300w, https:\/\/www.stephaneolivier.eu\/wp-content\/uploads\/2023\/10\/LogoFaatBaselineCMJNgros-1-768x156.png 768w, https:\/\/www.stephaneolivier.eu\/wp-content\/uploads\/2023\/10\/LogoFaatBaselineCMJNgros-1-18x4.png 18w, https:\/\/www.stephaneolivier.eu\/wp-content\/uploads\/2023\/10\/LogoFaatBaselineCMJNgros-1-500x102.png 500w, https:\/\/www.stephaneolivier.eu\/wp-content\/uploads\/2023\/10\/LogoFaatBaselineCMJNgros-1-800x162.png 800w, https:\/\/www.stephaneolivier.eu\/wp-content\/uploads\/2023\/10\/LogoFaatBaselineCMJNgros-1-416x84.png 416w\" sizes=\"(max-width: 1000px) 100vw, 1000px\" \/><\/a><\/figure><div class=\"wp-block-media-text__content\">\n<p class=\"has-large-font-size\"><\/p>\n<\/div><\/div>\n\n\n\n<div style=\"height:30px\" aria-hidden=\"true\" class=\"wp-block-spacer\"><\/div>\n\n\n\n<div class=\"wp-block-media-text\" style=\"grid-template-columns:15% auto\"><figure class=\"wp-block-media-text__media\"><a href=\"https:\/\/perliersdartdefrance.org\"><img decoding=\"async\" loading=\"lazy\" width=\"150\" height=\"150\" src=\"https:\/\/www.stephaneolivier.eu\/wp-content\/uploads\/2021\/12\/logo-perliers-d-art-de-france-1-150x150.jpg\" alt=\"\" class=\"wp-image-2220 size-thumbnail\" srcset=\"https:\/\/www.stephaneolivier.eu\/wp-content\/uploads\/2021\/12\/logo-perliers-d-art-de-france-1-150x150.jpg 150w, https:\/\/www.stephaneolivier.eu\/wp-content\/uploads\/2021\/12\/logo-perliers-d-art-de-france-1-100x100.jpg 100w\" sizes=\"(max-width: 150px) 100vw, 150px\" \/><\/a><\/figure><div class=\"wp-block-media-text__content\">\n<p class=\"has-large-font-size\"><\/p>\n<\/div><\/div>\n\n\n\n<hr class=\"wp-block-separator has-text-color has-black-color has-css-opacity has-black-background-color has-background is-style-wide\"\/>\n\n\n\n<p><\/p>","protected":false},"excerpt":{"rendered":"<p>Artisan d&rsquo;art, designer, ing\u00e9nieur cr\u00e9ateur Cr\u00e9ation artisanale de bijoux en verre de Murano Install\u00e9 \u00e0 Toulouse Passionn\u00e9 par la couleur, le verre en fusion et la bijouterie, je suis heureux de vous pr\u00e9senter mon univers et mes cr\u00e9ations uniques. Pour toute demande n&rsquo;h\u00e9sitez pas \u00e0 me contacter (CONTACT) Vous pouvez aussi me suivre sur (INSTAGRAM) [&hellip;]<\/p>","protected":false},"author":1,"featured_media":3271,"parent":0,"menu_order":0,"comment_status":"closed","ping_status":"closed","template":"template-fullwidth.php","meta":{"_mi_skip_tracking":false,"_monsterinsights_sitenote_active":false,"_monsterinsights_sitenote_note":"","_monsterinsights_sitenote_category":0,"_vp_format_video_url":"","_vp_image_focal_point":[]},"yoast_head":"<!-- This site is optimized with the Yoast SEO plugin v20.12 - https:\/\/yoast.com\/wordpress\/plugins\/seo\/ -->\n<title>Accueil - St\u00e9phane OLIVIER - Bijoux, perles en verre, artisanat d&#039;art<\/title>\n<meta name=\"description\" content=\"Cr\u00e9ation artisanale de bijoux, r\u00e9alis\u00e9s \u00e0 partir de baguettes de verre de Murano souffl\u00e9e au chalumeau, pi\u00e8ces uniques, fait en France\" \/>\n<meta name=\"robots\" content=\"index, follow, max-snippet:-1, max-image-preview:large, max-video-preview:-1\" \/>\n<link rel=\"canonical\" href=\"https:\/\/www.stephaneolivier.eu\/en\/\" \/>\n<meta property=\"og:locale\" content=\"en_US\" \/>\n<meta property=\"og:type\" content=\"article\" \/>\n<meta property=\"og:title\" content=\"Accueil - St\u00e9phane OLIVIER - Bijoux, perles en verre, artisanat d&#039;art\" \/>\n<meta property=\"og:description\" content=\"Cr\u00e9ation artisanale de bijoux, r\u00e9alis\u00e9s \u00e0 partir de baguettes de verre de Murano souffl\u00e9e au chalumeau, pi\u00e8ces uniques, fait en France\" \/>\n<meta property=\"og:url\" content=\"https:\/\/www.stephaneolivier.eu\/en\/\" \/>\n<meta property=\"og:site_name\" content=\"St\u00e9phane OLIVIER\" \/>\n<meta property=\"article:modified_time\" content=\"2024-12-10T17:53:29+00:00\" \/>\n<meta property=\"og:image\" content=\"https:\/\/www.stephaneolivier.eu\/wp-content\/uploads\/2024\/07\/OLIVIER-Stephane-Collier-Grafiko-064A1900-scaled.jpg\" \/>\n\t<meta property=\"og:image:width\" content=\"2560\" \/>\n\t<meta property=\"og:image:height\" content=\"2560\" \/>\n\t<meta property=\"og:image:type\" content=\"image\/jpeg\" \/>\n<meta name=\"twitter:card\" content=\"summary_large_image\" \/>\n<meta name=\"twitter:label1\" content=\"Est. reading time\" \/>\n\t<meta name=\"twitter:data1\" content=\"2 minutes\" \/>\n<script type=\"application\/ld+json\" class=\"yoast-schema-graph\">{\"@context\":\"https:\/\/schema.org\",\"@graph\":[{\"@type\":\"WebPage\",\"@id\":\"https:\/\/www.stephaneolivier.eu\/\",\"url\":\"https:\/\/www.stephaneolivier.eu\/\",\"name\":\"Accueil - St\u00e9phane OLIVIER - Bijoux, perles en verre, artisanat d'art\",\"isPartOf\":{\"@id\":\"https:\/\/www.stephaneolivier.eu\/#website\"},\"datePublished\":\"2020-01-11T14:39:06+00:00\",\"dateModified\":\"2024-12-10T17:53:29+00:00\",\"description\":\"Cr\u00e9ation artisanale de bijoux, r\u00e9alis\u00e9s \u00e0 partir de baguettes de verre de Murano souffl\u00e9e au chalumeau, pi\u00e8ces uniques, fait en France\",\"breadcrumb\":{\"@id\":\"https:\/\/www.stephaneolivier.eu\/#breadcrumb\"},\"inLanguage\":\"en-US\",\"potentialAction\":[{\"@type\":\"ReadAction\",\"target\":[\"https:\/\/www.stephaneolivier.eu\/\"]}]},{\"@type\":\"BreadcrumbList\",\"@id\":\"https:\/\/www.stephaneolivier.eu\/#breadcrumb\",\"itemListElement\":[{\"@type\":\"ListItem\",\"position\":1,\"name\":\"Accueil\",\"item\":\"https:\/\/www.stephaneolivier.eu\/\"},{\"@type\":\"ListItem\",\"position\":2,\"name\":\"Accueil\"}]},{\"@type\":\"WebSite\",\"@id\":\"https:\/\/www.stephaneolivier.eu\/#website\",\"url\":\"https:\/\/www.stephaneolivier.eu\/\",\"name\":\"St\u00e9phane OLIVIER Glass Jewelry\",\"description\":\"Artisanat d&#039;art - Bijoux en verre et argent\",\"publisher\":{\"@id\":\"https:\/\/www.stephaneolivier.eu\/#organization\"},\"potentialAction\":[{\"@type\":\"SearchAction\",\"target\":{\"@type\":\"EntryPoint\",\"urlTemplate\":\"https:\/\/www.stephaneolivier.eu\/?s={search_term_string}\"},\"query-input\":\"required name=search_term_string\"}],\"inLanguage\":\"en-US\"},{\"@type\":\"Organization\",\"@id\":\"https:\/\/www.stephaneolivier.eu\/#organization\",\"name\":\"St\u00e9phane OLIVIER\",\"url\":\"https:\/\/www.stephaneolivier.eu\/\",\"logo\":{\"@type\":\"ImageObject\",\"inLanguage\":\"en-US\",\"@id\":\"https:\/\/www.stephaneolivier.eu\/#\/schema\/logo\/image\/\",\"url\":\"https:\/\/www.stephaneolivier.eu\/wp-content\/uploads\/2020\/03\/1x1_IMG_2591_Stendhal-1_Stephane_OLIVIER.jpg\",\"contentUrl\":\"https:\/\/www.stephaneolivier.eu\/wp-content\/uploads\/2020\/03\/1x1_IMG_2591_Stendhal-1_Stephane_OLIVIER.jpg\",\"width\":1024,\"height\":1024,\"caption\":\"St\u00e9phane OLIVIER\"},\"image\":{\"@id\":\"https:\/\/www.stephaneolivier.eu\/#\/schema\/logo\/image\/\"},\"sameAs\":[\"https:\/\/www.instagram.com\/stephane_olivier_beads\/\",\"https:\/\/www.pinterest.fr\/stphaneo\/\"]}]}<\/script>\n<!-- \/ Yoast SEO plugin. -->","yoast_head_json":{"title":"Accueil - St\u00e9phane OLIVIER - Bijoux, perles en verre, artisanat d'art","description":"Cr\u00e9ation artisanale de bijoux, r\u00e9alis\u00e9s \u00e0 partir de baguettes de verre de Murano souffl\u00e9e au chalumeau, pi\u00e8ces uniques, fait en France","robots":{"index":"index","follow":"follow","max-snippet":"max-snippet:-1","max-image-preview":"max-image-preview:large","max-video-preview":"max-video-preview:-1"},"canonical":"https:\/\/www.stephaneolivier.eu\/en\/","og_locale":"en_US","og_type":"article","og_title":"Accueil - St\u00e9phane OLIVIER - Bijoux, perles en verre, artisanat d'art","og_description":"Cr\u00e9ation artisanale de bijoux, r\u00e9alis\u00e9s \u00e0 partir de baguettes de verre de Murano souffl\u00e9e au chalumeau, pi\u00e8ces uniques, fait en France","og_url":"https:\/\/www.stephaneolivier.eu\/en\/","og_site_name":"St\u00e9phane OLIVIER","article_modified_time":"2024-12-10T17:53:29+00:00","og_image":[{"width":2560,"height":2560,"url":"https:\/\/www.stephaneolivier.eu\/wp-content\/uploads\/2024\/07\/OLIVIER-Stephane-Collier-Grafiko-064A1900-scaled.jpg","type":"image\/jpeg"}],"twitter_card":"summary_large_image","twitter_misc":{"Est. reading time":"2 minutes"},"schema":{"@context":"https:\/\/schema.org","@graph":[{"@type":"WebPage","@id":"https:\/\/www.stephaneolivier.eu\/","url":"https:\/\/www.stephaneolivier.eu\/","name":"Accueil - St\u00e9phane OLIVIER - Bijoux, perles en verre, artisanat d'art","isPartOf":{"@id":"https:\/\/www.stephaneolivier.eu\/#website"},"datePublished":"2020-01-11T14:39:06+00:00","dateModified":"2024-12-10T17:53:29+00:00","description":"Cr\u00e9ation artisanale de bijoux, r\u00e9alis\u00e9s \u00e0 partir de baguettes de verre de Murano souffl\u00e9e au chalumeau, pi\u00e8ces uniques, fait en France","breadcrumb":{"@id":"https:\/\/www.stephaneolivier.eu\/#breadcrumb"},"inLanguage":"en-US","potentialAction":[{"@type":"ReadAction","target":["https:\/\/www.stephaneolivier.eu\/"]}]},{"@type":"BreadcrumbList","@id":"https:\/\/www.stephaneolivier.eu\/#breadcrumb","itemListElement":[{"@type":"ListItem","position":1,"name":"Accueil","item":"https:\/\/www.stephaneolivier.eu\/"},{"@type":"ListItem","position":2,"name":"Accueil"}]},{"@type":"WebSite","@id":"https:\/\/www.stephaneolivier.eu\/#website","url":"https:\/\/www.stephaneolivier.eu\/","name":"St\u00e9phane OLIVIER Glass Jewelry","description":"Artisanat d&#039;art - Bijoux en verre et argent","publisher":{"@id":"https:\/\/www.stephaneolivier.eu\/#organization"},"potentialAction":[{"@type":"SearchAction","target":{"@type":"EntryPoint","urlTemplate":"https:\/\/www.stephaneolivier.eu\/?s={search_term_string}"},"query-input":"required name=search_term_string"}],"inLanguage":"en-US"},{"@type":"Organization","@id":"https:\/\/www.stephaneolivier.eu\/#organization","name":"St\u00e9phane OLIVIER","url":"https:\/\/www.stephaneolivier.eu\/","logo":{"@type":"ImageObject","inLanguage":"en-US","@id":"https:\/\/www.stephaneolivier.eu\/#\/schema\/logo\/image\/","url":"https:\/\/www.stephaneolivier.eu\/wp-content\/uploads\/2020\/03\/1x1_IMG_2591_Stendhal-1_Stephane_OLIVIER.jpg","contentUrl":"https:\/\/www.stephaneolivier.eu\/wp-content\/uploads\/2020\/03\/1x1_IMG_2591_Stendhal-1_Stephane_OLIVIER.jpg","width":1024,"height":1024,"caption":"St\u00e9phane OLIVIER"},"image":{"@id":"https:\/\/www.stephaneolivier.eu\/#\/schema\/logo\/image\/"},"sameAs":["https:\/\/www.instagram.com\/stephane_olivier_beads\/","https:\/\/www.pinterest.fr\/stphaneo\/"]}]}},"_links":{"self":[{"href":"https:\/\/www.stephaneolivier.eu\/en\/wp-json\/wp\/v2\/pages\/57"}],"collection":[{"href":"https:\/\/www.stephaneolivier.eu\/en\/wp-json\/wp\/v2\/pages"}],"about":[{"href":"https:\/\/www.stephaneolivier.eu\/en\/wp-json\/wp\/v2\/types\/page"}],"author":[{"embeddable":true,"href":"https:\/\/www.stephaneolivier.eu\/en\/wp-json\/wp\/v2\/users\/1"}],"replies":[{"embeddable":true,"href":"https:\/\/www.stephaneolivier.eu\/en\/wp-json\/wp\/v2\/comments?post=57"}],"version-history":[{"count":98,"href":"https:\/\/www.stephaneolivier.eu\/en\/wp-json\/wp\/v2\/pages\/57\/revisions"}],"predecessor-version":[{"id":3415,"href":"https:\/\/www.stephaneolivier.eu\/en\/wp-json\/wp\/v2\/pages\/57\/revisions\/3415"}],"wp:featuredmedia":[{"embeddable":true,"href":"https:\/\/www.stephaneolivier.eu\/en\/wp-json\/wp\/v2\/media\/3271"}],"wp:attachment":[{"href":"https:\/\/www.stephaneolivier.eu\/en\/wp-json\/wp\/v2\/media?parent=57"}],"curies":[{"name":"wp","href":"https:\/\/api.w.org\/{rel}","templated":true}]}}