{"id":85,"date":"2020-01-11T19:41:37","date_gmt":"2020-01-11T18:41:37","guid":{"rendered":"https:\/\/www.stephaneolivier.eu\/?page_id=85"},"modified":"2022-04-24T19:40:23","modified_gmt":"2022-04-24T17:40:23","slug":"cgv","status":"publish","type":"page","link":"https:\/\/www.stephaneolivier.eu\/en\/cgv\/","title":{"rendered":"GCS"},"content":{"rendered":"<h2><strong>GENERAL CONDITIONS OF SALE<\/strong><\/h2>\n\n\n\n<h3><strong>Clause n\u00b01 : Purpose<\/strong><\/h3>\n\n\n\n<p>The general conditions of sale described hereafter detail the rights and obligations of the company St\u00e9phane OLIVIER and its customer within the framework of the on-line sale of the goods in glass, wood, metal or ceramics created and realized by the company St\u00e9phane OLIVIER. Any service provided by St\u00e9phane OLIVIER implies the buyer's unconditional acceptance of the present terms and conditions of sale.<\/p>\n\n\n\n<p><strong><br><\/strong>The placing of an order by a buyer implies his total acceptance of the general conditions of sale. The clauses appearing on the order of this buyer and contrary to our general conditions of sale cannot be opposed to us. If one of the clauses of the present general conditions of sale is null and void, the other clauses will not be cancelled. The fact that the company St\u00e9phane OLIVIER does not apply at a given moment any clause of the present conditions, cannot be interpreted as a renunciation to prevail itself later of the said general conditions.<\/p>\n\n\n\n<h3><strong>Clause n\u00b02 : Order<\/strong><\/h3>\n\n\n\n<p class=\" translation-block\">Orders are placed through the online store <a href=\"https:\/\/www.stephaneolivier.eu\" target=\"_blank\" rel=\"noreferrer noopener\">stephaneolivier.eu<\/a>\u00a0<\/p>\n\n\n\n<p>Any payment by the customer is worth firm and final order.<\/p>\n\n\n\n<h3><strong>Clause n\u00b03 : Confirmation of orders<\/strong><\/h3>\n\n\n\n<p>Even in the absence of a written order from the buyer, the payment of a deposit and \/ or acceptance of the receipt of goods is worth confirmation of order and acceptance without reserve of these general conditions of sale by the buyer.<\/p>\n\n\n\n<h3><strong>Clause n\u00b04 : Shipping time<\/strong><\/h3>\n\n\n\n<p>Shipping time is generally 2-3 business days after receipt of payment. This delay is for information only. A delay in shipment cannot be considered as a reason for cancellation of the order, nor can it give rise to payment of damages or penalties for delay.<\/p>\n\n\n\n<p>The shipment is preferably made by \"La Poste\" <\/p>\n\n\n\n<h3><strong>Clause n\u00b05 : Delivery<\/strong><\/h3>\n\n\n\n<p>The delivery is preferably made by mail (carrier \"La Poste\") with a tracking number.\u00a0A link will be sent to you after shipment to track your package online. Shipping costs are specified before purchase.<\/p>\n\n\n\n<h3><strong>Clause n\u00b06 : Transportation<\/strong><\/h3>\n\n\n\n<p>Each order is packed with the greatest care and perfectly protected.\u00a0In case of loss or breakage by the carrier, St\u00e9phane OLIVIER cannot be held responsible.<\/p>\n\n\n\n<p>The transport risk is borne entirely by the buyer. The buyer must check the shipments upon arrival or upon delivery. In the event of missing or damaged goods during transport, the buyer must make all necessary reservations on the delivery note upon receipt of the said goods. These reservations must also be confirmed in writing within 3 days (not including holidays) following delivery, by registered mail (Article L133-3 of the Commercial Code).<\/p>\n\n\n\n<p>If despite the care taken in packaging, the ordered parts arrive broken, thank you to contact me as soon as possible. If you notice that your package is damaged at the time of delivery, please take note of the procedure from the La Poste website:<\/p>\n\n\n\n<p><em>You have two options:<\/em><\/p>\n\n\n\n<ul><li><em>Refuse the package which will then be returned directly to the sender.<\/em><em><\/em><\/li><li><em>Receive the package while reporting the deterioration of its packaging.<\/em><em><\/em><\/li><\/ul>\n\n\n\n<p><em>You can make an observation about the condition of the packaging to the deliveryman or the counterman. This observation can be reported on the scanner, if the deliverer is equipped with one, or by means of a paper form also available at the counter. The information is integrated into the tracking of the package.<\/em><\/p>\n\n\n\n<p><em>If upon opening the package, you notice a damage, you can\u00a0<u><a href=\"https:\/\/aide.laposte.fr\/contenu\/comment-contacter-ou-reclamer-aupres-du-service-clients-pour-votre-colissimo-et-votre-courrier?t=p\" target=\"_blank\" rel=\"noreferrer noopener\">file a claim<\/a><\/u>\u00a0aupr\u00e8s du Service Clients. L&rsquo;\u00e9ventuelle observation que vous aurez formul\u00e9e enrichira cette r\u00e9clamation et alimentera en toute hypoth\u00e8se les efforts que nous menons pour am\u00e9liorer la qualit\u00e9 de notre service.\u00a0\u00bb<\/em><\/p>\n\n\n\n<h3><strong>Clause n\u00b07 : Return or exchange of products<\/strong><\/h3>\n\n\n\n<p>No return of products can take place without the prior written agreement of the company St\u00e9phane OLIVIER and is only possible within 15 days following the date of the order. Shipping costs and risks of return are at the customer's charge. The refund of the product will be made after reception and verification that the product has not been used or damaged.<\/p>\n\n\n\n<h3><strong>Clause n\u00b08 : Price<\/strong><\/h3>\n\n\n\n<p>Our prices are in euros, net of VAT (VAT not applicable, art 293B of the CGI). The prices of the goods sold are those in force on the day the order is taken. They are denominated in euros and calculated net of tax. Consequently, they will be increased by the VAT rate (if it applies) and by the packaging and transport costs applicable on the day of the order. The company St\u00e9phane OLIVIER reserves the right to modify its prices at any time. However, it commits itself to invoice the ordered goods at the prices indicated at the time of the recording of the order. Our prices are likely to be modified without notice, according to the economic conditions (conditions of price revisions and calculation formula).<\/p>\n\n\n\n<h3><strong>Clause n\u00b09 : Discount<\/strong><\/h3>\n\n\n\n<p>No discount will be granted in case of advance payment, nor in case of purchase of several pieces, except promotions indicated on the site.<\/p>\n\n\n\n<h3><strong>Clause n\u00b010 : Payment terms<\/strong><\/h3>\n\n\n\n<p>The payment of the orders is carried out by transfer by bank card.<\/p>\n\n\n\n<p>To validate the order, the buyer must pay the total amount of the order.<\/p>\n\n\n\n<p>If you wish to pay by bank transfer I invite you to contact me by mail:&nbsp;<a>bijoux@stephaneolivier.eu<\/a><\/p>\n\n\n\n<h3><strong>Clause n\u00b011 : Delayed payment<\/strong><\/h3>\n\n\n\n<p>For any delay in payment occurring after the agreed deadline and the reference period, a late payment penalty equal to three times the legal interest rate will be applied. The legal interest rate is that in force on the day of delivery of the goods. This penalty is calculated on the amount of the outstanding amount, excluding taxes, and runs from the due date of the price without any prior notice of default being required. For any payment after the due date, a fixed indemnity of 40 \u20ac will be applied to cover the collection costs.<\/p>\n\n\n\n<h3><strong>Clause n\u00b012 : Resolutive clause<\/strong><\/h3>\n\n\n\n<p>If in the fifteen days following the implementation of the clause \"Late payment\", the buyer has not paid the remaining sums due, the sale will be cancelled by right and may give right to the allocation of damages to the benefit of the company St\u00e9phane OLIVIER. In case of non-payment, 48 hours after a formal notice remained unsuccessful, the sale will be automatically cancelled and may give right to the allocation of damages to the benefit of the company St\u00e9phane OLIVIER. The resolution will not only affect the order in question, but also all previous unpaid orders, whether they have been delivered\/completed or are in the process of being delivered\/completed, and whether their payment is due or not. The sums that would be due for other deliveries, or for any other clause, will become immediately payable if the company St\u00e9phane OLIVIER does not opt for the resolution of the corresponding orders. The customer will have to reimburse all the expenses caused by the contentious recovery of the sums due, including the fees of legal officers.<\/p>\n\n\n\n<h3><strong>Clause n\u00b013 : Property reserve<\/strong><\/h3>\n\n\n\n<p><strong><br><\/strong>The company St\u00e9phane OLIVIER keeps the property of the sold goods until the complete payment of the price, in principal and in accessories. In this respect, if the customer is subject to a receivership or a judicial liquidation, the company St\u00e9phane OLIVIER reserves the right to claim, within the framework of the collective procedure, the goods sold and remained unpaid. The property of the delivered goods is reserved to us until the complete payment of the price and its accessories. By express agreement, the company St\u00e9phane OLIVIER reserves the property of the goods until the last day of their perfect payment.<\/p>\n\n\n\n<h3><strong>Clause n\u00b014 : Intellectual property<\/strong><\/h3>\n\n\n\n<p>The studies, estimates, plans and documents of any kind given or sent by the company St\u00e9phane OLIVIER always remain its entire property. They must be returned on request. They cannot be communicated, nor reproduced, nor executed by a third party, without authorization. The customer commits himself to keep confidential and not to reveal in all or in part, to any third party, the estimates, proposals, documents and\/or information that the company St\u00e9phane OLIVIER would have communicated to him and of which he would have had knowledge, before, concomitantly or after the execution of the contract. The realization remains the intellectual property of St\u00e9phane OLIVIER and cannot be reproduced by the customer or by a third party. The customer authorizes the company St\u00e9phane OLIVIER to quote his name as a reference.<\/p>\n\n\n\n<h3><strong>Clause n\u00b015 : Force Majeure<\/strong><\/h3>\n\n\n\n<p><strong><br><\/strong>The responsibility of the company St\u00e9phane OLIVIER cannot be implemented if the non-execution or the delay in the execution of one of the obligations written in the present general conditions of sale results from a case of force majeure. For this reason, the force majeure means any external, unforeseeable and irresistible event in the sense of the article 1148 of the Civil code.<\/p>\n\n\n\n<h3><strong>Clause n\u00b016 : Competent court<\/strong><\/h3>\n\n\n\n<p><strong><br><\/strong>Any dispute relating to the interpretation and execution of these general conditions of sale is subject to French law. In the absence of amicable resolution, the dispute will be brought before the Commercial Court of Toulouse. In the event of a dispute, the Commercial Court of Toulouse will have sole jurisdiction to hear all disputes that may arise in connection with the conclusion or execution of the agreements concluded between us, even in the event of a warranty claim or multiple defendants. Any order implies acceptance of these agreements<strong>.<\/strong><\/p>\n\n\n\n<h2><strong>LEGAL NOTICES<\/strong><\/h2>\n\n\n\n<p>St\u00e9phane OLIVIER<br>N\u00b0 Siret&nbsp;: 793 839 846 00037<br>Adresse&nbsp;: 18 rue Antoine Laporte \u2013 31130 Balma \u2013 France<br><a>bijoux@stephaneolivier.eu<\/a><br>Phone\u00a0: +33 7 65 21 98 92<\/p>\n\n\n\n<p>\u00a92022 by St\u00e9phane OLIVIER<\/p>","protected":false},"excerpt":{"rendered":"<p>CONDITIONS G\u00c9N\u00c9RALES DE VENTE Clause n\u00b01 : Objet Les conditions g\u00e9n\u00e9rales de vente d\u00e9crites ci-apr\u00e8s d\u00e9taillent les droits et obligations de l&rsquo;entreprise St\u00e9phane OLIVIER et de son client dans le cadre de la vente en ligne des marchandises en verre, bois, m\u00e9tal ou c\u00e9ramique cr\u00e9es et r\u00e9alis\u00e9es par l&rsquo;entreprise St\u00e9phane OLIVIER. Toute prestation accomplie par [&hellip;]<\/p>","protected":false},"author":1,"featured_media":0,"parent":0,"menu_order":0,"comment_status":"closed","ping_status":"closed","template":"template-fullwidth.php","meta":{"_mi_skip_tracking":false,"_monsterinsights_sitenote_active":false,"_monsterinsights_sitenote_note":"","_monsterinsights_sitenote_category":0,"_vp_format_video_url":"","_vp_image_focal_point":[]},"yoast_head":"<!-- This site is optimized with the Yoast SEO plugin v20.12 - https:\/\/yoast.com\/wordpress\/plugins\/seo\/ -->\n<title>CGV - St\u00e9phane OLIVIER<\/title>\n<meta name=\"robots\" content=\"index, follow, max-snippet:-1, max-image-preview:large, max-video-preview:-1\" \/>\n<link rel=\"canonical\" href=\"https:\/\/www.stephaneolivier.eu\/en\/cgv\/\" \/>\n<meta property=\"og:locale\" content=\"en_US\" \/>\n<meta property=\"og:type\" content=\"article\" \/>\n<meta property=\"og:title\" content=\"CGV - St\u00e9phane OLIVIER\" \/>\n<meta property=\"og:description\" content=\"CONDITIONS G\u00c9N\u00c9RALES DE VENTE Clause n\u00b01 : Objet Les conditions g\u00e9n\u00e9rales de vente d\u00e9crites ci-apr\u00e8s d\u00e9taillent les droits et obligations de l&rsquo;entreprise St\u00e9phane OLIVIER et de son client dans le cadre de la vente en ligne des marchandises en verre, bois, m\u00e9tal ou c\u00e9ramique cr\u00e9es et r\u00e9alis\u00e9es par l&rsquo;entreprise St\u00e9phane OLIVIER. Toute prestation accomplie par [&hellip;]\" \/>\n<meta property=\"og:url\" content=\"https:\/\/www.stephaneolivier.eu\/en\/cgv\/\" \/>\n<meta property=\"og:site_name\" content=\"St\u00e9phane OLIVIER\" \/>\n<meta property=\"article:modified_time\" content=\"2022-04-24T17:40:23+00:00\" \/>\n<meta name=\"twitter:card\" content=\"summary_large_image\" \/>\n<meta name=\"twitter:label1\" content=\"Est. reading time\" \/>\n\t<meta name=\"twitter:data1\" content=\"9 minutes\" \/>\n<script type=\"application\/ld+json\" class=\"yoast-schema-graph\">{\"@context\":\"https:\/\/schema.org\",\"@graph\":[{\"@type\":\"WebPage\",\"@id\":\"https:\/\/www.stephaneolivier.eu\/cgv\/\",\"url\":\"https:\/\/www.stephaneolivier.eu\/cgv\/\",\"name\":\"CGV - St\u00e9phane OLIVIER\",\"isPartOf\":{\"@id\":\"https:\/\/www.stephaneolivier.eu\/#website\"},\"datePublished\":\"2020-01-11T18:41:37+00:00\",\"dateModified\":\"2022-04-24T17:40:23+00:00\",\"breadcrumb\":{\"@id\":\"https:\/\/www.stephaneolivier.eu\/cgv\/#breadcrumb\"},\"inLanguage\":\"en-US\",\"potentialAction\":[{\"@type\":\"ReadAction\",\"target\":[\"https:\/\/www.stephaneolivier.eu\/cgv\/\"]}]},{\"@type\":\"BreadcrumbList\",\"@id\":\"https:\/\/www.stephaneolivier.eu\/cgv\/#breadcrumb\",\"itemListElement\":[{\"@type\":\"ListItem\",\"position\":1,\"name\":\"Accueil\",\"item\":\"https:\/\/www.stephaneolivier.eu\/\"},{\"@type\":\"ListItem\",\"position\":2,\"name\":\"CGV\"}]},{\"@type\":\"WebSite\",\"@id\":\"https:\/\/www.stephaneolivier.eu\/#website\",\"url\":\"https:\/\/www.stephaneolivier.eu\/\",\"name\":\"St\u00e9phane OLIVIER Glass Jewelry\",\"description\":\"Artisanat d&#039;art - Bijoux en verre et argent\",\"publisher\":{\"@id\":\"https:\/\/www.stephaneolivier.eu\/#organization\"},\"potentialAction\":[{\"@type\":\"SearchAction\",\"target\":{\"@type\":\"EntryPoint\",\"urlTemplate\":\"https:\/\/www.stephaneolivier.eu\/?s={search_term_string}\"},\"query-input\":\"required name=search_term_string\"}],\"inLanguage\":\"en-US\"},{\"@type\":\"Organization\",\"@id\":\"https:\/\/www.stephaneolivier.eu\/#organization\",\"name\":\"St\u00e9phane OLIVIER\",\"url\":\"https:\/\/www.stephaneolivier.eu\/\",\"logo\":{\"@type\":\"ImageObject\",\"inLanguage\":\"en-US\",\"@id\":\"https:\/\/www.stephaneolivier.eu\/#\/schema\/logo\/image\/\",\"url\":\"https:\/\/www.stephaneolivier.eu\/wp-content\/uploads\/2020\/03\/1x1_IMG_2591_Stendhal-1_Stephane_OLIVIER.jpg\",\"contentUrl\":\"https:\/\/www.stephaneolivier.eu\/wp-content\/uploads\/2020\/03\/1x1_IMG_2591_Stendhal-1_Stephane_OLIVIER.jpg\",\"width\":1024,\"height\":1024,\"caption\":\"St\u00e9phane OLIVIER\"},\"image\":{\"@id\":\"https:\/\/www.stephaneolivier.eu\/#\/schema\/logo\/image\/\"},\"sameAs\":[\"https:\/\/www.instagram.com\/stephane_olivier_beads\/\",\"https:\/\/www.pinterest.fr\/stphaneo\/\"]}]}<\/script>\n<!-- \/ Yoast SEO plugin. -->","yoast_head_json":{"title":"CGV - St\u00e9phane OLIVIER","robots":{"index":"index","follow":"follow","max-snippet":"max-snippet:-1","max-image-preview":"max-image-preview:large","max-video-preview":"max-video-preview:-1"},"canonical":"https:\/\/www.stephaneolivier.eu\/en\/cgv\/","og_locale":"en_US","og_type":"article","og_title":"CGV - St\u00e9phane OLIVIER","og_description":"CONDITIONS G\u00c9N\u00c9RALES DE VENTE Clause n\u00b01 : Objet Les conditions g\u00e9n\u00e9rales de vente d\u00e9crites ci-apr\u00e8s d\u00e9taillent les droits et obligations de l&rsquo;entreprise St\u00e9phane OLIVIER et de son client dans le cadre de la vente en ligne des marchandises en verre, bois, m\u00e9tal ou c\u00e9ramique cr\u00e9es et r\u00e9alis\u00e9es par l&rsquo;entreprise St\u00e9phane OLIVIER. Toute prestation accomplie par [&hellip;]","og_url":"https:\/\/www.stephaneolivier.eu\/en\/cgv\/","og_site_name":"St\u00e9phane OLIVIER","article_modified_time":"2022-04-24T17:40:23+00:00","twitter_card":"summary_large_image","twitter_misc":{"Est. reading time":"9 minutes"},"schema":{"@context":"https:\/\/schema.org","@graph":[{"@type":"WebPage","@id":"https:\/\/www.stephaneolivier.eu\/cgv\/","url":"https:\/\/www.stephaneolivier.eu\/cgv\/","name":"CGV - St\u00e9phane OLIVIER","isPartOf":{"@id":"https:\/\/www.stephaneolivier.eu\/#website"},"datePublished":"2020-01-11T18:41:37+00:00","dateModified":"2022-04-24T17:40:23+00:00","breadcrumb":{"@id":"https:\/\/www.stephaneolivier.eu\/cgv\/#breadcrumb"},"inLanguage":"en-US","potentialAction":[{"@type":"ReadAction","target":["https:\/\/www.stephaneolivier.eu\/cgv\/"]}]},{"@type":"BreadcrumbList","@id":"https:\/\/www.stephaneolivier.eu\/cgv\/#breadcrumb","itemListElement":[{"@type":"ListItem","position":1,"name":"Accueil","item":"https:\/\/www.stephaneolivier.eu\/"},{"@type":"ListItem","position":2,"name":"CGV"}]},{"@type":"WebSite","@id":"https:\/\/www.stephaneolivier.eu\/#website","url":"https:\/\/www.stephaneolivier.eu\/","name":"St\u00e9phane OLIVIER Glass Jewelry","description":"Artisanat d&#039;art - Bijoux en verre et argent","publisher":{"@id":"https:\/\/www.stephaneolivier.eu\/#organization"},"potentialAction":[{"@type":"SearchAction","target":{"@type":"EntryPoint","urlTemplate":"https:\/\/www.stephaneolivier.eu\/?s={search_term_string}"},"query-input":"required name=search_term_string"}],"inLanguage":"en-US"},{"@type":"Organization","@id":"https:\/\/www.stephaneolivier.eu\/#organization","name":"St\u00e9phane OLIVIER","url":"https:\/\/www.stephaneolivier.eu\/","logo":{"@type":"ImageObject","inLanguage":"en-US","@id":"https:\/\/www.stephaneolivier.eu\/#\/schema\/logo\/image\/","url":"https:\/\/www.stephaneolivier.eu\/wp-content\/uploads\/2020\/03\/1x1_IMG_2591_Stendhal-1_Stephane_OLIVIER.jpg","contentUrl":"https:\/\/www.stephaneolivier.eu\/wp-content\/uploads\/2020\/03\/1x1_IMG_2591_Stendhal-1_Stephane_OLIVIER.jpg","width":1024,"height":1024,"caption":"St\u00e9phane OLIVIER"},"image":{"@id":"https:\/\/www.stephaneolivier.eu\/#\/schema\/logo\/image\/"},"sameAs":["https:\/\/www.instagram.com\/stephane_olivier_beads\/","https:\/\/www.pinterest.fr\/stphaneo\/"]}]}},"_links":{"self":[{"href":"https:\/\/www.stephaneolivier.eu\/en\/wp-json\/wp\/v2\/pages\/85"}],"collection":[{"href":"https:\/\/www.stephaneolivier.eu\/en\/wp-json\/wp\/v2\/pages"}],"about":[{"href":"https:\/\/www.stephaneolivier.eu\/en\/wp-json\/wp\/v2\/types\/page"}],"author":[{"embeddable":true,"href":"https:\/\/www.stephaneolivier.eu\/en\/wp-json\/wp\/v2\/users\/1"}],"replies":[{"embeddable":true,"href":"https:\/\/www.stephaneolivier.eu\/en\/wp-json\/wp\/v2\/comments?post=85"}],"version-history":[{"count":10,"href":"https:\/\/www.stephaneolivier.eu\/en\/wp-json\/wp\/v2\/pages\/85\/revisions"}],"predecessor-version":[{"id":3194,"href":"https:\/\/www.stephaneolivier.eu\/en\/wp-json\/wp\/v2\/pages\/85\/revisions\/3194"}],"wp:attachment":[{"href":"https:\/\/www.stephaneolivier.eu\/en\/wp-json\/wp\/v2\/media?parent=85"}],"curies":[{"name":"wp","href":"https:\/\/api.w.org\/{rel}","templated":true}]}}