{"id":2266,"date":"2022-01-04T19:00:12","date_gmt":"2022-01-04T18:00:12","guid":{"rendered":"https:\/\/www.stephaneolivier.eu\/?post_type=product&#038;p=2266"},"modified":"2022-01-05T11:15:18","modified_gmt":"2022-01-05T10:15:18","slug":"gobbi-13","status":"publish","type":"product","link":"https:\/\/www.stephaneolivier.eu\/en\/product\/gobbi-13\/","title":{"rendered":"Gobbi-13"},"content":{"rendered":"<p class=\" translation-block\"><strong>Glass bead necklace<\/strong> transparent <strong>Green<\/strong> and <strong>Pink<\/strong><\/p>\n<p class=\" translation-block\">Pearl diameter 22 mm mounted on necklace <strong>Black neoprene<\/strong> length <strong>42cm<\/strong><\/p>\n<p class=\" translation-block\">Buckle closure and small <strong>Green<\/strong> bead (color of the detail of the closure is not contractual)<\/p>\n<p class=\" translation-block\">Weight <strong>9g<\/strong><\/p>","protected":false},"excerpt":{"rendered":"<p>Collier perle de verre transparente couleur Verte et Rose Perle diam\u00e8tre 22 mm mont\u00e9e sur collier N\u00e9opr\u00e8ne noir longueur 42cm Fermeture par boucle et petite perle de couleur Verte (couleur du detail de la fermeture non contractuelle) Poids 9g<\/p>","protected":false},"featured_media":2262,"template":"","meta":{"_mi_skip_tracking":false,"_monsterinsights_sitenote_active":false,"_monsterinsights_sitenote_note":"","_monsterinsights_sitenote_category":0,"_vp_format_video_url":"","_vp_image_focal_point":[]},"product_cat":[155,154],"product_tag":[59],"yoast_head":"<!-- This site is optimized with the Yoast SEO plugin v20.12 - https:\/\/yoast.com\/wordpress\/plugins\/seo\/ -->\n<title>Gobbi-13 - St\u00e9phane OLIVIER<\/title>\n<meta name=\"description\" content=\"Collier perle de verre transparente couleur vert et rose - Perle diam\u00e8tre 22 mm mont\u00e9e sur collier N\u00e9opr\u00e8ne noir longueur 42cm - Fermeture par boucle et perle - Poids 9gr\" \/>\n<meta name=\"robots\" content=\"index, follow, max-snippet:-1, max-image-preview:large, max-video-preview:-1\" \/>\n<link rel=\"canonical\" href=\"https:\/\/www.stephaneolivier.eu\/en\/product\/gobbi-13\/\" \/>\n<meta property=\"og:locale\" content=\"en_US\" \/>\n<meta property=\"og:type\" content=\"article\" \/>\n<meta property=\"og:title\" content=\"Gobbi-13 - St\u00e9phane OLIVIER\" \/>\n<meta property=\"og:description\" content=\"Collier perle de verre transparente couleur vert et rose - Perle diam\u00e8tre 22 mm mont\u00e9e sur collier N\u00e9opr\u00e8ne noir longueur 42cm - Fermeture par boucle et perle - Poids 9gr\" \/>\n<meta property=\"og:url\" content=\"https:\/\/www.stephaneolivier.eu\/en\/product\/gobbi-13\/\" \/>\n<meta property=\"og:site_name\" content=\"St\u00e9phane OLIVIER\" \/>\n<meta property=\"article:modified_time\" content=\"2022-01-05T10:15:18+00:00\" \/>\n<meta property=\"og:image\" content=\"https:\/\/www.stephaneolivier.eu\/wp-content\/uploads\/2022\/01\/1x1_064A2388_Gobbi-13_Stephane_OLIVIER.jpg\" \/>\n\t<meta property=\"og:image:width\" content=\"1080\" \/>\n\t<meta property=\"og:image:height\" content=\"1080\" \/>\n\t<meta property=\"og:image:type\" content=\"image\/jpeg\" \/>\n<meta name=\"twitter:card\" content=\"summary_large_image\" \/>\n<meta name=\"twitter:label1\" content=\"Est. reading time\" \/>\n\t<meta name=\"twitter:data1\" content=\"1 minute\" \/>\n<script type=\"application\/ld+json\" class=\"yoast-schema-graph\">{\"@context\":\"https:\/\/schema.org\",\"@graph\":[{\"@type\":\"WebPage\",\"@id\":\"https:\/\/www.stephaneolivier.eu\/produit\/gobbi-13\/\",\"url\":\"https:\/\/www.stephaneolivier.eu\/produit\/gobbi-13\/\",\"name\":\"Gobbi-13 - St\u00e9phane OLIVIER\",\"isPartOf\":{\"@id\":\"https:\/\/www.stephaneolivier.eu\/#website\"},\"datePublished\":\"2022-01-04T18:00:12+00:00\",\"dateModified\":\"2022-01-05T10:15:18+00:00\",\"description\":\"Collier perle de verre transparente couleur vert et rose - Perle diam\u00e8tre 22 mm mont\u00e9e sur collier N\u00e9opr\u00e8ne noir longueur 42cm - Fermeture par boucle et perle - Poids 9gr\",\"breadcrumb\":{\"@id\":\"https:\/\/www.stephaneolivier.eu\/produit\/gobbi-13\/#breadcrumb\"},\"inLanguage\":\"en-US\",\"potentialAction\":[{\"@type\":\"ReadAction\",\"target\":[\"https:\/\/www.stephaneolivier.eu\/produit\/gobbi-13\/\"]}]},{\"@type\":\"BreadcrumbList\",\"@id\":\"https:\/\/www.stephaneolivier.eu\/produit\/gobbi-13\/#breadcrumb\",\"itemListElement\":[{\"@type\":\"ListItem\",\"position\":1,\"name\":\"Accueil\",\"item\":\"https:\/\/www.stephaneolivier.eu\/\"},{\"@type\":\"ListItem\",\"position\":2,\"name\":\"Boutique\",\"item\":\"https:\/\/www.stephaneolivier.eu\/boutique\/\"},{\"@type\":\"ListItem\",\"position\":3,\"name\":\"Gobbi-13\"}]},{\"@type\":\"WebSite\",\"@id\":\"https:\/\/www.stephaneolivier.eu\/#website\",\"url\":\"https:\/\/www.stephaneolivier.eu\/\",\"name\":\"St\u00e9phane OLIVIER Glass Jewelry\",\"description\":\"Artisanat d&#039;art - Bijoux en verre et argent\",\"publisher\":{\"@id\":\"https:\/\/www.stephaneolivier.eu\/#organization\"},\"potentialAction\":[{\"@type\":\"SearchAction\",\"target\":{\"@type\":\"EntryPoint\",\"urlTemplate\":\"https:\/\/www.stephaneolivier.eu\/?s={search_term_string}\"},\"query-input\":\"required name=search_term_string\"}],\"inLanguage\":\"en-US\"},{\"@type\":\"Organization\",\"@id\":\"https:\/\/www.stephaneolivier.eu\/#organization\",\"name\":\"St\u00e9phane OLIVIER\",\"url\":\"https:\/\/www.stephaneolivier.eu\/\",\"logo\":{\"@type\":\"ImageObject\",\"inLanguage\":\"en-US\",\"@id\":\"https:\/\/www.stephaneolivier.eu\/#\/schema\/logo\/image\/\",\"url\":\"https:\/\/www.stephaneolivier.eu\/wp-content\/uploads\/2020\/03\/1x1_IMG_2591_Stendhal-1_Stephane_OLIVIER.jpg\",\"contentUrl\":\"https:\/\/www.stephaneolivier.eu\/wp-content\/uploads\/2020\/03\/1x1_IMG_2591_Stendhal-1_Stephane_OLIVIER.jpg\",\"width\":1024,\"height\":1024,\"caption\":\"St\u00e9phane OLIVIER\"},\"image\":{\"@id\":\"https:\/\/www.stephaneolivier.eu\/#\/schema\/logo\/image\/\"},\"sameAs\":[\"https:\/\/www.instagram.com\/stephane_olivier_beads\/\",\"https:\/\/www.pinterest.fr\/stphaneo\/\"]}]}<\/script>\n<!-- \/ Yoast SEO plugin. -->","yoast_head_json":{"title":"Gobbi-13 - St\u00e9phane OLIVIER","description":"Collier perle de verre transparente couleur vert et rose - Perle diam\u00e8tre 22 mm mont\u00e9e sur collier N\u00e9opr\u00e8ne noir longueur 42cm - Fermeture par boucle et perle - Poids 9gr","robots":{"index":"index","follow":"follow","max-snippet":"max-snippet:-1","max-image-preview":"max-image-preview:large","max-video-preview":"max-video-preview:-1"},"canonical":"https:\/\/www.stephaneolivier.eu\/en\/product\/gobbi-13\/","og_locale":"en_US","og_type":"article","og_title":"Gobbi-13 - St\u00e9phane OLIVIER","og_description":"Collier perle de verre transparente couleur vert et rose - Perle diam\u00e8tre 22 mm mont\u00e9e sur collier N\u00e9opr\u00e8ne noir longueur 42cm - Fermeture par boucle et perle - Poids 9gr","og_url":"https:\/\/www.stephaneolivier.eu\/en\/product\/gobbi-13\/","og_site_name":"St\u00e9phane OLIVIER","article_modified_time":"2022-01-05T10:15:18+00:00","og_image":[{"width":1080,"height":1080,"url":"https:\/\/www.stephaneolivier.eu\/wp-content\/uploads\/2022\/01\/1x1_064A2388_Gobbi-13_Stephane_OLIVIER.jpg","type":"image\/jpeg"}],"twitter_card":"summary_large_image","twitter_misc":{"Est. reading time":"1 minute"},"schema":{"@context":"https:\/\/schema.org","@graph":[{"@type":"WebPage","@id":"https:\/\/www.stephaneolivier.eu\/produit\/gobbi-13\/","url":"https:\/\/www.stephaneolivier.eu\/produit\/gobbi-13\/","name":"Gobbi-13 - St\u00e9phane OLIVIER","isPartOf":{"@id":"https:\/\/www.stephaneolivier.eu\/#website"},"datePublished":"2022-01-04T18:00:12+00:00","dateModified":"2022-01-05T10:15:18+00:00","description":"Collier perle de verre transparente couleur vert et rose - Perle diam\u00e8tre 22 mm mont\u00e9e sur collier N\u00e9opr\u00e8ne noir longueur 42cm - Fermeture par boucle et perle - Poids 9gr","breadcrumb":{"@id":"https:\/\/www.stephaneolivier.eu\/produit\/gobbi-13\/#breadcrumb"},"inLanguage":"en-US","potentialAction":[{"@type":"ReadAction","target":["https:\/\/www.stephaneolivier.eu\/produit\/gobbi-13\/"]}]},{"@type":"BreadcrumbList","@id":"https:\/\/www.stephaneolivier.eu\/produit\/gobbi-13\/#breadcrumb","itemListElement":[{"@type":"ListItem","position":1,"name":"Accueil","item":"https:\/\/www.stephaneolivier.eu\/"},{"@type":"ListItem","position":2,"name":"Boutique","item":"https:\/\/www.stephaneolivier.eu\/boutique\/"},{"@type":"ListItem","position":3,"name":"Gobbi-13"}]},{"@type":"WebSite","@id":"https:\/\/www.stephaneolivier.eu\/#website","url":"https:\/\/www.stephaneolivier.eu\/","name":"St\u00e9phane OLIVIER Glass Jewelry","description":"Artisanat d&#039;art - Bijoux en verre et argent","publisher":{"@id":"https:\/\/www.stephaneolivier.eu\/#organization"},"potentialAction":[{"@type":"SearchAction","target":{"@type":"EntryPoint","urlTemplate":"https:\/\/www.stephaneolivier.eu\/?s={search_term_string}"},"query-input":"required name=search_term_string"}],"inLanguage":"en-US"},{"@type":"Organization","@id":"https:\/\/www.stephaneolivier.eu\/#organization","name":"St\u00e9phane OLIVIER","url":"https:\/\/www.stephaneolivier.eu\/","logo":{"@type":"ImageObject","inLanguage":"en-US","@id":"https:\/\/www.stephaneolivier.eu\/#\/schema\/logo\/image\/","url":"https:\/\/www.stephaneolivier.eu\/wp-content\/uploads\/2020\/03\/1x1_IMG_2591_Stendhal-1_Stephane_OLIVIER.jpg","contentUrl":"https:\/\/www.stephaneolivier.eu\/wp-content\/uploads\/2020\/03\/1x1_IMG_2591_Stendhal-1_Stephane_OLIVIER.jpg","width":1024,"height":1024,"caption":"St\u00e9phane OLIVIER"},"image":{"@id":"https:\/\/www.stephaneolivier.eu\/#\/schema\/logo\/image\/"},"sameAs":["https:\/\/www.instagram.com\/stephane_olivier_beads\/","https:\/\/www.pinterest.fr\/stphaneo\/"]}]}},"_links":{"self":[{"href":"https:\/\/www.stephaneolivier.eu\/en\/wp-json\/wp\/v2\/product\/2266"}],"collection":[{"href":"https:\/\/www.stephaneolivier.eu\/en\/wp-json\/wp\/v2\/product"}],"about":[{"href":"https:\/\/www.stephaneolivier.eu\/en\/wp-json\/wp\/v2\/types\/product"}],"wp:featuredmedia":[{"embeddable":true,"href":"https:\/\/www.stephaneolivier.eu\/en\/wp-json\/wp\/v2\/media\/2262"}],"wp:attachment":[{"href":"https:\/\/www.stephaneolivier.eu\/en\/wp-json\/wp\/v2\/media?parent=2266"}],"wp:term":[{"taxonomy":"product_cat","embeddable":true,"href":"https:\/\/www.stephaneolivier.eu\/en\/wp-json\/wp\/v2\/product_cat?post=2266"},{"taxonomy":"product_tag","embeddable":true,"href":"https:\/\/www.stephaneolivier.eu\/en\/wp-json\/wp\/v2\/product_tag?post=2266"}],"curies":[{"name":"wp","href":"https:\/\/api.w.org\/{rel}","templated":true}]}}