{"id":2281,"date":"2022-01-04T19:32:55","date_gmt":"2022-01-04T18:32:55","guid":{"rendered":"https:\/\/www.stephaneolivier.eu\/?post_type=product&#038;p=2281"},"modified":"2022-01-05T11:12:30","modified_gmt":"2022-01-05T10:12:30","slug":"africa-05","status":"publish","type":"product","link":"https:\/\/www.stephaneolivier.eu\/en\/product\/africa-05\/","title":{"rendered":"Africa-05"},"content":{"rendered":"<p class=\" translation-block\"><strong>Glass bead necklace<\/strong> opaque Zebra color <strong>Ivory<\/strong> and <strong>Blue<\/strong> cobalt<\/p>\n<p class=\" translation-block\">Pearl diameter 22 mm mounted on necklace <strong>Black neoprene<\/strong> length <strong>42cm<\/strong><\/p>\n<p class=\" translation-block\">Buckle closure and small <strong>Blue<\/strong> bead (color of closure detail not contractual)<\/p>\n<p class=\" translation-block\">Weight <strong>8gr<\/strong><\/p>","protected":false},"excerpt":{"rendered":"<p>Collier perle de verre opaque Z\u00e9br\u00e9 couleur Ivoire et Bleu cobalt Perle diam\u00e8tre 22 mm mont\u00e9e sur collier N\u00e9opr\u00e8ne noir longueur 42cm Fermeture par boucle et petite perle de couleur Bleue (couleur du detail de la fermeture non contractuelle) Poids 8gr<\/p>","protected":false},"featured_media":2272,"template":"","meta":{"_mi_skip_tracking":false,"_monsterinsights_sitenote_active":false,"_monsterinsights_sitenote_note":"","_monsterinsights_sitenote_category":0,"_vp_format_video_url":"","_vp_image_focal_point":[]},"product_cat":[155,154],"product_tag":[153],"yoast_head":"<!-- This site is optimized with the Yoast SEO plugin v20.12 - https:\/\/yoast.com\/wordpress\/plugins\/seo\/ -->\n<title>Africa-05 - St\u00e9phane OLIVIER<\/title>\n<meta name=\"description\" content=\"Collier perle de verre opaque Z\u00e9br\u00e9 couleur Ivoire et bleu cobalt - Perle diam\u00e8tre 22 mm mont\u00e9e sur collier N\u00e9opr\u00e8ne noir longueur 42cm - Fermeture par boucle et perle\" \/>\n<meta name=\"robots\" content=\"index, follow, max-snippet:-1, max-image-preview:large, max-video-preview:-1\" \/>\n<link rel=\"canonical\" href=\"https:\/\/www.stephaneolivier.eu\/en\/product\/africa-05\/\" \/>\n<meta property=\"og:locale\" content=\"en_US\" \/>\n<meta property=\"og:type\" content=\"article\" \/>\n<meta property=\"og:title\" content=\"Africa-05 - St\u00e9phane OLIVIER\" \/>\n<meta property=\"og:description\" content=\"Collier perle de verre opaque Z\u00e9br\u00e9 couleur Ivoire et bleu cobalt - Perle diam\u00e8tre 22 mm mont\u00e9e sur collier N\u00e9opr\u00e8ne noir longueur 42cm - Fermeture par boucle et perle\" \/>\n<meta property=\"og:url\" content=\"https:\/\/www.stephaneolivier.eu\/en\/product\/africa-05\/\" \/>\n<meta property=\"og:site_name\" content=\"St\u00e9phane OLIVIER\" \/>\n<meta property=\"article:modified_time\" content=\"2022-01-05T10:12:30+00:00\" \/>\n<meta property=\"og:image\" content=\"https:\/\/www.stephaneolivier.eu\/wp-content\/uploads\/2022\/01\/1x1_064A3632_Africa-5_Stephane_OLIVIER.jpg\" \/>\n\t<meta property=\"og:image:width\" content=\"1080\" \/>\n\t<meta property=\"og:image:height\" content=\"1080\" \/>\n\t<meta property=\"og:image:type\" content=\"image\/jpeg\" \/>\n<meta name=\"twitter:card\" content=\"summary_large_image\" \/>\n<meta name=\"twitter:label1\" content=\"Est. reading time\" \/>\n\t<meta name=\"twitter:data1\" content=\"1 minute\" \/>\n<script type=\"application\/ld+json\" class=\"yoast-schema-graph\">{\"@context\":\"https:\/\/schema.org\",\"@graph\":[{\"@type\":\"WebPage\",\"@id\":\"https:\/\/www.stephaneolivier.eu\/produit\/africa-05\/\",\"url\":\"https:\/\/www.stephaneolivier.eu\/produit\/africa-05\/\",\"name\":\"Africa-05 - St\u00e9phane OLIVIER\",\"isPartOf\":{\"@id\":\"https:\/\/www.stephaneolivier.eu\/#website\"},\"datePublished\":\"2022-01-04T18:32:55+00:00\",\"dateModified\":\"2022-01-05T10:12:30+00:00\",\"description\":\"Collier perle de verre opaque Z\u00e9br\u00e9 couleur Ivoire et bleu cobalt - Perle diam\u00e8tre 22 mm mont\u00e9e sur collier N\u00e9opr\u00e8ne noir longueur 42cm - Fermeture par boucle et perle\",\"breadcrumb\":{\"@id\":\"https:\/\/www.stephaneolivier.eu\/produit\/africa-05\/#breadcrumb\"},\"inLanguage\":\"en-US\",\"potentialAction\":[{\"@type\":\"ReadAction\",\"target\":[\"https:\/\/www.stephaneolivier.eu\/produit\/africa-05\/\"]}]},{\"@type\":\"BreadcrumbList\",\"@id\":\"https:\/\/www.stephaneolivier.eu\/produit\/africa-05\/#breadcrumb\",\"itemListElement\":[{\"@type\":\"ListItem\",\"position\":1,\"name\":\"Accueil\",\"item\":\"https:\/\/www.stephaneolivier.eu\/\"},{\"@type\":\"ListItem\",\"position\":2,\"name\":\"Boutique\",\"item\":\"https:\/\/www.stephaneolivier.eu\/boutique\/\"},{\"@type\":\"ListItem\",\"position\":3,\"name\":\"Africa-05\"}]},{\"@type\":\"WebSite\",\"@id\":\"https:\/\/www.stephaneolivier.eu\/#website\",\"url\":\"https:\/\/www.stephaneolivier.eu\/\",\"name\":\"St\u00e9phane OLIVIER Glass Jewelry\",\"description\":\"Artisanat d&#039;art - Bijoux en verre et argent\",\"publisher\":{\"@id\":\"https:\/\/www.stephaneolivier.eu\/#organization\"},\"potentialAction\":[{\"@type\":\"SearchAction\",\"target\":{\"@type\":\"EntryPoint\",\"urlTemplate\":\"https:\/\/www.stephaneolivier.eu\/?s={search_term_string}\"},\"query-input\":\"required name=search_term_string\"}],\"inLanguage\":\"en-US\"},{\"@type\":\"Organization\",\"@id\":\"https:\/\/www.stephaneolivier.eu\/#organization\",\"name\":\"St\u00e9phane OLIVIER\",\"url\":\"https:\/\/www.stephaneolivier.eu\/\",\"logo\":{\"@type\":\"ImageObject\",\"inLanguage\":\"en-US\",\"@id\":\"https:\/\/www.stephaneolivier.eu\/#\/schema\/logo\/image\/\",\"url\":\"https:\/\/www.stephaneolivier.eu\/wp-content\/uploads\/2020\/03\/1x1_IMG_2591_Stendhal-1_Stephane_OLIVIER.jpg\",\"contentUrl\":\"https:\/\/www.stephaneolivier.eu\/wp-content\/uploads\/2020\/03\/1x1_IMG_2591_Stendhal-1_Stephane_OLIVIER.jpg\",\"width\":1024,\"height\":1024,\"caption\":\"St\u00e9phane OLIVIER\"},\"image\":{\"@id\":\"https:\/\/www.stephaneolivier.eu\/#\/schema\/logo\/image\/\"},\"sameAs\":[\"https:\/\/www.instagram.com\/stephane_olivier_beads\/\",\"https:\/\/www.pinterest.fr\/stphaneo\/\"]}]}<\/script>\n<!-- \/ Yoast SEO plugin. -->","yoast_head_json":{"title":"Africa-05 - St\u00e9phane OLIVIER","description":"Collier perle de verre opaque Z\u00e9br\u00e9 couleur Ivoire et bleu cobalt - Perle diam\u00e8tre 22 mm mont\u00e9e sur collier N\u00e9opr\u00e8ne noir longueur 42cm - Fermeture par boucle et perle","robots":{"index":"index","follow":"follow","max-snippet":"max-snippet:-1","max-image-preview":"max-image-preview:large","max-video-preview":"max-video-preview:-1"},"canonical":"https:\/\/www.stephaneolivier.eu\/en\/product\/africa-05\/","og_locale":"en_US","og_type":"article","og_title":"Africa-05 - St\u00e9phane OLIVIER","og_description":"Collier perle de verre opaque Z\u00e9br\u00e9 couleur Ivoire et bleu cobalt - Perle diam\u00e8tre 22 mm mont\u00e9e sur collier N\u00e9opr\u00e8ne noir longueur 42cm - Fermeture par boucle et perle","og_url":"https:\/\/www.stephaneolivier.eu\/en\/product\/africa-05\/","og_site_name":"St\u00e9phane OLIVIER","article_modified_time":"2022-01-05T10:12:30+00:00","og_image":[{"width":1080,"height":1080,"url":"https:\/\/www.stephaneolivier.eu\/wp-content\/uploads\/2022\/01\/1x1_064A3632_Africa-5_Stephane_OLIVIER.jpg","type":"image\/jpeg"}],"twitter_card":"summary_large_image","twitter_misc":{"Est. reading time":"1 minute"},"schema":{"@context":"https:\/\/schema.org","@graph":[{"@type":"WebPage","@id":"https:\/\/www.stephaneolivier.eu\/produit\/africa-05\/","url":"https:\/\/www.stephaneolivier.eu\/produit\/africa-05\/","name":"Africa-05 - St\u00e9phane OLIVIER","isPartOf":{"@id":"https:\/\/www.stephaneolivier.eu\/#website"},"datePublished":"2022-01-04T18:32:55+00:00","dateModified":"2022-01-05T10:12:30+00:00","description":"Collier perle de verre opaque Z\u00e9br\u00e9 couleur Ivoire et bleu cobalt - Perle diam\u00e8tre 22 mm mont\u00e9e sur collier N\u00e9opr\u00e8ne noir longueur 42cm - Fermeture par boucle et perle","breadcrumb":{"@id":"https:\/\/www.stephaneolivier.eu\/produit\/africa-05\/#breadcrumb"},"inLanguage":"en-US","potentialAction":[{"@type":"ReadAction","target":["https:\/\/www.stephaneolivier.eu\/produit\/africa-05\/"]}]},{"@type":"BreadcrumbList","@id":"https:\/\/www.stephaneolivier.eu\/produit\/africa-05\/#breadcrumb","itemListElement":[{"@type":"ListItem","position":1,"name":"Accueil","item":"https:\/\/www.stephaneolivier.eu\/"},{"@type":"ListItem","position":2,"name":"Boutique","item":"https:\/\/www.stephaneolivier.eu\/boutique\/"},{"@type":"ListItem","position":3,"name":"Africa-05"}]},{"@type":"WebSite","@id":"https:\/\/www.stephaneolivier.eu\/#website","url":"https:\/\/www.stephaneolivier.eu\/","name":"St\u00e9phane OLIVIER Glass Jewelry","description":"Artisanat d&#039;art - Bijoux en verre et argent","publisher":{"@id":"https:\/\/www.stephaneolivier.eu\/#organization"},"potentialAction":[{"@type":"SearchAction","target":{"@type":"EntryPoint","urlTemplate":"https:\/\/www.stephaneolivier.eu\/?s={search_term_string}"},"query-input":"required name=search_term_string"}],"inLanguage":"en-US"},{"@type":"Organization","@id":"https:\/\/www.stephaneolivier.eu\/#organization","name":"St\u00e9phane OLIVIER","url":"https:\/\/www.stephaneolivier.eu\/","logo":{"@type":"ImageObject","inLanguage":"en-US","@id":"https:\/\/www.stephaneolivier.eu\/#\/schema\/logo\/image\/","url":"https:\/\/www.stephaneolivier.eu\/wp-content\/uploads\/2020\/03\/1x1_IMG_2591_Stendhal-1_Stephane_OLIVIER.jpg","contentUrl":"https:\/\/www.stephaneolivier.eu\/wp-content\/uploads\/2020\/03\/1x1_IMG_2591_Stendhal-1_Stephane_OLIVIER.jpg","width":1024,"height":1024,"caption":"St\u00e9phane OLIVIER"},"image":{"@id":"https:\/\/www.stephaneolivier.eu\/#\/schema\/logo\/image\/"},"sameAs":["https:\/\/www.instagram.com\/stephane_olivier_beads\/","https:\/\/www.pinterest.fr\/stphaneo\/"]}]}},"_links":{"self":[{"href":"https:\/\/www.stephaneolivier.eu\/en\/wp-json\/wp\/v2\/product\/2281"}],"collection":[{"href":"https:\/\/www.stephaneolivier.eu\/en\/wp-json\/wp\/v2\/product"}],"about":[{"href":"https:\/\/www.stephaneolivier.eu\/en\/wp-json\/wp\/v2\/types\/product"}],"wp:featuredmedia":[{"embeddable":true,"href":"https:\/\/www.stephaneolivier.eu\/en\/wp-json\/wp\/v2\/media\/2272"}],"wp:attachment":[{"href":"https:\/\/www.stephaneolivier.eu\/en\/wp-json\/wp\/v2\/media?parent=2281"}],"wp:term":[{"taxonomy":"product_cat","embeddable":true,"href":"https:\/\/www.stephaneolivier.eu\/en\/wp-json\/wp\/v2\/product_cat?post=2281"},{"taxonomy":"product_tag","embeddable":true,"href":"https:\/\/www.stephaneolivier.eu\/en\/wp-json\/wp\/v2\/product_tag?post=2281"}],"curies":[{"name":"wp","href":"https:\/\/api.w.org\/{rel}","templated":true}]}}