{"id":2356,"date":"2022-01-05T15:25:44","date_gmt":"2022-01-05T14:25:44","guid":{"rendered":"https:\/\/www.stephaneolivier.eu\/?post_type=product&#038;p=2356"},"modified":"2022-01-05T15:25:44","modified_gmt":"2022-01-05T14:25:44","slug":"triango-07","status":"publish","type":"product","link":"https:\/\/www.stephaneolivier.eu\/en\/product\/triango-07\/","title":{"rendered":"Triango-07"},"content":{"rendered":"<p class=\" translation-block\"><strong>Glass beads necklace<\/strong> opaque with triangular patterns in <strong>Orange Gray Yellow<\/strong> and <strong> Blue<\/strong><\/p>\n<p class=\" translation-block\">Consisting of <strong>5 Beads<\/strong> with diameter <strong>22 mm<\/strong> mounted on <strong>black Neoprene necklace<\/strong> length <strong>42cm<\/strong><\/p>\n<p class=\" translation-block\">Buckle closure and small bead <b>Gray with Blue dots<\/b> (detail image of the closure is not contractual)<\/p>\n<p class=\" translation-block\">Weight <strong>40g<\/strong><\/p>","protected":false},"excerpt":{"rendered":"<p>Collier perles de verre opaques \u00a0\u00e0 motifs triangulaire de couleur \u00a0Orange Gris Jaune\u00a0et Bleu Constitu\u00e9 de 5 Perles\u00a0de diam\u00e8tres 22 mm mont\u00e9es sur collier N\u00e9opr\u00e8ne noir longueur 42cm Fermeture par boucle et petite perle de couleur\u00a0Grise \u00e0 points Bleu\u00a0(image du detail de la fermeture non contractuelle) Poids 40g<\/p>","protected":false},"featured_media":2355,"template":"","meta":{"_mi_skip_tracking":false,"_monsterinsights_sitenote_active":false,"_monsterinsights_sitenote_note":"","_monsterinsights_sitenote_category":0,"_vp_format_video_url":"","_vp_image_focal_point":[]},"product_cat":[155,154],"product_tag":[159],"yoast_head":"<!-- This site is optimized with the Yoast SEO plugin v20.12 - https:\/\/yoast.com\/wordpress\/plugins\/seo\/ -->\n<title>Triango-07 - St\u00e9phane OLIVIER<\/title>\n<meta name=\"description\" content=\"Collier perles de verre opaques \u00a0\u00e0 motifs triangulaire de couleur \u00a0Orange Gris Jaune\u00a0et Bleu - Constitu\u00e9 de 5 Perles\u00a0de diam\u00e8tres 22 mm mont\u00e9es sur collier N\u00e9opr\u00e8ne noir longueur 42cm\" \/>\n<meta name=\"robots\" content=\"index, follow, max-snippet:-1, max-image-preview:large, max-video-preview:-1\" \/>\n<link rel=\"canonical\" href=\"https:\/\/www.stephaneolivier.eu\/en\/product\/triango-07\/\" \/>\n<meta property=\"og:locale\" content=\"en_US\" \/>\n<meta property=\"og:type\" content=\"article\" \/>\n<meta property=\"og:title\" content=\"Triango-07 - St\u00e9phane OLIVIER\" \/>\n<meta property=\"og:description\" content=\"Collier perles de verre opaques \u00a0\u00e0 motifs triangulaire de couleur \u00a0Orange Gris Jaune\u00a0et Bleu - Constitu\u00e9 de 5 Perles\u00a0de diam\u00e8tres 22 mm mont\u00e9es sur collier N\u00e9opr\u00e8ne noir longueur 42cm\" \/>\n<meta property=\"og:url\" content=\"https:\/\/www.stephaneolivier.eu\/en\/product\/triango-07\/\" \/>\n<meta property=\"og:site_name\" content=\"St\u00e9phane OLIVIER\" \/>\n<meta property=\"og:image\" content=\"https:\/\/www.stephaneolivier.eu\/wp-content\/uploads\/2022\/01\/1x1_064A9581__Stephane_OLIVIER.jpg\" \/>\n\t<meta property=\"og:image:width\" content=\"1080\" \/>\n\t<meta property=\"og:image:height\" content=\"720\" \/>\n\t<meta property=\"og:image:type\" content=\"image\/jpeg\" \/>\n<meta name=\"twitter:card\" content=\"summary_large_image\" \/>\n<script type=\"application\/ld+json\" class=\"yoast-schema-graph\">{\"@context\":\"https:\/\/schema.org\",\"@graph\":[{\"@type\":\"WebPage\",\"@id\":\"https:\/\/www.stephaneolivier.eu\/produit\/triango-07\/\",\"url\":\"https:\/\/www.stephaneolivier.eu\/produit\/triango-07\/\",\"name\":\"Triango-07 - St\u00e9phane OLIVIER\",\"isPartOf\":{\"@id\":\"https:\/\/www.stephaneolivier.eu\/#website\"},\"datePublished\":\"2022-01-05T14:25:44+00:00\",\"dateModified\":\"2022-01-05T14:25:44+00:00\",\"description\":\"Collier perles de verre opaques \u00a0\u00e0 motifs triangulaire de couleur \u00a0Orange Gris Jaune\u00a0et Bleu - Constitu\u00e9 de 5 Perles\u00a0de diam\u00e8tres 22 mm mont\u00e9es sur collier N\u00e9opr\u00e8ne noir longueur 42cm\",\"breadcrumb\":{\"@id\":\"https:\/\/www.stephaneolivier.eu\/produit\/triango-07\/#breadcrumb\"},\"inLanguage\":\"en-US\",\"potentialAction\":[{\"@type\":\"ReadAction\",\"target\":[\"https:\/\/www.stephaneolivier.eu\/produit\/triango-07\/\"]}]},{\"@type\":\"BreadcrumbList\",\"@id\":\"https:\/\/www.stephaneolivier.eu\/produit\/triango-07\/#breadcrumb\",\"itemListElement\":[{\"@type\":\"ListItem\",\"position\":1,\"name\":\"Accueil\",\"item\":\"https:\/\/www.stephaneolivier.eu\/\"},{\"@type\":\"ListItem\",\"position\":2,\"name\":\"Boutique\",\"item\":\"https:\/\/www.stephaneolivier.eu\/boutique\/\"},{\"@type\":\"ListItem\",\"position\":3,\"name\":\"Triango-07\"}]},{\"@type\":\"WebSite\",\"@id\":\"https:\/\/www.stephaneolivier.eu\/#website\",\"url\":\"https:\/\/www.stephaneolivier.eu\/\",\"name\":\"St\u00e9phane OLIVIER Glass Jewelry\",\"description\":\"Artisanat d&#039;art - Bijoux en verre et argent\",\"publisher\":{\"@id\":\"https:\/\/www.stephaneolivier.eu\/#organization\"},\"potentialAction\":[{\"@type\":\"SearchAction\",\"target\":{\"@type\":\"EntryPoint\",\"urlTemplate\":\"https:\/\/www.stephaneolivier.eu\/?s={search_term_string}\"},\"query-input\":\"required name=search_term_string\"}],\"inLanguage\":\"en-US\"},{\"@type\":\"Organization\",\"@id\":\"https:\/\/www.stephaneolivier.eu\/#organization\",\"name\":\"St\u00e9phane OLIVIER\",\"url\":\"https:\/\/www.stephaneolivier.eu\/\",\"logo\":{\"@type\":\"ImageObject\",\"inLanguage\":\"en-US\",\"@id\":\"https:\/\/www.stephaneolivier.eu\/#\/schema\/logo\/image\/\",\"url\":\"https:\/\/www.stephaneolivier.eu\/wp-content\/uploads\/2020\/03\/1x1_IMG_2591_Stendhal-1_Stephane_OLIVIER.jpg\",\"contentUrl\":\"https:\/\/www.stephaneolivier.eu\/wp-content\/uploads\/2020\/03\/1x1_IMG_2591_Stendhal-1_Stephane_OLIVIER.jpg\",\"width\":1024,\"height\":1024,\"caption\":\"St\u00e9phane OLIVIER\"},\"image\":{\"@id\":\"https:\/\/www.stephaneolivier.eu\/#\/schema\/logo\/image\/\"},\"sameAs\":[\"https:\/\/www.instagram.com\/stephane_olivier_beads\/\",\"https:\/\/www.pinterest.fr\/stphaneo\/\"]}]}<\/script>\n<!-- \/ Yoast SEO plugin. -->","yoast_head_json":{"title":"Triango-07 - St\u00e9phane OLIVIER","description":"Collier perles de verre opaques \u00a0\u00e0 motifs triangulaire de couleur \u00a0Orange Gris Jaune\u00a0et Bleu - Constitu\u00e9 de 5 Perles\u00a0de diam\u00e8tres 22 mm mont\u00e9es sur collier N\u00e9opr\u00e8ne noir longueur 42cm","robots":{"index":"index","follow":"follow","max-snippet":"max-snippet:-1","max-image-preview":"max-image-preview:large","max-video-preview":"max-video-preview:-1"},"canonical":"https:\/\/www.stephaneolivier.eu\/en\/product\/triango-07\/","og_locale":"en_US","og_type":"article","og_title":"Triango-07 - St\u00e9phane OLIVIER","og_description":"Collier perles de verre opaques \u00a0\u00e0 motifs triangulaire de couleur \u00a0Orange Gris Jaune\u00a0et Bleu - Constitu\u00e9 de 5 Perles\u00a0de diam\u00e8tres 22 mm mont\u00e9es sur collier N\u00e9opr\u00e8ne noir longueur 42cm","og_url":"https:\/\/www.stephaneolivier.eu\/en\/product\/triango-07\/","og_site_name":"St\u00e9phane OLIVIER","og_image":[{"width":1080,"height":720,"url":"https:\/\/www.stephaneolivier.eu\/wp-content\/uploads\/2022\/01\/1x1_064A9581__Stephane_OLIVIER.jpg","type":"image\/jpeg"}],"twitter_card":"summary_large_image","schema":{"@context":"https:\/\/schema.org","@graph":[{"@type":"WebPage","@id":"https:\/\/www.stephaneolivier.eu\/produit\/triango-07\/","url":"https:\/\/www.stephaneolivier.eu\/produit\/triango-07\/","name":"Triango-07 - St\u00e9phane OLIVIER","isPartOf":{"@id":"https:\/\/www.stephaneolivier.eu\/#website"},"datePublished":"2022-01-05T14:25:44+00:00","dateModified":"2022-01-05T14:25:44+00:00","description":"Collier perles de verre opaques \u00a0\u00e0 motifs triangulaire de couleur \u00a0Orange Gris Jaune\u00a0et Bleu - Constitu\u00e9 de 5 Perles\u00a0de diam\u00e8tres 22 mm mont\u00e9es sur collier N\u00e9opr\u00e8ne noir longueur 42cm","breadcrumb":{"@id":"https:\/\/www.stephaneolivier.eu\/produit\/triango-07\/#breadcrumb"},"inLanguage":"en-US","potentialAction":[{"@type":"ReadAction","target":["https:\/\/www.stephaneolivier.eu\/produit\/triango-07\/"]}]},{"@type":"BreadcrumbList","@id":"https:\/\/www.stephaneolivier.eu\/produit\/triango-07\/#breadcrumb","itemListElement":[{"@type":"ListItem","position":1,"name":"Accueil","item":"https:\/\/www.stephaneolivier.eu\/"},{"@type":"ListItem","position":2,"name":"Boutique","item":"https:\/\/www.stephaneolivier.eu\/boutique\/"},{"@type":"ListItem","position":3,"name":"Triango-07"}]},{"@type":"WebSite","@id":"https:\/\/www.stephaneolivier.eu\/#website","url":"https:\/\/www.stephaneolivier.eu\/","name":"St\u00e9phane OLIVIER Glass Jewelry","description":"Artisanat d&#039;art - Bijoux en verre et argent","publisher":{"@id":"https:\/\/www.stephaneolivier.eu\/#organization"},"potentialAction":[{"@type":"SearchAction","target":{"@type":"EntryPoint","urlTemplate":"https:\/\/www.stephaneolivier.eu\/?s={search_term_string}"},"query-input":"required name=search_term_string"}],"inLanguage":"en-US"},{"@type":"Organization","@id":"https:\/\/www.stephaneolivier.eu\/#organization","name":"St\u00e9phane OLIVIER","url":"https:\/\/www.stephaneolivier.eu\/","logo":{"@type":"ImageObject","inLanguage":"en-US","@id":"https:\/\/www.stephaneolivier.eu\/#\/schema\/logo\/image\/","url":"https:\/\/www.stephaneolivier.eu\/wp-content\/uploads\/2020\/03\/1x1_IMG_2591_Stendhal-1_Stephane_OLIVIER.jpg","contentUrl":"https:\/\/www.stephaneolivier.eu\/wp-content\/uploads\/2020\/03\/1x1_IMG_2591_Stendhal-1_Stephane_OLIVIER.jpg","width":1024,"height":1024,"caption":"St\u00e9phane OLIVIER"},"image":{"@id":"https:\/\/www.stephaneolivier.eu\/#\/schema\/logo\/image\/"},"sameAs":["https:\/\/www.instagram.com\/stephane_olivier_beads\/","https:\/\/www.pinterest.fr\/stphaneo\/"]}]}},"_links":{"self":[{"href":"https:\/\/www.stephaneolivier.eu\/en\/wp-json\/wp\/v2\/product\/2356"}],"collection":[{"href":"https:\/\/www.stephaneolivier.eu\/en\/wp-json\/wp\/v2\/product"}],"about":[{"href":"https:\/\/www.stephaneolivier.eu\/en\/wp-json\/wp\/v2\/types\/product"}],"wp:featuredmedia":[{"embeddable":true,"href":"https:\/\/www.stephaneolivier.eu\/en\/wp-json\/wp\/v2\/media\/2355"}],"wp:attachment":[{"href":"https:\/\/www.stephaneolivier.eu\/en\/wp-json\/wp\/v2\/media?parent=2356"}],"wp:term":[{"taxonomy":"product_cat","embeddable":true,"href":"https:\/\/www.stephaneolivier.eu\/en\/wp-json\/wp\/v2\/product_cat?post=2356"},{"taxonomy":"product_tag","embeddable":true,"href":"https:\/\/www.stephaneolivier.eu\/en\/wp-json\/wp\/v2\/product_tag?post=2356"}],"curies":[{"name":"wp","href":"https:\/\/api.w.org\/{rel}","templated":true}]}}