{"id":2416,"date":"2022-01-05T19:00:29","date_gmt":"2022-01-05T18:00:29","guid":{"rendered":"https:\/\/www.stephaneolivier.eu\/?post_type=product&#038;p=2416"},"modified":"2022-01-05T19:00:29","modified_gmt":"2022-01-05T18:00:29","slug":"vodka-15","status":"publish","type":"product","link":"https:\/\/www.stephaneolivier.eu\/en\/product\/vodka-15\/","title":{"rendered":"Vodka-15"},"content":{"rendered":"<p class=\" translation-block\"><strong>Glass bead necklace<\/strong> of <strong>Murano<\/strong> transparent color <strong>Green<\/strong><\/p>\n<p class=\" translation-block\"><strong>cubic bead<\/strong> <strong>16 mm<\/strong> mounted on <strong>black neoprene collar<\/strong> length <strong>42cm<\/strong><\/p>\n<p class=\" translation-block\">Buckle closure and small <b>Green<\/b> bead (detail image of the closure is not contractual)<\/p>\n<p class=\" translation-block\">Weight <strong>8g<\/strong><\/p>","protected":false},"excerpt":{"rendered":"<p>Collier de perle de verre\u00a0de Murano transparente \u00a0de couleur\u00a0Verte perle cubique\u00a0de 16 mm de cot\u00e9 mont\u00e9es sur collier N\u00e9opr\u00e8ne noir longueur 42cm Fermeture par boucle et petite perle de\u00a0Verte\u00a0(image du detail de la fermeture non contractuelle) Poids 8g<\/p>","protected":false},"featured_media":2409,"template":"","meta":{"_mi_skip_tracking":false,"_monsterinsights_sitenote_active":false,"_monsterinsights_sitenote_note":"","_monsterinsights_sitenote_category":0,"_vp_format_video_url":"","_vp_image_focal_point":[]},"product_cat":[155,154],"product_tag":[],"yoast_head":"<!-- This site is optimized with the Yoast SEO plugin v20.12 - https:\/\/yoast.com\/wordpress\/plugins\/seo\/ -->\n<title>Vodka-15 - St\u00e9phane OLIVIER<\/title>\n<meta name=\"description\" content=\"Collier de perle de verre\u00a0de Murano transparente \u00a0de couleur\u00a0Verte - perle cubique\u00a0de 16 mm de cot\u00e9 mont\u00e9es sur collier N\u00e9opr\u00e8ne noir longueur 42cm\" \/>\n<meta name=\"robots\" content=\"index, follow, max-snippet:-1, max-image-preview:large, max-video-preview:-1\" \/>\n<link rel=\"canonical\" href=\"https:\/\/www.stephaneolivier.eu\/en\/product\/vodka-15\/\" \/>\n<meta property=\"og:locale\" content=\"en_US\" \/>\n<meta property=\"og:type\" content=\"article\" \/>\n<meta property=\"og:title\" content=\"Vodka-15 - St\u00e9phane OLIVIER\" \/>\n<meta property=\"og:description\" content=\"Collier de perle de verre\u00a0de Murano transparente \u00a0de couleur\u00a0Verte - perle cubique\u00a0de 16 mm de cot\u00e9 mont\u00e9es sur collier N\u00e9opr\u00e8ne noir longueur 42cm\" \/>\n<meta property=\"og:url\" content=\"https:\/\/www.stephaneolivier.eu\/en\/product\/vodka-15\/\" \/>\n<meta property=\"og:site_name\" content=\"St\u00e9phane OLIVIER\" \/>\n<meta property=\"og:image\" content=\"https:\/\/www.stephaneolivier.eu\/wp-content\/uploads\/2022\/01\/1x1_064A3778_Vodka-15_Stephane_OLIVIER.jpg\" \/>\n\t<meta property=\"og:image:width\" content=\"1080\" \/>\n\t<meta property=\"og:image:height\" content=\"1080\" \/>\n\t<meta property=\"og:image:type\" content=\"image\/jpeg\" \/>\n<meta name=\"twitter:card\" content=\"summary_large_image\" \/>\n<meta name=\"twitter:label1\" content=\"Est. reading time\" \/>\n\t<meta name=\"twitter:data1\" content=\"1 minute\" \/>\n<script type=\"application\/ld+json\" class=\"yoast-schema-graph\">{\"@context\":\"https:\/\/schema.org\",\"@graph\":[{\"@type\":\"WebPage\",\"@id\":\"https:\/\/www.stephaneolivier.eu\/produit\/vodka-15\/\",\"url\":\"https:\/\/www.stephaneolivier.eu\/produit\/vodka-15\/\",\"name\":\"Vodka-15 - St\u00e9phane OLIVIER\",\"isPartOf\":{\"@id\":\"https:\/\/www.stephaneolivier.eu\/#website\"},\"datePublished\":\"2022-01-05T18:00:29+00:00\",\"dateModified\":\"2022-01-05T18:00:29+00:00\",\"description\":\"Collier de perle de verre\u00a0de Murano transparente \u00a0de couleur\u00a0Verte - perle cubique\u00a0de 16 mm de cot\u00e9 mont\u00e9es sur collier N\u00e9opr\u00e8ne noir longueur 42cm\",\"breadcrumb\":{\"@id\":\"https:\/\/www.stephaneolivier.eu\/produit\/vodka-15\/#breadcrumb\"},\"inLanguage\":\"en-US\",\"potentialAction\":[{\"@type\":\"ReadAction\",\"target\":[\"https:\/\/www.stephaneolivier.eu\/produit\/vodka-15\/\"]}]},{\"@type\":\"BreadcrumbList\",\"@id\":\"https:\/\/www.stephaneolivier.eu\/produit\/vodka-15\/#breadcrumb\",\"itemListElement\":[{\"@type\":\"ListItem\",\"position\":1,\"name\":\"Accueil\",\"item\":\"https:\/\/www.stephaneolivier.eu\/\"},{\"@type\":\"ListItem\",\"position\":2,\"name\":\"Boutique\",\"item\":\"https:\/\/www.stephaneolivier.eu\/boutique\/\"},{\"@type\":\"ListItem\",\"position\":3,\"name\":\"Vodka-15\"}]},{\"@type\":\"WebSite\",\"@id\":\"https:\/\/www.stephaneolivier.eu\/#website\",\"url\":\"https:\/\/www.stephaneolivier.eu\/\",\"name\":\"St\u00e9phane OLIVIER Glass Jewelry\",\"description\":\"Artisanat d&#039;art - Bijoux en verre et argent\",\"publisher\":{\"@id\":\"https:\/\/www.stephaneolivier.eu\/#organization\"},\"potentialAction\":[{\"@type\":\"SearchAction\",\"target\":{\"@type\":\"EntryPoint\",\"urlTemplate\":\"https:\/\/www.stephaneolivier.eu\/?s={search_term_string}\"},\"query-input\":\"required name=search_term_string\"}],\"inLanguage\":\"en-US\"},{\"@type\":\"Organization\",\"@id\":\"https:\/\/www.stephaneolivier.eu\/#organization\",\"name\":\"St\u00e9phane OLIVIER\",\"url\":\"https:\/\/www.stephaneolivier.eu\/\",\"logo\":{\"@type\":\"ImageObject\",\"inLanguage\":\"en-US\",\"@id\":\"https:\/\/www.stephaneolivier.eu\/#\/schema\/logo\/image\/\",\"url\":\"https:\/\/www.stephaneolivier.eu\/wp-content\/uploads\/2020\/03\/1x1_IMG_2591_Stendhal-1_Stephane_OLIVIER.jpg\",\"contentUrl\":\"https:\/\/www.stephaneolivier.eu\/wp-content\/uploads\/2020\/03\/1x1_IMG_2591_Stendhal-1_Stephane_OLIVIER.jpg\",\"width\":1024,\"height\":1024,\"caption\":\"St\u00e9phane OLIVIER\"},\"image\":{\"@id\":\"https:\/\/www.stephaneolivier.eu\/#\/schema\/logo\/image\/\"},\"sameAs\":[\"https:\/\/www.instagram.com\/stephane_olivier_beads\/\",\"https:\/\/www.pinterest.fr\/stphaneo\/\"]}]}<\/script>\n<!-- \/ Yoast SEO plugin. -->","yoast_head_json":{"title":"Vodka-15 - St\u00e9phane OLIVIER","description":"Collier de perle de verre\u00a0de Murano transparente \u00a0de couleur\u00a0Verte - perle cubique\u00a0de 16 mm de cot\u00e9 mont\u00e9es sur collier N\u00e9opr\u00e8ne noir longueur 42cm","robots":{"index":"index","follow":"follow","max-snippet":"max-snippet:-1","max-image-preview":"max-image-preview:large","max-video-preview":"max-video-preview:-1"},"canonical":"https:\/\/www.stephaneolivier.eu\/en\/product\/vodka-15\/","og_locale":"en_US","og_type":"article","og_title":"Vodka-15 - St\u00e9phane OLIVIER","og_description":"Collier de perle de verre\u00a0de Murano transparente \u00a0de couleur\u00a0Verte - perle cubique\u00a0de 16 mm de cot\u00e9 mont\u00e9es sur collier N\u00e9opr\u00e8ne noir longueur 42cm","og_url":"https:\/\/www.stephaneolivier.eu\/en\/product\/vodka-15\/","og_site_name":"St\u00e9phane OLIVIER","og_image":[{"width":1080,"height":1080,"url":"https:\/\/www.stephaneolivier.eu\/wp-content\/uploads\/2022\/01\/1x1_064A3778_Vodka-15_Stephane_OLIVIER.jpg","type":"image\/jpeg"}],"twitter_card":"summary_large_image","twitter_misc":{"Est. reading time":"1 minute"},"schema":{"@context":"https:\/\/schema.org","@graph":[{"@type":"WebPage","@id":"https:\/\/www.stephaneolivier.eu\/produit\/vodka-15\/","url":"https:\/\/www.stephaneolivier.eu\/produit\/vodka-15\/","name":"Vodka-15 - St\u00e9phane OLIVIER","isPartOf":{"@id":"https:\/\/www.stephaneolivier.eu\/#website"},"datePublished":"2022-01-05T18:00:29+00:00","dateModified":"2022-01-05T18:00:29+00:00","description":"Collier de perle de verre\u00a0de Murano transparente \u00a0de couleur\u00a0Verte - perle cubique\u00a0de 16 mm de cot\u00e9 mont\u00e9es sur collier N\u00e9opr\u00e8ne noir longueur 42cm","breadcrumb":{"@id":"https:\/\/www.stephaneolivier.eu\/produit\/vodka-15\/#breadcrumb"},"inLanguage":"en-US","potentialAction":[{"@type":"ReadAction","target":["https:\/\/www.stephaneolivier.eu\/produit\/vodka-15\/"]}]},{"@type":"BreadcrumbList","@id":"https:\/\/www.stephaneolivier.eu\/produit\/vodka-15\/#breadcrumb","itemListElement":[{"@type":"ListItem","position":1,"name":"Accueil","item":"https:\/\/www.stephaneolivier.eu\/"},{"@type":"ListItem","position":2,"name":"Boutique","item":"https:\/\/www.stephaneolivier.eu\/boutique\/"},{"@type":"ListItem","position":3,"name":"Vodka-15"}]},{"@type":"WebSite","@id":"https:\/\/www.stephaneolivier.eu\/#website","url":"https:\/\/www.stephaneolivier.eu\/","name":"St\u00e9phane OLIVIER Glass Jewelry","description":"Artisanat d&#039;art - Bijoux en verre et argent","publisher":{"@id":"https:\/\/www.stephaneolivier.eu\/#organization"},"potentialAction":[{"@type":"SearchAction","target":{"@type":"EntryPoint","urlTemplate":"https:\/\/www.stephaneolivier.eu\/?s={search_term_string}"},"query-input":"required name=search_term_string"}],"inLanguage":"en-US"},{"@type":"Organization","@id":"https:\/\/www.stephaneolivier.eu\/#organization","name":"St\u00e9phane OLIVIER","url":"https:\/\/www.stephaneolivier.eu\/","logo":{"@type":"ImageObject","inLanguage":"en-US","@id":"https:\/\/www.stephaneolivier.eu\/#\/schema\/logo\/image\/","url":"https:\/\/www.stephaneolivier.eu\/wp-content\/uploads\/2020\/03\/1x1_IMG_2591_Stendhal-1_Stephane_OLIVIER.jpg","contentUrl":"https:\/\/www.stephaneolivier.eu\/wp-content\/uploads\/2020\/03\/1x1_IMG_2591_Stendhal-1_Stephane_OLIVIER.jpg","width":1024,"height":1024,"caption":"St\u00e9phane OLIVIER"},"image":{"@id":"https:\/\/www.stephaneolivier.eu\/#\/schema\/logo\/image\/"},"sameAs":["https:\/\/www.instagram.com\/stephane_olivier_beads\/","https:\/\/www.pinterest.fr\/stphaneo\/"]}]}},"_links":{"self":[{"href":"https:\/\/www.stephaneolivier.eu\/en\/wp-json\/wp\/v2\/product\/2416"}],"collection":[{"href":"https:\/\/www.stephaneolivier.eu\/en\/wp-json\/wp\/v2\/product"}],"about":[{"href":"https:\/\/www.stephaneolivier.eu\/en\/wp-json\/wp\/v2\/types\/product"}],"wp:featuredmedia":[{"embeddable":true,"href":"https:\/\/www.stephaneolivier.eu\/en\/wp-json\/wp\/v2\/media\/2409"}],"wp:attachment":[{"href":"https:\/\/www.stephaneolivier.eu\/en\/wp-json\/wp\/v2\/media?parent=2416"}],"wp:term":[{"taxonomy":"product_cat","embeddable":true,"href":"https:\/\/www.stephaneolivier.eu\/en\/wp-json\/wp\/v2\/product_cat?post=2416"},{"taxonomy":"product_tag","embeddable":true,"href":"https:\/\/www.stephaneolivier.eu\/en\/wp-json\/wp\/v2\/product_tag?post=2416"}],"curies":[{"name":"wp","href":"https:\/\/api.w.org\/{rel}","templated":true}]}}