{"id":2886,"date":"2022-04-14T18:18:05","date_gmt":"2022-04-14T16:18:05","guid":{"rendered":"https:\/\/www.stephaneolivier.eu\/?post_type=product&#038;p=2886"},"modified":"2022-04-20T13:45:40","modified_gmt":"2022-04-20T11:45:40","slug":"liberty-03-2","status":"publish","type":"product","link":"https:\/\/www.stephaneolivier.eu\/en\/product\/liberty-03-2\/","title":{"rendered":"Liberty-03"},"content":{"rendered":"<p class=\" translation-block\"><strong>Necklace<\/strong> in <strong>blown glass bead<\/strong>, made from opaque  <strong>murrines Blue, Green and Red<\/strong><\/p>\n<p class=\" translation-block\">mounted on <strong>Silver cable wire<\/strong> length <strong>44cm<\/strong><\/p>\n<p class=\" translation-block\">System of <strong>bayonet closure<\/strong> (see detail of the closure)<\/p>\n<p class=\" translation-block\">Pearl diameter <strong> 22mm<\/strong>.<\/p>\n<p class=\" translation-block\">Weight <strong>8g<\/strong><\/p>","protected":false},"excerpt":{"rendered":"<p>Collier\u00a0en \u00a0perle de verre\u00a0souffl\u00e9e, r\u00e9alis\u00e9e \u00e0 partir de murrines opaque de couleur Bleue \u00a0vert et Rouge mont\u00e9e sur fil c\u00e2bl\u00e9 Argent\u00e9\u00a0longueur 44cm Syst\u00e8me de fermeture \u00e0 ba\u00efonnette \u00a0(voir detail de la fermeture) Diam\u00e8tre de la perle 22mm. Poids 8g<\/p>","protected":false},"featured_media":2885,"template":"","meta":{"_mi_skip_tracking":false,"_monsterinsights_sitenote_active":false,"_monsterinsights_sitenote_note":"","_monsterinsights_sitenote_category":0,"_vp_format_video_url":"","_vp_image_focal_point":[]},"product_cat":[155,152,164],"product_tag":[175],"yoast_head":"<!-- This site is optimized with the Yoast SEO plugin v20.12 - https:\/\/yoast.com\/wordpress\/plugins\/seo\/ -->\n<title>Liberty-03 - St\u00e9phane OLIVIER<\/title>\n<meta name=\"robots\" content=\"index, follow, max-snippet:-1, max-image-preview:large, max-video-preview:-1\" \/>\n<link rel=\"canonical\" href=\"https:\/\/www.stephaneolivier.eu\/en\/product\/liberty-03-2\/\" \/>\n<meta property=\"og:locale\" content=\"en_US\" \/>\n<meta property=\"og:type\" content=\"article\" \/>\n<meta property=\"og:title\" content=\"Liberty-03 - St\u00e9phane OLIVIER\" \/>\n<meta property=\"og:description\" content=\"Collier\u00a0en \u00a0perle de verre\u00a0souffl\u00e9e, r\u00e9alis\u00e9e \u00e0 partir de murrines opaque de couleur Bleue \u00a0vert et Rouge mont\u00e9e sur fil c\u00e2bl\u00e9 Argent\u00e9\u00a0longueur 44cm Syst\u00e8me de fermeture \u00e0 ba\u00efonnette \u00a0(voir detail de la fermeture) Diam\u00e8tre de la perle 22mm. Poids 8g\" \/>\n<meta property=\"og:url\" content=\"https:\/\/www.stephaneolivier.eu\/en\/product\/liberty-03-2\/\" \/>\n<meta property=\"og:site_name\" content=\"St\u00e9phane OLIVIER\" \/>\n<meta property=\"article:modified_time\" content=\"2022-04-20T11:45:40+00:00\" \/>\n<meta property=\"og:image\" content=\"https:\/\/www.stephaneolivier.eu\/wp-content\/uploads\/2022\/04\/1x1_064A1510_Liberty-3_Stephane_OLIVIER-1.jpg\" \/>\n\t<meta property=\"og:image:width\" content=\"1024\" \/>\n\t<meta property=\"og:image:height\" content=\"1024\" \/>\n\t<meta property=\"og:image:type\" content=\"image\/jpeg\" \/>\n<meta name=\"twitter:card\" content=\"summary_large_image\" \/>\n<meta name=\"twitter:label1\" content=\"Est. reading time\" \/>\n\t<meta name=\"twitter:data1\" content=\"1 minute\" \/>\n<script type=\"application\/ld+json\" class=\"yoast-schema-graph\">{\"@context\":\"https:\/\/schema.org\",\"@graph\":[{\"@type\":\"WebPage\",\"@id\":\"https:\/\/www.stephaneolivier.eu\/produit\/liberty-03-2\/\",\"url\":\"https:\/\/www.stephaneolivier.eu\/produit\/liberty-03-2\/\",\"name\":\"Liberty-03 - St\u00e9phane OLIVIER\",\"isPartOf\":{\"@id\":\"https:\/\/www.stephaneolivier.eu\/#website\"},\"datePublished\":\"2022-04-14T16:18:05+00:00\",\"dateModified\":\"2022-04-20T11:45:40+00:00\",\"breadcrumb\":{\"@id\":\"https:\/\/www.stephaneolivier.eu\/produit\/liberty-03-2\/#breadcrumb\"},\"inLanguage\":\"en-US\",\"potentialAction\":[{\"@type\":\"ReadAction\",\"target\":[\"https:\/\/www.stephaneolivier.eu\/produit\/liberty-03-2\/\"]}]},{\"@type\":\"BreadcrumbList\",\"@id\":\"https:\/\/www.stephaneolivier.eu\/produit\/liberty-03-2\/#breadcrumb\",\"itemListElement\":[{\"@type\":\"ListItem\",\"position\":1,\"name\":\"Accueil\",\"item\":\"https:\/\/www.stephaneolivier.eu\/\"},{\"@type\":\"ListItem\",\"position\":2,\"name\":\"Boutique\",\"item\":\"https:\/\/www.stephaneolivier.eu\/boutique\/\"},{\"@type\":\"ListItem\",\"position\":3,\"name\":\"Liberty-03\"}]},{\"@type\":\"WebSite\",\"@id\":\"https:\/\/www.stephaneolivier.eu\/#website\",\"url\":\"https:\/\/www.stephaneolivier.eu\/\",\"name\":\"St\u00e9phane OLIVIER Glass Jewelry\",\"description\":\"Artisanat d&#039;art - Bijoux en verre et argent\",\"publisher\":{\"@id\":\"https:\/\/www.stephaneolivier.eu\/#organization\"},\"potentialAction\":[{\"@type\":\"SearchAction\",\"target\":{\"@type\":\"EntryPoint\",\"urlTemplate\":\"https:\/\/www.stephaneolivier.eu\/?s={search_term_string}\"},\"query-input\":\"required name=search_term_string\"}],\"inLanguage\":\"en-US\"},{\"@type\":\"Organization\",\"@id\":\"https:\/\/www.stephaneolivier.eu\/#organization\",\"name\":\"St\u00e9phane OLIVIER\",\"url\":\"https:\/\/www.stephaneolivier.eu\/\",\"logo\":{\"@type\":\"ImageObject\",\"inLanguage\":\"en-US\",\"@id\":\"https:\/\/www.stephaneolivier.eu\/#\/schema\/logo\/image\/\",\"url\":\"https:\/\/www.stephaneolivier.eu\/wp-content\/uploads\/2020\/03\/1x1_IMG_2591_Stendhal-1_Stephane_OLIVIER.jpg\",\"contentUrl\":\"https:\/\/www.stephaneolivier.eu\/wp-content\/uploads\/2020\/03\/1x1_IMG_2591_Stendhal-1_Stephane_OLIVIER.jpg\",\"width\":1024,\"height\":1024,\"caption\":\"St\u00e9phane OLIVIER\"},\"image\":{\"@id\":\"https:\/\/www.stephaneolivier.eu\/#\/schema\/logo\/image\/\"},\"sameAs\":[\"https:\/\/www.instagram.com\/stephane_olivier_beads\/\",\"https:\/\/www.pinterest.fr\/stphaneo\/\"]}]}<\/script>\n<!-- \/ Yoast SEO plugin. -->","yoast_head_json":{"title":"Liberty-03 - St\u00e9phane OLIVIER","robots":{"index":"index","follow":"follow","max-snippet":"max-snippet:-1","max-image-preview":"max-image-preview:large","max-video-preview":"max-video-preview:-1"},"canonical":"https:\/\/www.stephaneolivier.eu\/en\/product\/liberty-03-2\/","og_locale":"en_US","og_type":"article","og_title":"Liberty-03 - St\u00e9phane OLIVIER","og_description":"Collier\u00a0en \u00a0perle de verre\u00a0souffl\u00e9e, r\u00e9alis\u00e9e \u00e0 partir de murrines opaque de couleur Bleue \u00a0vert et Rouge mont\u00e9e sur fil c\u00e2bl\u00e9 Argent\u00e9\u00a0longueur 44cm Syst\u00e8me de fermeture \u00e0 ba\u00efonnette \u00a0(voir detail de la fermeture) Diam\u00e8tre de la perle 22mm. Poids 8g","og_url":"https:\/\/www.stephaneolivier.eu\/en\/product\/liberty-03-2\/","og_site_name":"St\u00e9phane OLIVIER","article_modified_time":"2022-04-20T11:45:40+00:00","og_image":[{"width":1024,"height":1024,"url":"https:\/\/www.stephaneolivier.eu\/wp-content\/uploads\/2022\/04\/1x1_064A1510_Liberty-3_Stephane_OLIVIER-1.jpg","type":"image\/jpeg"}],"twitter_card":"summary_large_image","twitter_misc":{"Est. reading time":"1 minute"},"schema":{"@context":"https:\/\/schema.org","@graph":[{"@type":"WebPage","@id":"https:\/\/www.stephaneolivier.eu\/produit\/liberty-03-2\/","url":"https:\/\/www.stephaneolivier.eu\/produit\/liberty-03-2\/","name":"Liberty-03 - St\u00e9phane OLIVIER","isPartOf":{"@id":"https:\/\/www.stephaneolivier.eu\/#website"},"datePublished":"2022-04-14T16:18:05+00:00","dateModified":"2022-04-20T11:45:40+00:00","breadcrumb":{"@id":"https:\/\/www.stephaneolivier.eu\/produit\/liberty-03-2\/#breadcrumb"},"inLanguage":"en-US","potentialAction":[{"@type":"ReadAction","target":["https:\/\/www.stephaneolivier.eu\/produit\/liberty-03-2\/"]}]},{"@type":"BreadcrumbList","@id":"https:\/\/www.stephaneolivier.eu\/produit\/liberty-03-2\/#breadcrumb","itemListElement":[{"@type":"ListItem","position":1,"name":"Accueil","item":"https:\/\/www.stephaneolivier.eu\/"},{"@type":"ListItem","position":2,"name":"Boutique","item":"https:\/\/www.stephaneolivier.eu\/boutique\/"},{"@type":"ListItem","position":3,"name":"Liberty-03"}]},{"@type":"WebSite","@id":"https:\/\/www.stephaneolivier.eu\/#website","url":"https:\/\/www.stephaneolivier.eu\/","name":"St\u00e9phane OLIVIER Glass Jewelry","description":"Artisanat d&#039;art - Bijoux en verre et argent","publisher":{"@id":"https:\/\/www.stephaneolivier.eu\/#organization"},"potentialAction":[{"@type":"SearchAction","target":{"@type":"EntryPoint","urlTemplate":"https:\/\/www.stephaneolivier.eu\/?s={search_term_string}"},"query-input":"required name=search_term_string"}],"inLanguage":"en-US"},{"@type":"Organization","@id":"https:\/\/www.stephaneolivier.eu\/#organization","name":"St\u00e9phane OLIVIER","url":"https:\/\/www.stephaneolivier.eu\/","logo":{"@type":"ImageObject","inLanguage":"en-US","@id":"https:\/\/www.stephaneolivier.eu\/#\/schema\/logo\/image\/","url":"https:\/\/www.stephaneolivier.eu\/wp-content\/uploads\/2020\/03\/1x1_IMG_2591_Stendhal-1_Stephane_OLIVIER.jpg","contentUrl":"https:\/\/www.stephaneolivier.eu\/wp-content\/uploads\/2020\/03\/1x1_IMG_2591_Stendhal-1_Stephane_OLIVIER.jpg","width":1024,"height":1024,"caption":"St\u00e9phane OLIVIER"},"image":{"@id":"https:\/\/www.stephaneolivier.eu\/#\/schema\/logo\/image\/"},"sameAs":["https:\/\/www.instagram.com\/stephane_olivier_beads\/","https:\/\/www.pinterest.fr\/stphaneo\/"]}]}},"_links":{"self":[{"href":"https:\/\/www.stephaneolivier.eu\/en\/wp-json\/wp\/v2\/product\/2886"}],"collection":[{"href":"https:\/\/www.stephaneolivier.eu\/en\/wp-json\/wp\/v2\/product"}],"about":[{"href":"https:\/\/www.stephaneolivier.eu\/en\/wp-json\/wp\/v2\/types\/product"}],"wp:featuredmedia":[{"embeddable":true,"href":"https:\/\/www.stephaneolivier.eu\/en\/wp-json\/wp\/v2\/media\/2885"}],"wp:attachment":[{"href":"https:\/\/www.stephaneolivier.eu\/en\/wp-json\/wp\/v2\/media?parent=2886"}],"wp:term":[{"taxonomy":"product_cat","embeddable":true,"href":"https:\/\/www.stephaneolivier.eu\/en\/wp-json\/wp\/v2\/product_cat?post=2886"},{"taxonomy":"product_tag","embeddable":true,"href":"https:\/\/www.stephaneolivier.eu\/en\/wp-json\/wp\/v2\/product_tag?post=2886"}],"curies":[{"name":"wp","href":"https:\/\/api.w.org\/{rel}","templated":true}]}}