{"id":2921,"date":"2022-04-14T22:57:47","date_gmt":"2022-04-14T20:57:47","guid":{"rendered":"https:\/\/www.stephaneolivier.eu\/?post_type=product&#038;p=2921"},"modified":"2022-04-14T23:05:42","modified_gmt":"2022-04-14T21:05:42","slug":"mim-04","status":"publish","type":"product","link":"https:\/\/www.stephaneolivier.eu\/en\/product\/mim-04\/","title":{"rendered":"Mim-04"},"content":{"rendered":"<p class=\" translation-block\"><strong>Oval transparent glass bubble<\/strong> in <strong>Blue<\/strong> color, with blue dots mounted on <strong>silver cable wire<\/strong> length <strong>44cm<\/strong><\/p>\n<p class=\" translation-block\">System of <strong>bayonet closure<\/strong> (see detail of the closure)<\/p>\n<p class=\" translation-block\">Pearl diameter <strong>15mm<\/strong> width<strong>35mm<\/strong>. Weight <strong>7g<\/strong><\/p>","protected":false},"excerpt":{"rendered":"<p>Bulle de verre transparente ovale de couleur Bleu, avec points bleus\u00a0mont\u00e9e sur fil c\u00e2bl\u00e9 argent\u00e9 longueur 44cm Syst\u00e8me de fermeture \u00e0 ba\u00efonnette \u00a0(voir detail de la fermeture) Diam\u00e8tre de la perle 15mm largeur 35mm. \u00a0 \u00a0Poids 7g<\/p>","protected":false},"featured_media":1974,"template":"","meta":{"_mi_skip_tracking":false,"_monsterinsights_sitenote_active":false,"_monsterinsights_sitenote_note":"","_monsterinsights_sitenote_category":0,"_vp_format_video_url":"","_vp_image_focal_point":[]},"product_cat":[155,152],"product_tag":[64],"yoast_head":"<!-- This site is optimized with the Yoast SEO plugin v20.12 - https:\/\/yoast.com\/wordpress\/plugins\/seo\/ -->\n<title>Mim-04 - St\u00e9phane OLIVIER<\/title>\n<meta name=\"robots\" content=\"index, follow, max-snippet:-1, max-image-preview:large, max-video-preview:-1\" \/>\n<link rel=\"canonical\" href=\"https:\/\/www.stephaneolivier.eu\/en\/product\/mim-04\/\" \/>\n<meta property=\"og:locale\" content=\"en_US\" \/>\n<meta property=\"og:type\" content=\"article\" \/>\n<meta property=\"og:title\" content=\"Mim-04 - St\u00e9phane OLIVIER\" \/>\n<meta property=\"og:description\" content=\"Bulle de verre transparente ovale de couleur Bleu, avec points bleus\u00a0mont\u00e9e sur fil c\u00e2bl\u00e9 argent\u00e9 longueur 44cm Syst\u00e8me de fermeture \u00e0 ba\u00efonnette \u00a0(voir detail de la fermeture) Diam\u00e8tre de la perle 15mm largeur 35mm. \u00a0 \u00a0Poids 7g\" \/>\n<meta property=\"og:url\" content=\"https:\/\/www.stephaneolivier.eu\/en\/product\/mim-04\/\" \/>\n<meta property=\"og:site_name\" content=\"St\u00e9phane OLIVIER\" \/>\n<meta property=\"article:modified_time\" content=\"2022-04-14T21:05:42+00:00\" \/>\n<meta property=\"og:image\" content=\"https:\/\/www.stephaneolivier.eu\/wp-content\/uploads\/2021\/07\/1x1_064A1516_Mim-4_Stephane_OLIVIER.jpg\" \/>\n\t<meta property=\"og:image:width\" content=\"1024\" \/>\n\t<meta property=\"og:image:height\" content=\"1024\" \/>\n\t<meta property=\"og:image:type\" content=\"image\/jpeg\" \/>\n<meta name=\"twitter:card\" content=\"summary_large_image\" \/>\n<meta name=\"twitter:label1\" content=\"Est. reading time\" \/>\n\t<meta name=\"twitter:data1\" content=\"1 minute\" \/>\n<script type=\"application\/ld+json\" class=\"yoast-schema-graph\">{\"@context\":\"https:\/\/schema.org\",\"@graph\":[{\"@type\":\"WebPage\",\"@id\":\"https:\/\/www.stephaneolivier.eu\/produit\/mim-04\/\",\"url\":\"https:\/\/www.stephaneolivier.eu\/produit\/mim-04\/\",\"name\":\"Mim-04 - St\u00e9phane OLIVIER\",\"isPartOf\":{\"@id\":\"https:\/\/www.stephaneolivier.eu\/#website\"},\"datePublished\":\"2022-04-14T20:57:47+00:00\",\"dateModified\":\"2022-04-14T21:05:42+00:00\",\"breadcrumb\":{\"@id\":\"https:\/\/www.stephaneolivier.eu\/produit\/mim-04\/#breadcrumb\"},\"inLanguage\":\"en-US\",\"potentialAction\":[{\"@type\":\"ReadAction\",\"target\":[\"https:\/\/www.stephaneolivier.eu\/produit\/mim-04\/\"]}]},{\"@type\":\"BreadcrumbList\",\"@id\":\"https:\/\/www.stephaneolivier.eu\/produit\/mim-04\/#breadcrumb\",\"itemListElement\":[{\"@type\":\"ListItem\",\"position\":1,\"name\":\"Accueil\",\"item\":\"https:\/\/www.stephaneolivier.eu\/\"},{\"@type\":\"ListItem\",\"position\":2,\"name\":\"Boutique\",\"item\":\"https:\/\/www.stephaneolivier.eu\/boutique\/\"},{\"@type\":\"ListItem\",\"position\":3,\"name\":\"Mim-04\"}]},{\"@type\":\"WebSite\",\"@id\":\"https:\/\/www.stephaneolivier.eu\/#website\",\"url\":\"https:\/\/www.stephaneolivier.eu\/\",\"name\":\"St\u00e9phane OLIVIER Glass Jewelry\",\"description\":\"Artisanat d&#039;art - Bijoux en verre et argent\",\"publisher\":{\"@id\":\"https:\/\/www.stephaneolivier.eu\/#organization\"},\"potentialAction\":[{\"@type\":\"SearchAction\",\"target\":{\"@type\":\"EntryPoint\",\"urlTemplate\":\"https:\/\/www.stephaneolivier.eu\/?s={search_term_string}\"},\"query-input\":\"required name=search_term_string\"}],\"inLanguage\":\"en-US\"},{\"@type\":\"Organization\",\"@id\":\"https:\/\/www.stephaneolivier.eu\/#organization\",\"name\":\"St\u00e9phane OLIVIER\",\"url\":\"https:\/\/www.stephaneolivier.eu\/\",\"logo\":{\"@type\":\"ImageObject\",\"inLanguage\":\"en-US\",\"@id\":\"https:\/\/www.stephaneolivier.eu\/#\/schema\/logo\/image\/\",\"url\":\"https:\/\/www.stephaneolivier.eu\/wp-content\/uploads\/2020\/03\/1x1_IMG_2591_Stendhal-1_Stephane_OLIVIER.jpg\",\"contentUrl\":\"https:\/\/www.stephaneolivier.eu\/wp-content\/uploads\/2020\/03\/1x1_IMG_2591_Stendhal-1_Stephane_OLIVIER.jpg\",\"width\":1024,\"height\":1024,\"caption\":\"St\u00e9phane OLIVIER\"},\"image\":{\"@id\":\"https:\/\/www.stephaneolivier.eu\/#\/schema\/logo\/image\/\"},\"sameAs\":[\"https:\/\/www.instagram.com\/stephane_olivier_beads\/\",\"https:\/\/www.pinterest.fr\/stphaneo\/\"]}]}<\/script>\n<!-- \/ Yoast SEO plugin. -->","yoast_head_json":{"title":"Mim-04 - St\u00e9phane OLIVIER","robots":{"index":"index","follow":"follow","max-snippet":"max-snippet:-1","max-image-preview":"max-image-preview:large","max-video-preview":"max-video-preview:-1"},"canonical":"https:\/\/www.stephaneolivier.eu\/en\/product\/mim-04\/","og_locale":"en_US","og_type":"article","og_title":"Mim-04 - St\u00e9phane OLIVIER","og_description":"Bulle de verre transparente ovale de couleur Bleu, avec points bleus\u00a0mont\u00e9e sur fil c\u00e2bl\u00e9 argent\u00e9 longueur 44cm Syst\u00e8me de fermeture \u00e0 ba\u00efonnette \u00a0(voir detail de la fermeture) Diam\u00e8tre de la perle 15mm largeur 35mm. \u00a0 \u00a0Poids 7g","og_url":"https:\/\/www.stephaneolivier.eu\/en\/product\/mim-04\/","og_site_name":"St\u00e9phane OLIVIER","article_modified_time":"2022-04-14T21:05:42+00:00","og_image":[{"width":1024,"height":1024,"url":"https:\/\/www.stephaneolivier.eu\/wp-content\/uploads\/2021\/07\/1x1_064A1516_Mim-4_Stephane_OLIVIER.jpg","type":"image\/jpeg"}],"twitter_card":"summary_large_image","twitter_misc":{"Est. reading time":"1 minute"},"schema":{"@context":"https:\/\/schema.org","@graph":[{"@type":"WebPage","@id":"https:\/\/www.stephaneolivier.eu\/produit\/mim-04\/","url":"https:\/\/www.stephaneolivier.eu\/produit\/mim-04\/","name":"Mim-04 - St\u00e9phane OLIVIER","isPartOf":{"@id":"https:\/\/www.stephaneolivier.eu\/#website"},"datePublished":"2022-04-14T20:57:47+00:00","dateModified":"2022-04-14T21:05:42+00:00","breadcrumb":{"@id":"https:\/\/www.stephaneolivier.eu\/produit\/mim-04\/#breadcrumb"},"inLanguage":"en-US","potentialAction":[{"@type":"ReadAction","target":["https:\/\/www.stephaneolivier.eu\/produit\/mim-04\/"]}]},{"@type":"BreadcrumbList","@id":"https:\/\/www.stephaneolivier.eu\/produit\/mim-04\/#breadcrumb","itemListElement":[{"@type":"ListItem","position":1,"name":"Accueil","item":"https:\/\/www.stephaneolivier.eu\/"},{"@type":"ListItem","position":2,"name":"Boutique","item":"https:\/\/www.stephaneolivier.eu\/boutique\/"},{"@type":"ListItem","position":3,"name":"Mim-04"}]},{"@type":"WebSite","@id":"https:\/\/www.stephaneolivier.eu\/#website","url":"https:\/\/www.stephaneolivier.eu\/","name":"St\u00e9phane OLIVIER Glass Jewelry","description":"Artisanat d&#039;art - Bijoux en verre et argent","publisher":{"@id":"https:\/\/www.stephaneolivier.eu\/#organization"},"potentialAction":[{"@type":"SearchAction","target":{"@type":"EntryPoint","urlTemplate":"https:\/\/www.stephaneolivier.eu\/?s={search_term_string}"},"query-input":"required name=search_term_string"}],"inLanguage":"en-US"},{"@type":"Organization","@id":"https:\/\/www.stephaneolivier.eu\/#organization","name":"St\u00e9phane OLIVIER","url":"https:\/\/www.stephaneolivier.eu\/","logo":{"@type":"ImageObject","inLanguage":"en-US","@id":"https:\/\/www.stephaneolivier.eu\/#\/schema\/logo\/image\/","url":"https:\/\/www.stephaneolivier.eu\/wp-content\/uploads\/2020\/03\/1x1_IMG_2591_Stendhal-1_Stephane_OLIVIER.jpg","contentUrl":"https:\/\/www.stephaneolivier.eu\/wp-content\/uploads\/2020\/03\/1x1_IMG_2591_Stendhal-1_Stephane_OLIVIER.jpg","width":1024,"height":1024,"caption":"St\u00e9phane OLIVIER"},"image":{"@id":"https:\/\/www.stephaneolivier.eu\/#\/schema\/logo\/image\/"},"sameAs":["https:\/\/www.instagram.com\/stephane_olivier_beads\/","https:\/\/www.pinterest.fr\/stphaneo\/"]}]}},"_links":{"self":[{"href":"https:\/\/www.stephaneolivier.eu\/en\/wp-json\/wp\/v2\/product\/2921"}],"collection":[{"href":"https:\/\/www.stephaneolivier.eu\/en\/wp-json\/wp\/v2\/product"}],"about":[{"href":"https:\/\/www.stephaneolivier.eu\/en\/wp-json\/wp\/v2\/types\/product"}],"wp:featuredmedia":[{"embeddable":true,"href":"https:\/\/www.stephaneolivier.eu\/en\/wp-json\/wp\/v2\/media\/1974"}],"wp:attachment":[{"href":"https:\/\/www.stephaneolivier.eu\/en\/wp-json\/wp\/v2\/media?parent=2921"}],"wp:term":[{"taxonomy":"product_cat","embeddable":true,"href":"https:\/\/www.stephaneolivier.eu\/en\/wp-json\/wp\/v2\/product_cat?post=2921"},{"taxonomy":"product_tag","embeddable":true,"href":"https:\/\/www.stephaneolivier.eu\/en\/wp-json\/wp\/v2\/product_tag?post=2921"}],"curies":[{"name":"wp","href":"https:\/\/api.w.org\/{rel}","templated":true}]}}